{"id":2808,"date":"2017-08-17T17:55:33","date_gmt":"2017-08-17T20:55:33","guid":{"rendered":"https:\/\/www.kimarca.com.br\/site\/?post_type=product&#038;p=2808"},"modified":"2024-11-03T23:40:54","modified_gmt":"2024-11-04T02:40:54","slug":"suporte-limpa-tudo-lt","status":"publish","type":"product","link":"https:\/\/www.kimarca.com.br\/site\/produto\/suporte-limpa-tudo-lt\/","title":{"rendered":"Suporte Limpa Tudo &#8211; LT"},"content":{"rendered":"<div class=\"vc_tta-container\" data-vc-action=\"collapse\">\n<div class=\"vc_general vc_tta vc_tta-tabs vc_tta-o-shape-group vc_tta-tabs-position-top \">\n<div class=\"vc_tta-panels-container\">\n<div class=\"vc_tta-panels\">\n<div id=\"1458228299806-0b58c500-4352\" class=\"vc_tta-panel vc_active\" data-vc-content=\".vc_tta-panel-body\">\n<div class=\"vc_tta-panel-body\">\n<div class=\"wpb_text_column wpb_content_element  vc_custom_1471620056042\">\n<div class=\"wpb_wrapper\">\n<h4>SUPORTE LIMPA TUDO EURO<\/h4>\n<p>Suportes para utiliza\u00e7\u00e3o de fibras abrasivas de limpeza. Com jun\u00e7\u00e3o articulada, pode ser utilizado em pisos, paredes e diversas superf\u00edcies. Quando utilizado com cabo, alcan\u00e7a \u00e1reas em alturas de at\u00e9 9 metros e previne acidentes com andaimes e escadas Permitem limpar qualquer tipo de superf\u00edcie com facilidade e efici\u00eancia em fun\u00e7\u00e3o da articula\u00e7\u00e3o no suporte. Produzidos em 4 cores, podem ser identificadas por \u00e1rea de utiliza\u00e7\u00e3o evitando a transfer\u00eancia de contamina\u00e7\u00f5es entre ambientes. Indicados cabos de 22 mm a 25 mm.<\/p>\n<p>&nbsp;<\/p>\n<h4>SUPORTE LIMPA TUDO ROSCA<\/h4>\n<p>Sistema de fixa\u00e7\u00e3o do cabo atrav\u00e9s de rosca universal. Com jun\u00e7\u00e3o articulada, pode ser utilizado em pisos, paredes e diversas superf\u00edcies. Indicados os cabos 24 mm \u2013 CR140 e 22 mm CE140.<\/p>\n<p>&nbsp;<\/p>\n<h4>SUPORTE LIMPA TUDO MOLA-TRAVA<\/h4>\n<p>Sistema de fixa\u00e7\u00e3o do cabo atrav\u00e9s de mola e trava. Com jun\u00e7\u00e3o articulada, pode ser utilizado em pisos, paredes e diversas superf\u00edcies. Indicado o cabo 22 mm \u2013 CM140<\/p>\n<\/div>\n<\/div>\n<\/div>\n<\/div>\n<\/div>\n<\/div>\n<\/div>\n<\/div>\n<p>&nbsp;<\/p>\n","protected":false},"excerpt":{"rendered":"<p>SUPORTE LIMPA TUDO EURO Suportes para utiliza\u00e7\u00e3o de fibras abrasivas de limpeza. Com jun\u00e7\u00e3o articulada, [&hellip;]<\/p>\n","protected":false},"featured_media":2809,"comment_status":"closed","ping_status":"closed","template":"","meta":[],"product_brand":[],"product_cat":[260,286],"product_tag":[],"class_list":{"0":"post-2808","1":"product","2":"type-product","3":"status-publish","4":"has-post-thumbnail","6":"product_cat-extensoes-e-partes","7":"product_cat-hastes","9":"first","10":"instock","11":"shipping-taxable","12":"product-type-simple"},"_links":{"self":[{"href":"https:\/\/www.kimarca.com.br\/site\/wp-json\/wp\/v2\/product\/2808","targetHints":{"allow":["GET"]}}],"collection":[{"href":"https:\/\/www.kimarca.com.br\/site\/wp-json\/wp\/v2\/product"}],"about":[{"href":"https:\/\/www.kimarca.com.br\/site\/wp-json\/wp\/v2\/types\/product"}],"replies":[{"embeddable":true,"href":"https:\/\/www.kimarca.com.br\/site\/wp-json\/wp\/v2\/comments?post=2808"}],"wp:featuredmedia":[{"embeddable":true,"href":"https:\/\/www.kimarca.com.br\/site\/wp-json\/wp\/v2\/media\/2809"}],"wp:attachment":[{"href":"https:\/\/www.kimarca.com.br\/site\/wp-json\/wp\/v2\/media?parent=2808"}],"wp:term":[{"taxonomy":"product_brand","embeddable":true,"href":"https:\/\/www.kimarca.com.br\/site\/wp-json\/wp\/v2\/product_brand?post=2808"},{"taxonomy":"product_cat","embeddable":true,"href":"https:\/\/www.kimarca.com.br\/site\/wp-json\/wp\/v2\/product_cat?post=2808"},{"taxonomy":"product_tag","embeddable":true,"href":"https:\/\/www.kimarca.com.br\/site\/wp-json\/wp\/v2\/product_tag?post=2808"}],"curies":[{"name":"wp","href":"https:\/\/api.w.org\/{rel}","templated":true}]}}