{"id":2806,"date":"2017-08-17T17:53:56","date_gmt":"2017-08-17T20:53:56","guid":{"rendered":"https:\/\/www.kimarca.com.br\/site\/?post_type=product&#038;p=2806"},"modified":"2024-11-03T23:40:54","modified_gmt":"2024-11-04T02:40:54","slug":"suporte-limpa-tudo-e-escova-manual","status":"publish","type":"product","link":"https:\/\/www.kimarca.com.br\/site\/produto\/suporte-limpa-tudo-e-escova-manual\/","title":{"rendered":"Suporte Limpa Tudo e Escova Manual"},"content":{"rendered":"<p>Confeccionado em polipropileno este produto \u00e9 dur\u00e1vel\u00a0 e \u00e9 um aliado para\u00a0 a limpeza de superf\u00edcies, sem prejudicar suas m\u00e3os, pois seu cabo anat\u00f4mico ajuda no seu manuseio livrando as m\u00e3os de sofrerem um machucado ou de entrarem com contato com produtos qu\u00edmicos no momento da limpeza.<\/p>\n<p>O Suporte Manual para Fibras possui ganchos de fixa\u00e7\u00e3o\u00a0 que n\u00e3o soltam as fibras enquanto a limpeza \u00e9 efetuada e assim, ele pode ser utilizado em diversos\u00a0 ambientes e superf\u00edcies como: bancadas, paredes, pias e etc.<\/p>\n<table width=\"323\">\n<tbody>\n<tr>\n<td><\/td>\n<td colspan=\"2\"><\/td>\n<\/tr>\n<tr>\n<td>\n<h5>COR<\/h5>\n<\/td>\n<td>\n<h5>SUPORTE MANUAL<\/h5>\n<\/td>\n<\/tr>\n<tr>\n<td>Amarelo<\/td>\n<td>MVSM32AM<\/td>\n<\/tr>\n<tr>\n<td>Azul<\/td>\n<td>MVSM302<\/td>\n<\/tr>\n<tr>\n<td>Verde<\/td>\n<td>MVSM32VD<\/td>\n<\/tr>\n<tr>\n<td>Vermelho<\/td>\n<td>MVSM32VM<\/td>\n<\/tr>\n<\/tbody>\n<\/table>\n<table border=\"0\" width=\"505\" cellspacing=\"0\" cellpadding=\"0\">\n<tbody>\n<tr>\n<td width=\"64\">Largura<\/td>\n<td width=\"64\">Altura<\/td>\n<td width=\"85\">Embalagem<\/td>\n<td width=\"64\">Peso Unit\u00e1rio<\/td>\n<\/tr>\n<tr>\n<td>12 cm<\/td>\n<td>9 cm<\/td>\n<td>6 unidades<\/td>\n<td>0,060 kg<\/td>\n<\/tr>\n<\/tbody>\n<\/table>\n","protected":false},"excerpt":{"rendered":"<p>Confeccionado em polipropileno este produto \u00e9 dur\u00e1vel\u00a0 e \u00e9 um aliado para\u00a0 a limpeza de [&hellip;]<\/p>\n","protected":false},"featured_media":2807,"comment_status":"closed","ping_status":"closed","template":"","meta":[],"product_brand":[],"product_cat":[282,260],"product_tag":[],"class_list":{"0":"post-2806","1":"product","2":"type-product","3":"status-publish","4":"has-post-thumbnail","6":"product_cat-escovas","7":"product_cat-extensoes-e-partes","9":"first","10":"instock","11":"shipping-taxable","12":"product-type-simple"},"_links":{"self":[{"href":"https:\/\/www.kimarca.com.br\/site\/wp-json\/wp\/v2\/product\/2806","targetHints":{"allow":["GET"]}}],"collection":[{"href":"https:\/\/www.kimarca.com.br\/site\/wp-json\/wp\/v2\/product"}],"about":[{"href":"https:\/\/www.kimarca.com.br\/site\/wp-json\/wp\/v2\/types\/product"}],"replies":[{"embeddable":true,"href":"https:\/\/www.kimarca.com.br\/site\/wp-json\/wp\/v2\/comments?post=2806"}],"wp:featuredmedia":[{"embeddable":true,"href":"https:\/\/www.kimarca.com.br\/site\/wp-json\/wp\/v2\/media\/2807"}],"wp:attachment":[{"href":"https:\/\/www.kimarca.com.br\/site\/wp-json\/wp\/v2\/media?parent=2806"}],"wp:term":[{"taxonomy":"product_brand","embeddable":true,"href":"https:\/\/www.kimarca.com.br\/site\/wp-json\/wp\/v2\/product_brand?post=2806"},{"taxonomy":"product_cat","embeddable":true,"href":"https:\/\/www.kimarca.com.br\/site\/wp-json\/wp\/v2\/product_cat?post=2806"},{"taxonomy":"product_tag","embeddable":true,"href":"https:\/\/www.kimarca.com.br\/site\/wp-json\/wp\/v2\/product_tag?post=2806"}],"curies":[{"name":"wp","href":"https:\/\/api.w.org\/{rel}","templated":true}]}}