{"id":2804,"date":"2017-08-17T17:51:55","date_gmt":"2017-08-17T20:51:55","guid":{"rendered":"https:\/\/www.kimarca.com.br\/site\/?post_type=product&#038;p=2804"},"modified":"2024-11-03T23:40:54","modified_gmt":"2024-11-04T02:40:54","slug":"fibras-abrasivas","status":"publish","type":"product","link":"https:\/\/www.kimarca.com.br\/site\/produto\/fibras-abrasivas\/","title":{"rendered":"Fibras Abrasivas esponja"},"content":{"rendered":"<div class=\"vc_tta-container\" data-vc-action=\"collapse\">\n<div class=\"vc_general vc_tta vc_tta-tabs vc_tta-o-shape-group vc_tta-tabs-position-top \">\n<div class=\"vc_tta-panels-container\">\n<div class=\"vc_tta-panels\">\n<div id=\"1458228299806-0b58c500-4352\" class=\"vc_tta-panel vc_active\" data-vc-content=\".vc_tta-panel-body\">\n<div class=\"vc_tta-panel-body\">\n<div class=\"wpb_text_column wpb_content_element vc_custom_1465583009079\">\n<div class=\"wpb_wrapper\">\n<p>Produto \u00e0 base de fibras sint\u00e9ticas e mineral abrasivo, unidos por resina \u00e0 prova d\u2019\u00e1gua.\u00a0 Produzidas dentro de modernos padr\u00f5es tecnol\u00f3gicos, podem ser usadas em diversas aplica\u00e7\u00f5es desde a \u00e1rea gastron\u00f4mica at\u00e9 a limpeza pesada de pisos e paredes.<br \/>\nDe acordo com a Vigil\u00e2ncia Sanit\u00e1ria, substituem com sucesso as l\u00e3s de a\u00e7o, pois n\u00e3o soltam res\u00edduos que contaminam alimentos e ambientes, sendo muito mais eficientes para a realiza\u00e7\u00e3o da limpeza.<\/p>\n<h4>Limpeza Uso Geral:<\/h4>\n<p>Indicada para limpeza geral de utens\u00edlios, equipamentos, pisos e outras superf\u00edcies de maneira eficaz.<\/p>\n<h4>Macia \u2013 Branca:<\/h4>\n<p>Limpa sem riscar, protegendo a apar\u00eancia original das superf\u00edcies delicadas como azulejos, porcelanas, f\u00f3rmicas, vidros, metais inoxid\u00e1veis, esmaltados e cromados.<\/p>\n<h4>Limpeza Pesada:<\/h4>\n<p>Indicada para a remo\u00e7\u00e3o de crostas de panelas ou para a limpeza de final de obra onde se encontram res\u00edduos mais resistentes.<\/p>\n<h4>Esponjas Dupla Face:<\/h4>\n<p>Indispens\u00e1veis na limpeza , possuem um lado macio e outro abrasivo para proporcionar maior facilidade na limpeza de diversos tipos de materiais e superf\u00edcies.<\/p>\n<h4>Limpeza Ultra Pesada:<\/h4>\n<p>Possui abrasivos que retiram sujidades e crostas de panel\u00f5es, churrasqueiras, grelhas e chapas de fritura.<\/p>\n<\/div>\n<\/div>\n<\/div>\n<\/div>\n<\/div>\n<\/div>\n<\/div>\n<\/div>\n<p>&nbsp;<\/p>\n","protected":false},"excerpt":{"rendered":"<p>Produto \u00e0 base de fibras sint\u00e9ticas e mineral abrasivo, unidos por resina \u00e0 prova d\u2019\u00e1gua.\u00a0 [&hellip;]<\/p>\n","protected":false},"featured_media":2805,"comment_status":"closed","ping_status":"closed","template":"","meta":[],"product_brand":[],"product_cat":[287,252],"product_tag":[],"class_list":{"0":"post-2804","1":"product","2":"type-product","3":"status-publish","4":"has-post-thumbnail","6":"product_cat-fibras-abrasivas-para-limpeza","7":"product_cat-suportes-e-fibras","9":"first","10":"instock","11":"shipping-taxable","12":"product-type-simple"},"_links":{"self":[{"href":"https:\/\/www.kimarca.com.br\/site\/wp-json\/wp\/v2\/product\/2804","targetHints":{"allow":["GET"]}}],"collection":[{"href":"https:\/\/www.kimarca.com.br\/site\/wp-json\/wp\/v2\/product"}],"about":[{"href":"https:\/\/www.kimarca.com.br\/site\/wp-json\/wp\/v2\/types\/product"}],"replies":[{"embeddable":true,"href":"https:\/\/www.kimarca.com.br\/site\/wp-json\/wp\/v2\/comments?post=2804"}],"wp:featuredmedia":[{"embeddable":true,"href":"https:\/\/www.kimarca.com.br\/site\/wp-json\/wp\/v2\/media\/2805"}],"wp:attachment":[{"href":"https:\/\/www.kimarca.com.br\/site\/wp-json\/wp\/v2\/media?parent=2804"}],"wp:term":[{"taxonomy":"product_brand","embeddable":true,"href":"https:\/\/www.kimarca.com.br\/site\/wp-json\/wp\/v2\/product_brand?post=2804"},{"taxonomy":"product_cat","embeddable":true,"href":"https:\/\/www.kimarca.com.br\/site\/wp-json\/wp\/v2\/product_cat?post=2804"},{"taxonomy":"product_tag","embeddable":true,"href":"https:\/\/www.kimarca.com.br\/site\/wp-json\/wp\/v2\/product_tag?post=2804"}],"curies":[{"name":"wp","href":"https:\/\/api.w.org\/{rel}","templated":true}]}}