{"id":2802,"date":"2017-08-17T17:49:04","date_gmt":"2017-08-17T20:49:04","guid":{"rendered":"https:\/\/www.kimarca.com.br\/site\/?post_type=product&#038;p=2802"},"modified":"2024-11-03T23:40:54","modified_gmt":"2024-11-04T02:40:54","slug":"suporte-limpa-tudo-escova-manual","status":"publish","type":"product","link":"https:\/\/www.kimarca.com.br\/site\/produto\/suporte-limpa-tudo-escova-manual\/","title":{"rendered":"Suporte Limpa Tudo &#8211; Escova Manual"},"content":{"rendered":"<div class=\"vc_tta-container\" data-vc-action=\"collapse\">\n<div class=\"vc_general vc_tta vc_tta-tabs vc_tta-o-shape-group vc_tta-tabs-position-top \">\n<div class=\"vc_tta-panels-container\">\n<div class=\"vc_tta-panels\">\n<div id=\"1458228299806-0b58c500-4352\" class=\"vc_tta-panel vc_active\" data-vc-content=\".vc_tta-panel-body\">\n<div class=\"vc_tta-panel-body\">\n<div class=\"wpb_text_column wpb_content_element  vc_custom_1465588808174\">\n<div class=\"wpb_wrapper\">\n<p>Este equipamento \u00e9 muito resistente e suas cerdas macias efetuam a remo\u00e7\u00e3o de sujidades com facilidade e sem danificar as \u00e1reas a serem limpas.<\/p>\n<p>Seu cabo anat\u00f4mico ajuda no seu manuseio, livrando as m\u00e3os de sofrerem um machucado ou de entrarem com contato com produtos qu\u00edmicos.<\/p>\n<p>Vers\u00e1til,\u00a0 o Suporte Manual Escova Cerdas Macias pode ser utilizado em limpeza de panelas, coifas, grelhas; superf\u00edcies como: bancadas, pias, azulejos, paredes e at\u00e9 a lavagem de tecidos.<\/p>\n<p>Dur\u00e1vel e confeccionado com cerdas de nylon de alta resist\u00eancia, voc\u00ea tem um equipamento eficiente para a limpeza di\u00e1ria de sua casa ou escrit\u00f3rio.<\/p>\n<\/div>\n<\/div>\n<\/div>\n<\/div>\n<\/div>\n<\/div>\n<\/div>\n<\/div>\n<div class=\"vc_tta-container\" data-vc-action=\"collapse\">\n<div class=\"vc_general vc_tta vc_tta-tabs vc_tta-o-shape-group vc_tta-tabs-position-top \">\n<div class=\"vc_tta-panels-container\">\n<div class=\"vc_tta-panels\">\n<div id=\"1458228299852-90634618-e399\" class=\"vc_tta-panel vc_active\" data-vc-content=\".vc_tta-panel-body\">\n<div class=\"vc_tta-panel-body\">\n<div class=\"wpb_text_column wpb_content_element \">\n<div class=\"wpb_wrapper\">\n<table width=\"323\">\n<tbody>\n<tr>\n<td>\n<h5>COR<\/h5>\n<\/td>\n<td>\n<h5>SUPORTE ESCOVA<\/h5>\n<\/td>\n<td><\/td>\n<\/tr>\n<tr>\n<td>Amarelo<\/td>\n<td>MVES02AM<\/td>\n<\/tr>\n<tr>\n<td>Azul<\/td>\n<td>MVES02AZ<\/td>\n<\/tr>\n<tr>\n<td>Verde<\/td>\n<td>MVES02VD<\/td>\n<\/tr>\n<tr>\n<td>Vermelho<\/td>\n<td>MVES02VM<\/td>\n<\/tr>\n<\/tbody>\n<\/table>\n<table border=\"0\" width=\"505\" cellspacing=\"0\" cellpadding=\"0\">\n<tbody>\n<tr>\n<td width=\"64\">Comp.<\/td>\n<td width=\"64\">Largura<\/td>\n<td width=\"85\">Embalagem<\/td>\n<td width=\"64\">Peso<\/td>\n<\/tr>\n<tr>\n<td>12 \u00a0cm<\/td>\n<td>9 cm<\/td>\n<td>3 unidades<\/td>\n<td>0,060 kg<\/td>\n<\/tr>\n<\/tbody>\n<\/table>\n<\/div>\n<\/div>\n<\/div>\n<\/div>\n<\/div>\n<\/div>\n<\/div>\n<\/div>\n<p>&nbsp;<\/p>\n","protected":false},"excerpt":{"rendered":"<p>Este equipamento \u00e9 muito resistente e suas cerdas macias efetuam a remo\u00e7\u00e3o de sujidades com [&hellip;]<\/p>\n","protected":false},"featured_media":2803,"comment_status":"closed","ping_status":"closed","template":"","meta":[],"product_brand":[],"product_cat":[282,260],"product_tag":[],"class_list":{"0":"post-2802","1":"product","2":"type-product","3":"status-publish","4":"has-post-thumbnail","6":"product_cat-escovas","7":"product_cat-extensoes-e-partes","9":"first","10":"instock","11":"shipping-taxable","12":"product-type-simple"},"_links":{"self":[{"href":"https:\/\/www.kimarca.com.br\/site\/wp-json\/wp\/v2\/product\/2802","targetHints":{"allow":["GET"]}}],"collection":[{"href":"https:\/\/www.kimarca.com.br\/site\/wp-json\/wp\/v2\/product"}],"about":[{"href":"https:\/\/www.kimarca.com.br\/site\/wp-json\/wp\/v2\/types\/product"}],"replies":[{"embeddable":true,"href":"https:\/\/www.kimarca.com.br\/site\/wp-json\/wp\/v2\/comments?post=2802"}],"wp:featuredmedia":[{"embeddable":true,"href":"https:\/\/www.kimarca.com.br\/site\/wp-json\/wp\/v2\/media\/2803"}],"wp:attachment":[{"href":"https:\/\/www.kimarca.com.br\/site\/wp-json\/wp\/v2\/media?parent=2802"}],"wp:term":[{"taxonomy":"product_brand","embeddable":true,"href":"https:\/\/www.kimarca.com.br\/site\/wp-json\/wp\/v2\/product_brand?post=2802"},{"taxonomy":"product_cat","embeddable":true,"href":"https:\/\/www.kimarca.com.br\/site\/wp-json\/wp\/v2\/product_cat?post=2802"},{"taxonomy":"product_tag","embeddable":true,"href":"https:\/\/www.kimarca.com.br\/site\/wp-json\/wp\/v2\/product_tag?post=2802"}],"curies":[{"name":"wp","href":"https:\/\/api.w.org\/{rel}","templated":true}]}}