{"id":2799,"date":"2017-08-17T17:47:52","date_gmt":"2017-08-17T20:47:52","guid":{"rendered":"https:\/\/www.kimarca.com.br\/site\/?post_type=product&#038;p=2799"},"modified":"2024-11-03T23:40:54","modified_gmt":"2024-11-04T02:40:54","slug":"suporte-limpa-tudo-escova","status":"publish","type":"product","link":"https:\/\/www.kimarca.com.br\/site\/produto\/suporte-limpa-tudo-escova\/","title":{"rendered":"Suporte Limpa Tudo Escova"},"content":{"rendered":"<div class=\"vc_tta-container\" data-vc-action=\"collapse\">\n<div class=\"vc_general vc_tta vc_tta-tabs vc_tta-o-shape-group vc_tta-tabs-position-top \">\n<div class=\"vc_tta-panels-container\">\n<div class=\"vc_tta-panels\">\n<div id=\"1458228299806-0b58c500-4352\" class=\"vc_tta-panel vc_active\" data-vc-content=\".vc_tta-panel-body\">\n<div class=\"vc_tta-panel-body\">\n<div class=\"wpb_text_column wpb_content_element  vc_custom_1471618152289\">\n<div class=\"wpb_wrapper\">\n<p>Fabricadas em Polietileno ultra resistente, estes equipamentos foram desenvolvidos para limpeza pesada em locais com acabamentos r\u00fasticos, tais como pedras, pisos irregulares, limpeza de rejuntes, bordas de piscina, e outros locais onde as fibras n\u00e3o t\u00eam efic\u00e1cia.<\/p>\n<p>Suas resistentes cerdas de nylon tem alto poder de remo\u00e7\u00e3o de sujidades e podem ser usadas para remo\u00e7\u00e3o de restos de cimentos, oleosidades e outros.<\/p>\n<p>S\u00e3o resistentes \u00e0 produtos qu\u00edmicos agressivos.<\/p>\n<h4>VEJA O QUADRO ABAIXO COM OUTRAS DETALHES DOS PRODUTOS<\/h4>\n<\/div>\n<\/div>\n<\/div>\n<\/div>\n<\/div>\n<\/div>\n<\/div>\n<\/div>\n<div class=\"vc_tta-container\" data-vc-action=\"collapse\">\n<div class=\"vc_general vc_tta vc_tta-tabs vc_tta-o-shape-group vc_tta-tabs-position-top \">\n<div class=\"vc_tta-panels-container\">\n<div class=\"vc_tta-panels\">\n<div id=\"1458228299852-90634618-e399\" class=\"vc_tta-panel vc_active\" data-vc-content=\".vc_tta-panel-body\">\n<div class=\"vc_tta-panel-body\">\n<div class=\"wpb_text_column wpb_content_element \">\n<div class=\"wpb_wrapper\">\n<h4>SUPORTE LIMPA TUDO ESCOVA<\/h4>\n<table width=\"323\">\n<tbody>\n<tr>\n<td><\/td>\n<td colspan=\"2\"><\/td>\n<\/tr>\n<tr>\n<td>\n<h5>COR<\/h5>\n<\/td>\n<td>\n<h5>PESADA<\/h5>\n<\/td>\n<td>\n<h5>MACIA<\/h5>\n<\/td>\n<\/tr>\n<tr>\n<td>Amarelo<\/td>\n<td>MVSE60AM<\/td>\n<td>MVSE70AM<\/td>\n<\/tr>\n<tr>\n<td>Azul<\/td>\n<td>MVSE60AZ<\/td>\n<td>MVSE70AZ<\/td>\n<\/tr>\n<tr>\n<td>Verde<\/td>\n<td>MVSE60VD<\/td>\n<td>MVSE70VD<\/td>\n<\/tr>\n<tr>\n<td>Vermelho<\/td>\n<td>MVSE60VM<\/td>\n<td>MVSE70VM<\/td>\n<\/tr>\n<\/tbody>\n<\/table>\n<p>&nbsp;<\/p>\n<table width=\"389\">\n<tbody>\n<tr>\n<td width=\"65\"><strong>Escova<\/strong><\/td>\n<td width=\"65\"><strong>Comp.<\/strong><\/td>\n<td width=\"82\"><strong>Largura\u00a0<\/strong><\/td>\n<td width=\"57\"><strong>Emb.<\/strong><\/td>\n<td width=\"109\"><strong>Peso Unit\u00e1rio<\/strong><\/td>\n<\/tr>\n<tr>\n<td width=\"65\">PESADA<\/td>\n<td width=\"65\">\u00a026 cm<\/td>\n<td width=\"82\">\u00a010 cm<\/td>\n<td width=\"57\">\u00a03 unidades<\/td>\n<td width=\"109\">0,360 Kg<\/td>\n<\/tr>\n<\/tbody>\n<\/table>\n<table width=\"389\">\n<tbody>\n<tr>\n<td width=\"65\">MACIA<\/td>\n<td width=\"65\">\u00a026 cm<\/td>\n<td width=\"82\">\u00a010 cm<\/td>\n<td width=\"57\">\u00a03 unidades<\/td>\n<td width=\"109\">0,350 Kg<\/td>\n<\/tr>\n<\/tbody>\n<\/table>\n<\/div>\n<\/div>\n<\/div>\n<\/div>\n<\/div>\n<\/div>\n<\/div>\n<\/div>\n<p>&nbsp;<\/p>\n","protected":false},"excerpt":{"rendered":"<p>Fabricadas em Polietileno ultra resistente, estes equipamentos foram desenvolvidos para limpeza pesada em locais com [&hellip;]<\/p>\n","protected":false},"featured_media":2801,"comment_status":"closed","ping_status":"closed","template":"","meta":[],"product_brand":[],"product_cat":[282],"product_tag":[],"class_list":{"0":"post-2799","1":"product","2":"type-product","3":"status-publish","4":"has-post-thumbnail","6":"product_cat-escovas","8":"first","9":"instock","10":"shipping-taxable","11":"product-type-simple"},"_links":{"self":[{"href":"https:\/\/www.kimarca.com.br\/site\/wp-json\/wp\/v2\/product\/2799","targetHints":{"allow":["GET"]}}],"collection":[{"href":"https:\/\/www.kimarca.com.br\/site\/wp-json\/wp\/v2\/product"}],"about":[{"href":"https:\/\/www.kimarca.com.br\/site\/wp-json\/wp\/v2\/types\/product"}],"replies":[{"embeddable":true,"href":"https:\/\/www.kimarca.com.br\/site\/wp-json\/wp\/v2\/comments?post=2799"}],"wp:featuredmedia":[{"embeddable":true,"href":"https:\/\/www.kimarca.com.br\/site\/wp-json\/wp\/v2\/media\/2801"}],"wp:attachment":[{"href":"https:\/\/www.kimarca.com.br\/site\/wp-json\/wp\/v2\/media?parent=2799"}],"wp:term":[{"taxonomy":"product_brand","embeddable":true,"href":"https:\/\/www.kimarca.com.br\/site\/wp-json\/wp\/v2\/product_brand?post=2799"},{"taxonomy":"product_cat","embeddable":true,"href":"https:\/\/www.kimarca.com.br\/site\/wp-json\/wp\/v2\/product_cat?post=2799"},{"taxonomy":"product_tag","embeddable":true,"href":"https:\/\/www.kimarca.com.br\/site\/wp-json\/wp\/v2\/product_tag?post=2799"}],"curies":[{"name":"wp","href":"https:\/\/api.w.org\/{rel}","templated":true}]}}