{"id":2795,"date":"2017-08-17T17:42:50","date_gmt":"2017-08-17T20:42:50","guid":{"rendered":"https:\/\/www.kimarca.com.br\/site\/?post_type=product&#038;p=2795"},"modified":"2024-11-03T23:40:54","modified_gmt":"2024-11-04T02:40:54","slug":"cabo-de-aluminio-telescopico","status":"publish","type":"product","link":"https:\/\/www.kimarca.com.br\/site\/produto\/cabo-de-aluminio-telescopico\/","title":{"rendered":"Cabo de Alum\u00ednio Telesc\u00f3pico"},"content":{"rendered":"<div class=\"vc_tta-container\" data-vc-action=\"collapse\">\n<div class=\"vc_general vc_tta vc_tta-tabs vc_tta-o-shape-group vc_tta-tabs-position-top \">\n<div class=\"vc_tta-panels-container\">\n<div class=\"vc_tta-panels\">\n<div id=\"1458228299806-0b58c500-4352\" class=\"vc_tta-panel vc_active\" data-vc-content=\".vc_tta-panel-body\">\n<div class=\"vc_tta-panel-body\">\n<div class=\"wpb_text_column wpb_content_element  vc_custom_1471355481427\">\n<div class=\"wpb_wrapper\">\n<p>O Cabo Telesc\u00f3pico possui\u00a0 manopla para\u00a0 proporcionar\u00a0 ergonomia ao usu\u00e1rio, de qualquer estatura, e apresenta\u00a0comprimento regul\u00e1vel atrav\u00e9s de rosca pl\u00e1stica.<\/p>\n<p>Esse cabo pode ser utilizado com os mais diversos acess\u00f3rios produzidos pela Bralimpia, como os Suporte LT, vassouras, arma\u00e7\u00f5es para MOP P\u00d3, garras para MOP \u00daMIDO entre outros; no aux\u00edlio da limpeza em geral.<\/p>\n<p>Vers\u00e1til, \u00a0este equipamento \u00e9 leve e pode ser transportado com facilidade.<\/p>\n<\/div>\n<\/div>\n<\/div>\n<\/div>\n<\/div>\n<\/div>\n<\/div>\n<\/div>\n<div class=\"vc_tta-container\" data-vc-action=\"collapse\">\n<div class=\"vc_general vc_tta vc_tta-tabs vc_tta-o-shape-group vc_tta-tabs-position-top \">\n<div class=\"vc_tta-panels-container\">\n<div class=\"vc_tta-panels\">\n<div id=\"1458228299852-90634618-e399\" class=\"vc_tta-panel vc_active\" data-vc-content=\".vc_tta-panel-body\">\n<div class=\"vc_tta-panel-body\">\n<div class=\"wpb_text_column wpb_content_element \">\n<div class=\"wpb_wrapper\">\n<h4>Cabo Telesc\u00f3pico \u00a0\u2013 Alcance 1,40 \u00a0\u2013 Di\u00e2metro 22mm<\/h4>\n<div>\n<table width=\"323\">\n<tbody>\n<tr>\n<td colspan=\"2\">\n<h5>\u00a0 Cabo\u00a0\u00a0\u00a0\u00a0\u00a0\u00a0\u00a0\u00a0\u00a0\u00a0 \u00a0 \u00a0 \u00a0 \u00a0 \u00a0 \u00a0 \u00a0 \u00a0\u00a0 \u00a0\u00a0 C\u00f3digos<\/h5>\n<\/td>\n<\/tr>\n<tr>\n<td><strong>COM FURO<br \/>\n<\/strong><\/td>\n<td>C142EF<\/td>\n<td><\/td>\n<\/tr>\n<tr>\n<td><strong>SEM FURO<\/strong><\/td>\n<td>C142ER<\/td>\n<\/tr>\n<\/tbody>\n<\/table>\n<\/div>\n<div>\n<p>&nbsp;<\/p>\n<table width=\"389\">\n<tbody>\n<tr>\n<td width=\"65\">Di\u00e2metro<\/td>\n<td width=\"82\">Altura<\/td>\n<td width=\"57\">Emb.<\/td>\n<td width=\"109\">Peso<\/td>\n<\/tr>\n<tr>\n<td width=\"65\">\u00a022 mm<\/td>\n<td width=\"82\">\u00a01,40 m<\/td>\n<td width=\"57\">\u00a030 UN<\/td>\n<td width=\"109\">0,410 Kg<\/td>\n<\/tr>\n<\/tbody>\n<\/table>\n<\/div>\n<\/div>\n<\/div>\n<\/div>\n<\/div>\n<\/div>\n<\/div>\n<\/div>\n<\/div>\n<p>&nbsp;<\/p>\n","protected":false},"excerpt":{"rendered":"<p>O Cabo Telesc\u00f3pico possui\u00a0 manopla para\u00a0 proporcionar\u00a0 ergonomia ao usu\u00e1rio, de qualquer estatura, e apresenta\u00a0comprimento [&hellip;]<\/p>\n","protected":false},"featured_media":2796,"comment_status":"closed","ping_status":"closed","template":"","meta":[],"product_brand":[],"product_cat":[250,211,260],"product_tag":[],"class_list":{"0":"post-2795","1":"product","2":"type-product","3":"status-publish","4":"has-post-thumbnail","6":"product_cat-cabos","7":"product_cat-acessorios","8":"product_cat-extensoes-e-partes","10":"first","11":"instock","12":"shipping-taxable","13":"product-type-simple"},"_links":{"self":[{"href":"https:\/\/www.kimarca.com.br\/site\/wp-json\/wp\/v2\/product\/2795","targetHints":{"allow":["GET"]}}],"collection":[{"href":"https:\/\/www.kimarca.com.br\/site\/wp-json\/wp\/v2\/product"}],"about":[{"href":"https:\/\/www.kimarca.com.br\/site\/wp-json\/wp\/v2\/types\/product"}],"replies":[{"embeddable":true,"href":"https:\/\/www.kimarca.com.br\/site\/wp-json\/wp\/v2\/comments?post=2795"}],"wp:featuredmedia":[{"embeddable":true,"href":"https:\/\/www.kimarca.com.br\/site\/wp-json\/wp\/v2\/media\/2796"}],"wp:attachment":[{"href":"https:\/\/www.kimarca.com.br\/site\/wp-json\/wp\/v2\/media?parent=2795"}],"wp:term":[{"taxonomy":"product_brand","embeddable":true,"href":"https:\/\/www.kimarca.com.br\/site\/wp-json\/wp\/v2\/product_brand?post=2795"},{"taxonomy":"product_cat","embeddable":true,"href":"https:\/\/www.kimarca.com.br\/site\/wp-json\/wp\/v2\/product_cat?post=2795"},{"taxonomy":"product_tag","embeddable":true,"href":"https:\/\/www.kimarca.com.br\/site\/wp-json\/wp\/v2\/product_tag?post=2795"}],"curies":[{"name":"wp","href":"https:\/\/api.w.org\/{rel}","templated":true}]}}