{"id":2793,"date":"2017-08-17T17:41:51","date_gmt":"2017-08-17T20:41:51","guid":{"rendered":"https:\/\/www.kimarca.com.br\/site\/?post_type=product&#038;p=2793"},"modified":"2024-11-03T23:40:54","modified_gmt":"2024-11-04T02:40:54","slug":"haste-americana","status":"publish","type":"product","link":"https:\/\/www.kimarca.com.br\/site\/produto\/haste-americana\/","title":{"rendered":"Haste Americana"},"content":{"rendered":"<div class=\"vc_tta-container\" data-vc-action=\"collapse\">\n<div class=\"vc_general vc_tta vc_tta-tabs vc_tta-o-shape-group vc_tta-tabs-position-top \">\n<div class=\"vc_tta-panels-container\">\n<div class=\"vc_tta-panels\">\n<div id=\"1458228299806-0b58c500-4352\" class=\"vc_tta-panel vc_active\" data-vc-content=\".vc_tta-panel-body\">\n<div class=\"vc_tta-panel-body\">\n<div class=\"wpb_text_column wpb_content_element vc_custom_1471359464974\">\n<div class=\"wpb_wrapper\">\n<p><strong>A Haste Americana \u00e9 um acess\u00f3rio para fixar o refil de tecido que ser\u00e1 utilizado na\u00a0 limpeza de pisos.<\/strong><\/p>\n<p>\u00c9 produzida em polipropileno ultra resistente com sistema de rosca pl\u00e1stica e trava para maior firmeza na fixa\u00e7\u00e3o do refil e \u00e9\u00a0apresentada em 04 cores: Azul, Vermelho, Amarelo e Verde.<\/p>\n<p>Este acess\u00f3rio deve ser acoplado a um\u00a0<strong>Cabo de Alum\u00ednio<\/strong>,\u00a0 que pode ser fosco ou colorido conforme a sua melhor utiliza\u00e7\u00e3o. Estes cabos recebem uma pintura eletrost\u00e1tica que garantem resist\u00eancia e durabilidade ao produto.<\/p>\n<p>A Haste Americana e o Cabo de Alum\u00ednio ser\u00e3o utilizados em conjunto com o<strong>Balde Espremedor<\/strong>\u00a0para a limpeza de pisos.<\/p>\n<\/div>\n<\/div>\n<\/div>\n<\/div>\n<\/div>\n<\/div>\n<\/div>\n<\/div>\n<div class=\"vc_tta-container\" data-vc-action=\"collapse\">\n<div class=\"vc_general vc_tta vc_tta-tabs vc_tta-o-shape-group vc_tta-tabs-position-top \">\n<div class=\"vc_tta-panels-container\">\n<div class=\"vc_tta-panels\">\n<div id=\"1458228299852-90634618-e399\" class=\"vc_tta-panel vc_active\" data-vc-content=\".vc_tta-panel-body\">\n<div class=\"vc_tta-panel-body\">\n<div class=\"wpb_text_column wpb_content_element \">\n<div class=\"wpb_wrapper\">\n<h4>HASTE AMERICANA = GARRA PL\u00c1STICA + CABO DE ALUM\u00cdNIO<\/h4>\n<table width=\"323\">\n<tbody>\n<tr>\n<td><\/td>\n<td colspan=\"2\"><\/td>\n<\/tr>\n<tr>\n<td>\n<h5>COR<\/h5>\n<\/td>\n<td>\n<h5>CABO COLORIDO<\/h5>\n<\/td>\n<td>\n<h5>CABO FOSCO<\/h5>\n<\/td>\n<\/tr>\n<tr>\n<td>Amarelo<\/td>\n<td>HE20AM<\/td>\n<td>HA200<\/td>\n<\/tr>\n<tr>\n<td>Azul<\/td>\n<td>HE20AZ<\/td>\n<td>HA2FAZ<\/td>\n<\/tr>\n<tr>\n<td>Verd<\/td>\n<td>HE20VD<\/td>\n<td>HA2VD<\/td>\n<\/tr>\n<tr>\n<td>Vermelho<\/td>\n<td>HE20VM<\/td>\n<td>HA2VM<\/td>\n<\/tr>\n<\/tbody>\n<\/table>\n<p>&nbsp;<\/p>\n<table width=\"389\">\n<tbody>\n<tr>\n<td width=\"65\">Compr.<\/td>\n<td width=\"82\">\u00a0Largura<\/td>\n<td width=\"57\">Emb.<\/td>\n<td width=\"109\">Peso<\/td>\n<\/tr>\n<tr>\n<td width=\"65\">\u00a0 1,54 m<\/td>\n<td width=\"82\">\u00a020 cm<\/td>\n<td width=\"57\">12 UN<\/td>\n<td width=\"109\">0,510g<\/td>\n<\/tr>\n<\/tbody>\n<\/table>\n<h4><\/h4>\n<h4>HASTE AMERICANA =\u00a0 GARRA PL\u00c1STICA<\/h4>\n<table width=\"323\">\n<tbody>\n<tr>\n<td><\/td>\n<td colspan=\"2\"><\/td>\n<\/tr>\n<tr>\n<td>\n<h5>COR<\/h5>\n<\/td>\n<td>\n<h5>Garra<\/h5>\n<\/td>\n<\/tr>\n<tr>\n<td>Amarelo<\/td>\n<td>GA200<\/td>\n<\/tr>\n<\/tbody>\n<\/table>\n<\/div>\n<\/div>\n<\/div>\n<\/div>\n<\/div>\n<\/div>\n<\/div>\n<\/div>\n<p>&nbsp;<\/p>\n","protected":false},"excerpt":{"rendered":"<p>A Haste Americana \u00e9 um acess\u00f3rio para fixar o refil de tecido que ser\u00e1 utilizado [&hellip;]<\/p>\n","protected":false},"featured_media":2794,"comment_status":"closed","ping_status":"closed","template":"","meta":[],"product_brand":[],"product_cat":[270,260,286],"product_tag":[],"class_list":{"0":"post-2793","1":"product","2":"type-product","3":"status-publish","4":"has-post-thumbnail","6":"product_cat-conjuntos-completos","7":"product_cat-extensoes-e-partes","8":"product_cat-hastes","10":"first","11":"instock","12":"shipping-taxable","13":"product-type-simple"},"_links":{"self":[{"href":"https:\/\/www.kimarca.com.br\/site\/wp-json\/wp\/v2\/product\/2793","targetHints":{"allow":["GET"]}}],"collection":[{"href":"https:\/\/www.kimarca.com.br\/site\/wp-json\/wp\/v2\/product"}],"about":[{"href":"https:\/\/www.kimarca.com.br\/site\/wp-json\/wp\/v2\/types\/product"}],"replies":[{"embeddable":true,"href":"https:\/\/www.kimarca.com.br\/site\/wp-json\/wp\/v2\/comments?post=2793"}],"wp:featuredmedia":[{"embeddable":true,"href":"https:\/\/www.kimarca.com.br\/site\/wp-json\/wp\/v2\/media\/2794"}],"wp:attachment":[{"href":"https:\/\/www.kimarca.com.br\/site\/wp-json\/wp\/v2\/media?parent=2793"}],"wp:term":[{"taxonomy":"product_brand","embeddable":true,"href":"https:\/\/www.kimarca.com.br\/site\/wp-json\/wp\/v2\/product_brand?post=2793"},{"taxonomy":"product_cat","embeddable":true,"href":"https:\/\/www.kimarca.com.br\/site\/wp-json\/wp\/v2\/product_cat?post=2793"},{"taxonomy":"product_tag","embeddable":true,"href":"https:\/\/www.kimarca.com.br\/site\/wp-json\/wp\/v2\/product_tag?post=2793"}],"curies":[{"name":"wp","href":"https:\/\/api.w.org\/{rel}","templated":true}]}}