{"id":2789,"date":"2017-08-17T17:36:27","date_gmt":"2017-08-17T20:36:27","guid":{"rendered":"https:\/\/www.kimarca.com.br\/site\/?post_type=product&#038;p=2789"},"modified":"2024-11-03T23:40:54","modified_gmt":"2024-11-04T02:40:54","slug":"refis-mops-liquidos","status":"publish","type":"product","link":"https:\/\/www.kimarca.com.br\/site\/produto\/refis-mops-liquidos\/","title":{"rendered":"Refis Mops L\u00edquidos"},"content":{"rendered":"<div class=\"vc_tta-container\" data-vc-action=\"collapse\">\n<div class=\"vc_general vc_tta vc_tta-tabs vc_tta-o-shape-group vc_tta-tabs-position-top \">\n<div class=\"vc_tta-panels-container\">\n<div class=\"vc_tta-panels\">\n<div id=\"1458228299806-0b58c500-4352\" class=\"vc_tta-panel vc_active\" data-vc-content=\".vc_tta-panel-body\">\n<div class=\"vc_tta-panel-body\">\n<div class=\"wpb_text_column wpb_content_element  vc_custom_1496255866645\">\n<div class=\"wpb_wrapper\">\n<h3>Os refis em\u00a0microfibra\u00a0 s\u00e3o indicados para a higieniza\u00e7\u00e3o hospitalar e em geral, pois apresentam excelente absor\u00e7\u00e3o e alto poder para retirar l\u00edquidos.<\/h3>\n<p>Possuem excelente abras\u00e3o e poder de remo\u00e7\u00e3o de sujidades para ambientes como laborat\u00f3rios e hospitalares por n\u00e3o soltarem fiapos devido \u00e0 sua composi\u00e7\u00e3o e fios perfeitamente tramados<\/p>\n<p>Os refis s\u00e3o identificados por cores atrav\u00e9s da barra colorida na parte superior do refil. Esta colora\u00e7\u00e3o diferenciada permite que os refis sejam identificados e utilizados em \u00e1reas diferentes, prevenindo a transfer\u00eancia de contamina\u00e7\u00f5es.<\/p>\n<p>Estes Refis em tecido de microfibra devem ser utilizados apenas com HASTES Americana ou Euro que devem ser acopladas a CABOS DE ALUM\u00cdNIO que auxiliar\u00e3o na limpeza de pisos e em conjunto com o BALDE ESPREMEDOR far\u00e1 a higieniza\u00e7\u00e3o do refil com a\u00a0 remo\u00e7\u00e3o de excesso de l\u00edquido.<\/p>\n<\/div>\n<\/div>\n<\/div>\n<\/div>\n<\/div>\n<\/div>\n<\/div>\n<\/div>\n<p>&nbsp;<\/p>\n","protected":false},"excerpt":{"rendered":"<p>Os refis em\u00a0microfibra\u00a0 s\u00e3o indicados para a higieniza\u00e7\u00e3o hospitalar e em geral, pois apresentam excelente [&hellip;]<\/p>\n","protected":false},"featured_media":2790,"comment_status":"closed","ping_status":"closed","template":"","meta":[],"product_brand":[],"product_cat":[270,211,260,285],"product_tag":[],"class_list":{"0":"post-2789","1":"product","2":"type-product","3":"status-publish","4":"has-post-thumbnail","6":"product_cat-conjuntos-completos","7":"product_cat-acessorios","8":"product_cat-extensoes-e-partes","9":"product_cat-refil-mop","11":"first","12":"instock","13":"shipping-taxable","14":"product-type-simple"},"_links":{"self":[{"href":"https:\/\/www.kimarca.com.br\/site\/wp-json\/wp\/v2\/product\/2789","targetHints":{"allow":["GET"]}}],"collection":[{"href":"https:\/\/www.kimarca.com.br\/site\/wp-json\/wp\/v2\/product"}],"about":[{"href":"https:\/\/www.kimarca.com.br\/site\/wp-json\/wp\/v2\/types\/product"}],"replies":[{"embeddable":true,"href":"https:\/\/www.kimarca.com.br\/site\/wp-json\/wp\/v2\/comments?post=2789"}],"wp:featuredmedia":[{"embeddable":true,"href":"https:\/\/www.kimarca.com.br\/site\/wp-json\/wp\/v2\/media\/2790"}],"wp:attachment":[{"href":"https:\/\/www.kimarca.com.br\/site\/wp-json\/wp\/v2\/media?parent=2789"}],"wp:term":[{"taxonomy":"product_brand","embeddable":true,"href":"https:\/\/www.kimarca.com.br\/site\/wp-json\/wp\/v2\/product_brand?post=2789"},{"taxonomy":"product_cat","embeddable":true,"href":"https:\/\/www.kimarca.com.br\/site\/wp-json\/wp\/v2\/product_cat?post=2789"},{"taxonomy":"product_tag","embeddable":true,"href":"https:\/\/www.kimarca.com.br\/site\/wp-json\/wp\/v2\/product_tag?post=2789"}],"curies":[{"name":"wp","href":"https:\/\/api.w.org\/{rel}","templated":true}]}}