{"id":2782,"date":"2017-08-17T17:23:52","date_gmt":"2017-08-17T20:23:52","guid":{"rendered":"https:\/\/www.kimarca.com.br\/site\/?post_type=product&#038;p=2782"},"modified":"2024-11-03T23:40:54","modified_gmt":"2024-11-04T02:40:54","slug":"super-mop-profissional-e-domestico","status":"publish","type":"product","link":"https:\/\/www.kimarca.com.br\/site\/produto\/super-mop-profissional-e-domestico\/","title":{"rendered":"Super Mop Profissional e Dom\u00e9stico"},"content":{"rendered":"<div class=\"vc_tta-container\" data-vc-action=\"collapse\">\n<div class=\"vc_general vc_tta vc_tta-tabs vc_tta-o-shape-group vc_tta-tabs-position-top \">\n<div class=\"vc_tta-panels-container\">\n<div class=\"vc_tta-panels\">\n<div id=\"1458228299806-0b58c500-4352\" class=\"vc_tta-panel vc_active\" data-vc-content=\".vc_tta-panel-body\">\n<div class=\"vc_tta-panel-body\">\n<div class=\"wpb_text_column wpb_content_element vc_custom_1465826883376\">\n<div class=\"wpb_wrapper\">\n<p>Os equipamentos\u00a0<strong>Super Mop Profissional<\/strong>\u00a0 e o\u00a0<strong>Super Mop Dom\u00e9stico<\/strong>\u00a0s\u00e3o produtos\u00a0 simples e eficientes para limpeza e remo\u00e7\u00e3o de sujeiras.<\/p>\n<p>Sua utiliza\u00e7\u00e3o pode ser feita atrav\u00e9s de um balde para enxague ou limpeza do piso, enquanto que para a retirada dos l\u00edquidos do refil basta apenas efetuar o\u00a0 sistema de auto tor\u00e7\u00e3o que o equipamento proporciona.<\/p>\n<p>Leve e ergon\u00f4mico este equipamento \u00e9 bem indicado para espa\u00e7os de dif\u00edcil acesso como escadas ou espa\u00e7os estreitos.<\/p>\n<p>O refil do<strong>\u00a0Super Mop Profissional,<\/strong>\u00a0quando aberto para efetuar a limpeza apresenta di\u00e2metro de 50cm, enquanto que o\u00a0<strong>Super Mop Dom\u00e9stico<\/strong>\u00a0apresenta o di\u00e2metro de 40cm;\u00a0 por isso ambos s\u00e3o indicados para limpeza de pequenos espa\u00e7os com efici\u00eancia na remo\u00e7\u00e3o de sujeiras.<\/p>\n<div class=\"vc_tta-container\" data-vc-action=\"collapse\">\n<div class=\"vc_general vc_tta vc_tta-tabs vc_tta-o-shape-group vc_tta-tabs-position-top \">\n<div class=\"vc_tta-panels-container\">\n<div class=\"vc_tta-panels\">\n<div id=\"1458228299852-90634618-e399\" class=\"vc_tta-panel vc_active\" data-vc-content=\".vc_tta-panel-body\">\n<div class=\"vc_tta-panel-body\">\n<div class=\"vc_row wpb_row vc_inner vc_row-fluid\">\n<div class=\"wpb_column vc_column_container vc_col-sm-6\">\n<div class=\"vc_column-inner \">\n<div class=\"wpb_wrapper\">\n<h2 class=\"vc_custom_heading\">Super Mop Profissional &#8211; C\u00f3digo: SM700<\/h2>\n<div class=\"wpb_text_column wpb_content_element \">\n<div class=\"wpb_wrapper\">\n<table width=\"332\">\n<tbody>\n<tr>\n<td width=\"72\">Altura<\/td>\n<td width=\"147\">Di\u00e2metro<\/td>\n<td width=\"1\"><\/td>\n<td width=\"112\">Peso<\/td>\n<\/tr>\n<tr>\n<td width=\"72\">1,50 m (cabo)<\/td>\n<td width=\"147\">15 cm (mop)<\/td>\n<td width=\"1\"><\/td>\n<td width=\"112\">1,020 kg<\/td>\n<\/tr>\n<\/tbody>\n<\/table>\n<table width=\"203\">\n<tbody>\n<tr>\n<td width=\"42\"><strong>COR<\/strong><\/td>\n<td width=\"85\"><strong>REFIL<\/strong><strong><br \/>\n<\/strong><\/td>\n<td width=\"0\"><\/td>\n<td width=\"75\"><\/td>\n<\/tr>\n<tr>\n<td width=\"42\">Cru<\/td>\n<td width=\"85\">RS70BR<\/td>\n<td width=\"0\"><\/td>\n<td width=\"75\"><\/td>\n<\/tr>\n<\/tbody>\n<\/table>\n<\/div>\n<\/div>\n<\/div>\n<\/div>\n<\/div>\n<div class=\"wpb_column vc_column_container vc_col-sm-6\">\n<div class=\"vc_column-inner \">\n<div class=\"wpb_wrapper\">\n<h2 class=\"vc_custom_heading\">Super Mop Dom\u00e9stico &#8211; C\u00f3digo: SM600<\/h2>\n<div class=\"wpb_text_column wpb_content_element \">\n<div class=\"wpb_wrapper\">\n<table width=\"332\">\n<tbody>\n<tr>\n<td width=\"72\">Altura<\/td>\n<td width=\"147\">Di\u00e2metro<\/td>\n<td width=\"1\"><\/td>\n<td width=\"112\">Peso<\/td>\n<\/tr>\n<tr>\n<td width=\"72\">1,30 m (cabo)<\/td>\n<td width=\"147\">15 cm (mop)<\/td>\n<td width=\"1\"><\/td>\n<td width=\"112\">0,870 kg<\/td>\n<\/tr>\n<tr>\n<td width=\"72\">.<\/td>\n<td width=\"147\"><\/td>\n<td width=\"1\"><\/td>\n<td width=\"112\"><\/td>\n<\/tr>\n<\/tbody>\n<\/table>\n<table width=\"203\">\n<tbody>\n<tr>\n<td width=\"42\"><strong>COR<\/strong><\/td>\n<td width=\"85\"><strong>REFIL<\/strong><strong><br \/>\n<\/strong><\/td>\n<td width=\"0\"><\/td>\n<td width=\"75\"><\/td>\n<\/tr>\n<tr>\n<td width=\"42\">Cru<\/td>\n<td width=\"85\">RS61BR<\/td>\n<td width=\"0\"><\/td>\n<td width=\"75\"><\/td>\n<\/tr>\n<\/tbody>\n<\/table>\n<\/div>\n<\/div>\n<\/div>\n<\/div>\n<\/div>\n<\/div>\n<\/div>\n<\/div>\n<\/div>\n<\/div>\n<\/div>\n<\/div>\n<\/div>\n<\/div>\n<\/div>\n<\/div>\n<\/div>\n<\/div>\n<\/div>\n<\/div>\n<p>&nbsp;<\/p>\n","protected":false},"excerpt":{"rendered":"<p>Os equipamentos\u00a0Super Mop Profissional\u00a0 e o\u00a0Super Mop Dom\u00e9stico\u00a0s\u00e3o produtos\u00a0 simples e eficientes para limpeza e [&hellip;]<\/p>\n","protected":false},"featured_media":2783,"comment_status":"closed","ping_status":"closed","template":"","meta":[],"product_brand":[],"product_cat":[211,260,284],"product_tag":[],"class_list":{"0":"post-2782","1":"product","2":"type-product","3":"status-publish","4":"has-post-thumbnail","6":"product_cat-acessorios","7":"product_cat-extensoes-e-partes","8":"product_cat-limpeza-umida","10":"first","11":"instock","12":"shipping-taxable","13":"product-type-simple"},"_links":{"self":[{"href":"https:\/\/www.kimarca.com.br\/site\/wp-json\/wp\/v2\/product\/2782","targetHints":{"allow":["GET"]}}],"collection":[{"href":"https:\/\/www.kimarca.com.br\/site\/wp-json\/wp\/v2\/product"}],"about":[{"href":"https:\/\/www.kimarca.com.br\/site\/wp-json\/wp\/v2\/types\/product"}],"replies":[{"embeddable":true,"href":"https:\/\/www.kimarca.com.br\/site\/wp-json\/wp\/v2\/comments?post=2782"}],"wp:featuredmedia":[{"embeddable":true,"href":"https:\/\/www.kimarca.com.br\/site\/wp-json\/wp\/v2\/media\/2783"}],"wp:attachment":[{"href":"https:\/\/www.kimarca.com.br\/site\/wp-json\/wp\/v2\/media?parent=2782"}],"wp:term":[{"taxonomy":"product_brand","embeddable":true,"href":"https:\/\/www.kimarca.com.br\/site\/wp-json\/wp\/v2\/product_brand?post=2782"},{"taxonomy":"product_cat","embeddable":true,"href":"https:\/\/www.kimarca.com.br\/site\/wp-json\/wp\/v2\/product_cat?post=2782"},{"taxonomy":"product_tag","embeddable":true,"href":"https:\/\/www.kimarca.com.br\/site\/wp-json\/wp\/v2\/product_tag?post=2782"}],"curies":[{"name":"wp","href":"https:\/\/api.w.org\/{rel}","templated":true}]}}