{"id":2776,"date":"2017-08-17T14:34:15","date_gmt":"2017-08-17T17:34:15","guid":{"rendered":"https:\/\/www.kimarca.com.br\/site\/?post_type=product&#038;p=2776"},"modified":"2024-11-03T23:40:54","modified_gmt":"2024-11-04T02:40:54","slug":"baldes-25-l-15-l-4-l","status":"publish","type":"product","link":"https:\/\/www.kimarca.com.br\/site\/produto\/baldes-25-l-15-l-4-l\/","title":{"rendered":"Baldes 25 L &#8211; 15 L &#8211; 4 L"},"content":{"rendered":"<div class=\"vc_tta-container\" data-vc-action=\"collapse\">\n<div class=\"vc_general vc_tta vc_tta-tabs vc_tta-o-shape-group vc_tta-tabs-position-top \">\n<div class=\"vc_tta-panels-container\">\n<div class=\"vc_tta-panels\">\n<div id=\"1458228299806-0b58c500-4352\" class=\"vc_tta-panel vc_active\" data-vc-content=\".vc_tta-panel-body\">\n<div class=\"vc_tta-panel-body\">\n<div class=\"wpb_text_column wpb_content_element  vc_custom_1464784768264\">\n<div class=\"wpb_wrapper\">\n<p>Estes baldes s\u00e3o extremamente \u00fateis para as diversas fun\u00e7\u00f5es de limpeza e higieniza\u00e7\u00e3o. Por serem pr\u00e1ticos e ergon\u00f4micos se adaptam a qualquer esta\u00e7\u00e3o de trabalho, inclusive,\u00a0 em carros funcionais para armazenamento de outros produtos e\u00a0 acess\u00f3rios ou no aux\u00edlio da limpeza.<\/p>\n<p>Produzidos em polipropileno s\u00e3o resistentes e f\u00e1ceis de higienizar, o que prolonga a vida \u00fatil desses equipamentos.<\/p>\n<p>Os Baldes t\u00eam capacidade para 25 Litros \u2013 15 Litros e 4Litros.<\/p>\n<div class=\"vc_tta-container\" data-vc-action=\"collapse\">\n<div class=\"vc_general vc_tta vc_tta-tabs vc_tta-o-shape-group vc_tta-tabs-position-top \">\n<div class=\"vc_tta-panels-container\">\n<div class=\"vc_tta-panels\">\n<div id=\"1458228299852-90634618-e399\" class=\"vc_tta-panel vc_active\" data-vc-content=\".vc_tta-panel-body\">\n<div class=\"vc_tta-panel-body\">\n<div class=\"wpb_text_column wpb_content_element \">\n<div class=\"wpb_wrapper\">\n<h3>Balde 4 Litros<\/h3>\n<table width=\"341\">\n<tbody>\n<tr>\n<td width=\"67\"><strong>Cor<\/strong><\/td>\n<td width=\"64\">\u00a0<strong>C\u00f3digo<\/strong><\/td>\n<\/tr>\n<tr>\n<td>\u00a0Amarelo<\/td>\n<td>\u00a0BA04AM<\/td>\n<\/tr>\n<tr>\n<td>\u00a0Azul<\/td>\n<td>\u00a0BA04AZ<\/td>\n<\/tr>\n<tr>\n<td>\u00a0Verde<\/td>\n<td>\u00a0BA04VD<\/td>\n<\/tr>\n<tr>\n<td>\u00a0Vermelho<\/td>\n<td>\u00a0BA04VM<\/td>\n<\/tr>\n<\/tbody>\n<\/table>\n<table width=\"341\">\n<tbody>\n<tr>\n<td>\u00a0Comp.<\/td>\n<td>Largura<\/td>\n<td>Altura<\/td>\n<td>Embalagem<\/td>\n<td>Peso<\/td>\n<\/tr>\n<tr>\n<td>\u00a021 cm<\/td>\n<td>15 cm<\/td>\n<td>18 cm<\/td>\n<td>1und.<\/td>\n<td>0,280 kg<\/td>\n<\/tr>\n<\/tbody>\n<\/table>\n<h3>Balde 15\u00a0Litros<\/h3>\n<table width=\"341\">\n<tbody>\n<tr>\n<td width=\"67\"><strong>Cor<\/strong><\/td>\n<td width=\"64\"><strong>C\u00f3digo<\/strong><\/td>\n<\/tr>\n<tr>\n<td>Azul<\/td>\n<td>BA15AZ<\/td>\n<\/tr>\n<tr>\n<td>Vermelha<\/td>\n<td>BA15VM<\/td>\n<\/tr>\n<\/tbody>\n<\/table>\n<table width=\"341\">\n<tbody>\n<tr>\n<td>Comp.<\/td>\n<td>Largura<\/td>\n<td>Altura<\/td>\n<td>Embalagem<\/td>\n<td>Peso<\/td>\n<\/tr>\n<tr>\n<td>33 cm<\/td>\n<td>30 cm<\/td>\n<td>27 cm<\/td>\n<td>1und.<\/td>\n<td>1,150 kg<\/td>\n<\/tr>\n<\/tbody>\n<\/table>\n<h3>Balde 25\u00a0Litros<\/h3>\n<table width=\"341\">\n<tbody>\n<tr>\n<td width=\"67\"><strong>Cor<\/strong><\/td>\n<td width=\"64\"><strong>C\u00f3digo<\/strong><\/td>\n<\/tr>\n<tr>\n<td width=\"67\">Amarelo<\/td>\n<td width=\"64\">BA25AM<\/td>\n<\/tr>\n<tr>\n<td width=\"67\">Azul<\/td>\n<td width=\"64\">BA25AZ<\/td>\n<\/tr>\n<tr>\n<td width=\"67\">Vermelho<\/td>\n<td width=\"64\">BA25VM<\/td>\n<\/tr>\n<\/tbody>\n<\/table>\n<table width=\"341\">\n<tbody>\n<tr>\n<td width=\"67\">Comp.<\/td>\n<td width=\"64\">Largura<\/td>\n<td width=\"64\">Altura<\/td>\n<td width=\"83\">Embalagem<\/td>\n<td width=\"64\">Peso<\/td>\n<\/tr>\n<tr>\n<td width=\"67\">37 cm<\/td>\n<td width=\"64\">37 cm<\/td>\n<td width=\"64\">33 cm<\/td>\n<td width=\"83\">1und.<\/td>\n<td width=\"64\">1,200 kg<\/td>\n<\/tr>\n<\/tbody>\n<\/table>\n<\/div>\n<\/div>\n<\/div>\n<\/div>\n<\/div>\n<\/div>\n<\/div>\n<\/div>\n<\/div>\n<\/div>\n<\/div>\n<\/div>\n<\/div>\n<\/div>\n<\/div>\n<\/div>\n<p>&nbsp;<\/p>\n","protected":false},"excerpt":{"rendered":"<p>Estes baldes s\u00e3o extremamente \u00fateis para as diversas fun\u00e7\u00f5es de limpeza e higieniza\u00e7\u00e3o. Por serem [&hellip;]<\/p>\n","protected":false},"featured_media":2777,"comment_status":"closed","ping_status":"closed","template":"","meta":[],"product_brand":[],"product_cat":[256],"product_tag":[],"class_list":{"0":"post-2776","1":"product","2":"type-product","3":"status-publish","4":"has-post-thumbnail","6":"product_cat-baldes","8":"first","9":"instock","10":"shipping-taxable","11":"product-type-simple"},"_links":{"self":[{"href":"https:\/\/www.kimarca.com.br\/site\/wp-json\/wp\/v2\/product\/2776","targetHints":{"allow":["GET"]}}],"collection":[{"href":"https:\/\/www.kimarca.com.br\/site\/wp-json\/wp\/v2\/product"}],"about":[{"href":"https:\/\/www.kimarca.com.br\/site\/wp-json\/wp\/v2\/types\/product"}],"replies":[{"embeddable":true,"href":"https:\/\/www.kimarca.com.br\/site\/wp-json\/wp\/v2\/comments?post=2776"}],"wp:featuredmedia":[{"embeddable":true,"href":"https:\/\/www.kimarca.com.br\/site\/wp-json\/wp\/v2\/media\/2777"}],"wp:attachment":[{"href":"https:\/\/www.kimarca.com.br\/site\/wp-json\/wp\/v2\/media?parent=2776"}],"wp:term":[{"taxonomy":"product_brand","embeddable":true,"href":"https:\/\/www.kimarca.com.br\/site\/wp-json\/wp\/v2\/product_brand?post=2776"},{"taxonomy":"product_cat","embeddable":true,"href":"https:\/\/www.kimarca.com.br\/site\/wp-json\/wp\/v2\/product_cat?post=2776"},{"taxonomy":"product_tag","embeddable":true,"href":"https:\/\/www.kimarca.com.br\/site\/wp-json\/wp\/v2\/product_tag?post=2776"}],"curies":[{"name":"wp","href":"https:\/\/api.w.org\/{rel}","templated":true}]}}