{"id":2774,"date":"2017-08-17T14:32:32","date_gmt":"2017-08-17T17:32:32","guid":{"rendered":"https:\/\/www.kimarca.com.br\/site\/?post_type=product&#038;p=2774"},"modified":"2024-11-03T23:40:54","modified_gmt":"2024-11-04T02:40:54","slug":"conjunto-balde-mopinho-12l","status":"publish","type":"product","link":"https:\/\/www.kimarca.com.br\/site\/produto\/conjunto-balde-mopinho-12l\/","title":{"rendered":"Conjunto Balde Mopinho &#8211; 12L"},"content":{"rendered":"<div class=\"vc_tta-container\" data-vc-action=\"collapse\">\n<div class=\"vc_general vc_tta vc_tta-tabs vc_tta-o-shape-group vc_tta-tabs-position-top \">\n<div class=\"vc_tta-panels-container\">\n<div class=\"vc_tta-panels\">\n<div id=\"1458228299806-0b58c500-4352\" class=\"vc_tta-panel vc_active\" data-vc-content=\".vc_tta-panel-body\">\n<div class=\"vc_tta-panel-body\">\n<div class=\"wpb_text_column wpb_content_element vc_custom_1477655892562\">\n<div class=\"wpb_wrapper\">\n<p><strong>O Conjunto Balde Mopinho 12 L \u00e9 extremamente vers\u00e1til, f\u00e1cil de locomover e ideal para pequenos espa\u00e7os como cl\u00ednicas, escrit\u00f3rios, lojas, bares entre outros.<\/strong><\/p>\n<p>Produzidos em Polipropileno, oferecem alta durabilidade. O balde tem capacidade de 12 litros e al\u00e7as ergon\u00f4micas para transporte. Fornecidos em 4 cores para identifica\u00e7\u00e3o de \u00e1reas, o Conjunto \u00e9 composto por:<\/p>\n<ul>\n<li>Balde 12 Litros<\/li>\n<li>Espremedor refor\u00e7ado<\/li>\n<li>Cabo de alum\u00ednio telesc\u00f3pico \u00a0\u2013 \u00a01,40 m<\/li>\n<li>Refil de Algod\u00e3o com Encaixe Rosca<\/li>\n<\/ul>\n<p>Melhores resultados na limpeza com economia de \u00e1gua e uso racional de produtos qu\u00edmicos.<\/p>\n<\/div>\n<\/div>\n<\/div>\n<\/div>\n<\/div>\n<\/div>\n<\/div>\n<\/div>\n<div class=\"vc_tta-container\" data-vc-action=\"collapse\">\n<div class=\"vc_general vc_tta vc_tta-tabs vc_tta-o-shape-group vc_tta-tabs-position-top \">\n<div class=\"vc_tta-panels-container\">\n<div class=\"vc_tta-panels\">\n<div id=\"1458228299852-90634618-e399\" class=\"vc_tta-panel vc_active\" data-vc-content=\".vc_tta-panel-body\">\n<div class=\"vc_tta-panel-body\">\n<div class=\"wpb_text_column wpb_content_element \">\n<div class=\"wpb_wrapper\">\n<table border=\"0\" width=\"500\" cellspacing=\"0\" cellpadding=\"0\">\n<tbody>\n<tr>\n<td height=\"30\">Descri\u00e7\u00e3o<\/td>\n<td>Comp.<\/td>\n<td>\u00a0 Largura<\/td>\n<td>\u00a0\u00a0\u00a0\u00a0 Altura<\/td>\n<td>Embalagem<\/td>\n<td>\u00a0\u00a0\u00a0\u00a0\u00a0\u00a0\u00a0 Peso<\/td>\n<\/tr>\n<tr>\n<td height=\"30\">Balde 12L e Espremedor<\/td>\n<td>\u00a0 38 cm<\/td>\n<td>\u00a0 30 cm<\/td>\n<td>\u00a0\u00a0\u00a0\u00a0\u00a0 40 cm<\/td>\n<td>Conjunto<\/td>\n<td>6,100 kg<\/td>\n<\/tr>\n<tr>\n<td height=\"30\">Refil<\/td>\n<td>\u00a010 cm<\/td>\n<td>\u00a0\u00a0 10 cm<\/td>\n<td>\u00a0\u00a0\u00a0\u00a0\u00a0 35 cm<\/td>\n<td>1\u00a0UN<\/td>\n<td>0,200 kg<\/td>\n<\/tr>\n<tr>\n<td height=\"30\">Cabo Telescopico<\/td>\n<td>\u00a0\u2013<\/td>\n<td>\u00a0 \u00a022 mm<\/td>\n<td>\u00a0\u00a0 1,40 m<\/td>\n<td>1 UN<\/td>\n<td>0,350 kg<\/td>\n<\/tr>\n<tr>\n<td height=\"30\"><\/td>\n<td><\/td>\n<td><\/td>\n<td><\/td>\n<td><\/td>\n<td><\/td>\n<\/tr>\n<tr>\n<td height=\"30\"><strong>Cores<\/strong><\/td>\n<td>Conjunto 1,40 m<\/td>\n<td>Balde e Espremedor<\/td>\n<td>Refil de Algod\u00e3o<\/td>\n<td><\/td>\n<td><\/td>\n<\/tr>\n<tr>\n<td width=\"65\">Amarelo<\/td>\n<td width=\"55\">CM14AM<\/td>\n<td width=\"55\">BE50AM<\/td>\n<td width=\"10\">\u00a0BR30AM<\/td>\n<\/tr>\n<tr>\n<td width=\"65\">Azul<\/td>\n<td width=\"55\">CM14AZ<\/td>\n<td width=\"55\">BE50AZ<\/td>\n<td width=\"10\">\u00a0BR30AZ<\/td>\n<\/tr>\n<tr>\n<td width=\"65\">Verde<\/td>\n<td width=\"55\">CM14VD<\/td>\n<td width=\"55\">BE50VD<\/td>\n<td width=\"10\">\u00a0BR30VD<\/td>\n<\/tr>\n<tr>\n<td width=\"65\">Vermelho<\/td>\n<td width=\"55\">CM14VM<\/td>\n<td width=\"55\">BE50VM<\/td>\n<td width=\"10\">\u00a0BR30VM<\/td>\n<\/tr>\n<\/tbody>\n<\/table>\n<\/div>\n<\/div>\n<\/div>\n<\/div>\n<\/div>\n<\/div>\n<\/div>\n<\/div>\n<p>&nbsp;<\/p>\n","protected":false},"excerpt":{"rendered":"<p>O Conjunto Balde Mopinho 12 L \u00e9 extremamente vers\u00e1til, f\u00e1cil de locomover e ideal para [&hellip;]<\/p>\n","protected":false},"featured_media":2775,"comment_status":"closed","ping_status":"closed","template":"","meta":[],"product_brand":[],"product_cat":[256,270,260,269],"product_tag":[],"class_list":{"0":"post-2774","1":"product","2":"type-product","3":"status-publish","4":"has-post-thumbnail","6":"product_cat-baldes","7":"product_cat-conjuntos-completos","8":"product_cat-extensoes-e-partes","9":"product_cat-mopinho","11":"first","12":"instock","13":"shipping-taxable","14":"product-type-simple"},"_links":{"self":[{"href":"https:\/\/www.kimarca.com.br\/site\/wp-json\/wp\/v2\/product\/2774","targetHints":{"allow":["GET"]}}],"collection":[{"href":"https:\/\/www.kimarca.com.br\/site\/wp-json\/wp\/v2\/product"}],"about":[{"href":"https:\/\/www.kimarca.com.br\/site\/wp-json\/wp\/v2\/types\/product"}],"replies":[{"embeddable":true,"href":"https:\/\/www.kimarca.com.br\/site\/wp-json\/wp\/v2\/comments?post=2774"}],"wp:featuredmedia":[{"embeddable":true,"href":"https:\/\/www.kimarca.com.br\/site\/wp-json\/wp\/v2\/media\/2775"}],"wp:attachment":[{"href":"https:\/\/www.kimarca.com.br\/site\/wp-json\/wp\/v2\/media?parent=2774"}],"wp:term":[{"taxonomy":"product_brand","embeddable":true,"href":"https:\/\/www.kimarca.com.br\/site\/wp-json\/wp\/v2\/product_brand?post=2774"},{"taxonomy":"product_cat","embeddable":true,"href":"https:\/\/www.kimarca.com.br\/site\/wp-json\/wp\/v2\/product_cat?post=2774"},{"taxonomy":"product_tag","embeddable":true,"href":"https:\/\/www.kimarca.com.br\/site\/wp-json\/wp\/v2\/product_tag?post=2774"}],"curies":[{"name":"wp","href":"https:\/\/api.w.org\/{rel}","templated":true}]}}