{"id":2772,"date":"2017-08-17T14:31:04","date_gmt":"2017-08-17T17:31:04","guid":{"rendered":"https:\/\/www.kimarca.com.br\/site\/?post_type=product&#038;p=2772"},"modified":"2024-11-03T23:40:54","modified_gmt":"2024-11-04T02:40:54","slug":"conjunto-doblo-50-l","status":"publish","type":"product","link":"https:\/\/www.kimarca.com.br\/site\/produto\/conjunto-doblo-50-l\/","title":{"rendered":"Conjunto Dobl\u00f4 50 L"},"content":{"rendered":"<div class=\"vc_tta-container\" data-vc-action=\"collapse\">\n<div class=\"vc_general vc_tta vc_tta-tabs vc_tta-o-shape-group vc_tta-tabs-position-top \">\n<div class=\"vc_tta-panels-container\">\n<div class=\"vc_tta-panels\">\n<div id=\"1458228299806-0b58c500-4352\" class=\"vc_tta-panel vc_active\" data-vc-content=\".vc_tta-panel-body\">\n<div class=\"vc_tta-panel-body\">\n<div class=\"wpb_text_column wpb_content_element  vc_custom_1463067900317\">\n<div class=\"wpb_wrapper\">\n<p><strong>Conjunto de dois baldes com capacidade para 25L cada,com cavalete e espremedor para limpeza de pisos frios em geral.<\/strong><\/p>\n<p>\u2022 Estrutura em polipropileno injetado.<br \/>\n\u2022 2 baldes com capacidade para 25 litros cada.<br \/>\n\u2022 Rod\u00edzios projetados para facilitar a manuten\u00e7\u00e3o e higieniza\u00e7\u00e3o.<br \/>\n\u2022 Sistema de espremedor com press\u00e3o superior.<br \/>\n\u2022 Clip de fixa\u00e7\u00e3o para haste.<br \/>\n\u2022 Al\u00e7a em a\u00e7o tubular com pintura eletrost\u00e1tica.<br \/>\n\u2022 Pode usar mop plano\/vertical (opcional).<\/p>\n<\/div>\n<\/div>\n<\/div>\n<\/div>\n<\/div>\n<\/div>\n<\/div>\n<\/div>\n<div class=\"vc_tta-container\" data-vc-action=\"collapse\">\n<div class=\"vc_general vc_tta vc_tta-tabs vc_tta-o-shape-group vc_tta-tabs-position-top \">\n<div class=\"vc_tta-panels-container\">\n<div class=\"vc_tta-panels\">\n<div id=\"1458228299852-90634618-e399\" class=\"vc_tta-panel vc_active\" data-vc-content=\".vc_tta-panel-body\">\n<div class=\"vc_tta-panel-body\">\n<div class=\"wpb_text_column wpb_content_element \">\n<div class=\"wpb_wrapper\">\n<table width=\"482\">\n<tbody>\n<tr>\n<td width=\"123\">Descri\u00e7\u00e3o<\/td>\n<td width=\"66\">Comp.<\/td>\n<td width=\"66\">Largura<\/td>\n<td width=\"47\">Altura<\/td>\n<td width=\"57\">Embalagem<\/td>\n<td width=\"66\">Peso<\/td>\n<\/tr>\n<tr>\n<td width=\"123\">Conjunto<\/td>\n<td width=\"66\">80 cm<\/td>\n<td width=\"66\">\u00a040cm<\/td>\n<td width=\"47\">50cm<\/td>\n<td width=\"57\">Conj.<\/td>\n<td width=\"66\">9,400Kg<\/td>\n<\/tr>\n<\/tbody>\n<\/table>\n<table width=\"482\">\n<tbody>\n<tr>\n<td width=\"123\">Descri\u00e7\u00e3o Itens<\/td>\n<td width=\"66\">Comp.<\/td>\n<td width=\"66\">Largura<\/td>\n<td width=\"47\">Altura<\/td>\n<td width=\"57\">Embalagem<\/td>\n<td width=\"66\">Peso<\/td>\n<td width=\"57\">C\u00f3digo<\/td>\n<\/tr>\n<tr>\n<td width=\"123\">Balde Azul (25 L)<\/td>\n<td width=\"66\">37 cm<\/td>\n<td width=\"66\">37 cm<\/td>\n<td width=\"47\">33 cm<\/td>\n<td width=\"57\">1 unid.<\/td>\n<td width=\"66\">1,200\u00a0 kg<\/td>\n<td width=\"57\">BA25AZ<\/td>\n<\/tr>\n<tr>\n<td width=\"123\">Balde Vermelho (25 L)<\/td>\n<td width=\"66\">37 cm<\/td>\n<td width=\"66\">37 cm<\/td>\n<td width=\"47\">33 cm<\/td>\n<td width=\"57\">1 unid.<\/td>\n<td width=\"66\">1,200\u00a0kg<\/td>\n<td width=\"57\">BA25VM<\/td>\n<\/tr>\n<tr>\n<td width=\"123\">Espremedor<\/td>\n<td width=\"66\">23 cm<\/td>\n<td width=\"66\">28 cm<\/td>\n<td width=\"47\">36 cm<\/td>\n<td width=\"57\">1 unid.<\/td>\n<td width=\"66\">2,900\u00a0kg<\/td>\n<td width=\"57\">NY114<\/td>\n<\/tr>\n<tr>\n<td width=\"123\">Carrinho (50L)<\/td>\n<td width=\"66\">70 cm<\/td>\n<td width=\"66\">35 cm<\/td>\n<td width=\"47\">90 cm<\/td>\n<td width=\"57\">1 unid.<\/td>\n<td width=\"66\">4,100\u00a0kg<\/td>\n<td width=\"57\">BSDB50<\/td>\n<\/tr>\n<\/tbody>\n<\/table>\n<\/div>\n<\/div>\n<\/div>\n<\/div>\n<\/div>\n<\/div>\n<\/div>\n<\/div>\n<p>&nbsp;<\/p>\n","protected":false},"excerpt":{"rendered":"<p>Conjunto de dois baldes com capacidade para 25L cada,com cavalete e espremedor para limpeza de [&hellip;]<\/p>\n","protected":false},"featured_media":2773,"comment_status":"closed","ping_status":"closed","template":"","meta":[],"product_brand":[],"product_cat":[256,270,211],"product_tag":[],"class_list":{"0":"post-2772","1":"product","2":"type-product","3":"status-publish","4":"has-post-thumbnail","6":"product_cat-baldes","7":"product_cat-conjuntos-completos","8":"product_cat-acessorios","10":"first","11":"instock","12":"shipping-taxable","13":"product-type-simple"},"_links":{"self":[{"href":"https:\/\/www.kimarca.com.br\/site\/wp-json\/wp\/v2\/product\/2772","targetHints":{"allow":["GET"]}}],"collection":[{"href":"https:\/\/www.kimarca.com.br\/site\/wp-json\/wp\/v2\/product"}],"about":[{"href":"https:\/\/www.kimarca.com.br\/site\/wp-json\/wp\/v2\/types\/product"}],"replies":[{"embeddable":true,"href":"https:\/\/www.kimarca.com.br\/site\/wp-json\/wp\/v2\/comments?post=2772"}],"wp:featuredmedia":[{"embeddable":true,"href":"https:\/\/www.kimarca.com.br\/site\/wp-json\/wp\/v2\/media\/2773"}],"wp:attachment":[{"href":"https:\/\/www.kimarca.com.br\/site\/wp-json\/wp\/v2\/media?parent=2772"}],"wp:term":[{"taxonomy":"product_brand","embeddable":true,"href":"https:\/\/www.kimarca.com.br\/site\/wp-json\/wp\/v2\/product_brand?post=2772"},{"taxonomy":"product_cat","embeddable":true,"href":"https:\/\/www.kimarca.com.br\/site\/wp-json\/wp\/v2\/product_cat?post=2772"},{"taxonomy":"product_tag","embeddable":true,"href":"https:\/\/www.kimarca.com.br\/site\/wp-json\/wp\/v2\/product_tag?post=2772"}],"curies":[{"name":"wp","href":"https:\/\/api.w.org\/{rel}","templated":true}]}}