{"id":2770,"date":"2017-08-17T14:29:08","date_gmt":"2017-08-17T17:29:08","guid":{"rendered":"https:\/\/www.kimarca.com.br\/site\/?post_type=product&#038;p=2770"},"modified":"2024-11-03T23:40:54","modified_gmt":"2024-11-04T02:40:54","slug":"conjunto-doblo-30l","status":"publish","type":"product","link":"https:\/\/www.kimarca.com.br\/site\/produto\/conjunto-doblo-30l\/","title":{"rendered":"Conjunto Dobl\u00f4 30L"},"content":{"rendered":"<div class=\"vc_tta-container\" data-vc-action=\"collapse\">\n<div class=\"vc_general vc_tta vc_tta-tabs vc_tta-o-shape-group vc_tta-tabs-position-top \">\n<div class=\"vc_tta-panels-container\">\n<div class=\"vc_tta-panels\">\n<div id=\"1458228299806-0b58c500-4352\" class=\"vc_tta-panel vc_active\" data-vc-content=\".vc_tta-panel-body\">\n<div class=\"vc_tta-panel-body\">\n<div class=\"wpb_text_column wpb_content_element  vc_custom_1471631857814\">\n<div class=\"wpb_wrapper\">\n<p><strong>O Conjunto Dobl\u00f4 30 litros \u00e9 um equipamento de limpeza\u00a0 formado pelos seguintes itens:<\/strong><\/p>\n<ul>\n<li>Balde com \u00a0sistema de \u00a02 \u00e1guas com divis\u00f3ria para 18 e 12 litros;<\/li>\n<li>Espremedor com press\u00e3o superior,<\/li>\n<li>Um dreno de escoamento de \u00e1gua suja e<\/li>\n<li>Rod\u00edzios para facilitar seu deslocamento.<\/li>\n<\/ul>\n<p>A primeira divis\u00f3ria recebe \u00e1gua com o agente qu\u00edmico \u00a0para limpeza do piso; a segunda divis\u00f3ria ser\u00e1 o recipiente da \u00e1gua limpa para enx\u00e1gue do o refil que efetuar\u00e1 a remo\u00e7\u00e3o das sujidades da superf\u00edcie a ser limpa.<\/p>\n<h4>VEJA O QUADRO ABAIXO COM OS DETALHES DO EQUIPAMENTO<\/h4>\n<\/div>\n<\/div>\n<\/div>\n<\/div>\n<\/div>\n<\/div>\n<\/div>\n<\/div>\n<div class=\"vc_tta-container\" data-vc-action=\"collapse\">\n<div class=\"vc_general vc_tta vc_tta-tabs vc_tta-o-shape-group vc_tta-tabs-position-top \">\n<div class=\"vc_tta-panels-container\">\n<div class=\"vc_tta-panels\">\n<div id=\"1458228299852-90634618-e399\" class=\"vc_tta-panel vc_active\" data-vc-content=\".vc_tta-panel-body\">\n<div class=\"vc_tta-panel-body\">\n<div class=\"wpb_text_column wpb_content_element \">\n<div class=\"wpb_wrapper\">\n<table border=\"0\" width=\"512\" cellspacing=\"0\" cellpadding=\"0\">\n<tbody>\n<tr>\n<td height=\"20\">Descri\u00e7\u00e3o<\/td>\n<td>Comp.<\/td>\n<td>Largura<\/td>\n<td>Altura<\/td>\n<td>Emb.<\/td>\n<td>\u00a0 Peso<\/td>\n<\/tr>\n<tr>\n<td height=\"20\">Conjunto Dobl\u00f4<\/td>\n<td>52 cm<\/td>\n<td>37 cm<\/td>\n<td>84 cm<\/td>\n<td>Conjunto<\/td>\n<td>6,1 kg<\/td>\n<\/tr>\n<tr>\n<td height=\"20\">Balde 30L<\/td>\n<td>52 cm<\/td>\n<td>37 cm<\/td>\n<td>48 cm<\/td>\n<td>1\u00a0UN<\/td>\n<td>3,2 kg<\/td>\n<\/tr>\n<tr>\n<td height=\"20\">Espremedor<\/td>\n<td>23 cm<\/td>\n<td>28 cm<\/td>\n<td>36 cm<\/td>\n<td>1 UN<\/td>\n<td>2,9 kg<\/td>\n<\/tr>\n<tr>\n<td height=\"20\">Cores<\/td>\n<td>Conjunto<\/td>\n<td>Balde<\/td>\n<td>Espremedor<\/td>\n<td><\/td>\n<\/tr>\n<tr>\n<td width=\"65\">Amarelo<\/td>\n<td width=\"55\">NY108<\/td>\n<td width=\"55\">BDSEAM<\/td>\n<td width=\"55\">NY112<\/td>\n<td width=\"10\"><\/td>\n<\/tr>\n<tr>\n<td width=\"65\">Azul<\/td>\n<td width=\"55\">NY109<\/td>\n<td width=\"55\">BDSEAZ<\/td>\n<td width=\"55\">NY113<\/td>\n<td width=\"10\"><\/td>\n<\/tr>\n<tr>\n<td width=\"65\">Verde<\/td>\n<td width=\"55\">NY110<\/td>\n<td width=\"55\">BDSEVD<\/td>\n<td width=\"55\">NY115<\/td>\n<td width=\"10\"><\/td>\n<\/tr>\n<tr>\n<td width=\"65\">Vermelho<\/td>\n<td width=\"55\">Ny111<\/td>\n<td width=\"55\">BDSEVM<\/td>\n<td width=\"55\">NY116<\/td>\n<td width=\"10\"><\/td>\n<\/tr>\n<\/tbody>\n<\/table>\n<table border=\"0\" width=\"548\" cellspacing=\"0\" cellpadding=\"0\">\n<tbody>\n<tr>\n<td width=\"103\" height=\"20\"><\/td>\n<td width=\"89\"><\/td>\n<\/tr>\n<tr>\n<td height=\"20\"><\/td>\n<td><\/td>\n<\/tr>\n<\/tbody>\n<\/table>\n<p><strong>\u00a0<\/strong><\/p>\n<\/div>\n<\/div>\n<\/div>\n<\/div>\n<\/div>\n<\/div>\n<\/div>\n<\/div>\n<p>&nbsp;<\/p>\n","protected":false},"excerpt":{"rendered":"<p>O Conjunto Dobl\u00f4 30 litros \u00e9 um equipamento de limpeza\u00a0 formado pelos seguintes itens: Balde [&hellip;]<\/p>\n","protected":false},"featured_media":2771,"comment_status":"closed","ping_status":"closed","template":"","meta":[],"product_brand":[],"product_cat":[256,270],"product_tag":[],"class_list":{"0":"post-2770","1":"product","2":"type-product","3":"status-publish","4":"has-post-thumbnail","6":"product_cat-baldes","7":"product_cat-conjuntos-completos","9":"first","10":"instock","11":"shipping-taxable","12":"product-type-simple"},"_links":{"self":[{"href":"https:\/\/www.kimarca.com.br\/site\/wp-json\/wp\/v2\/product\/2770","targetHints":{"allow":["GET"]}}],"collection":[{"href":"https:\/\/www.kimarca.com.br\/site\/wp-json\/wp\/v2\/product"}],"about":[{"href":"https:\/\/www.kimarca.com.br\/site\/wp-json\/wp\/v2\/types\/product"}],"replies":[{"embeddable":true,"href":"https:\/\/www.kimarca.com.br\/site\/wp-json\/wp\/v2\/comments?post=2770"}],"wp:featuredmedia":[{"embeddable":true,"href":"https:\/\/www.kimarca.com.br\/site\/wp-json\/wp\/v2\/media\/2771"}],"wp:attachment":[{"href":"https:\/\/www.kimarca.com.br\/site\/wp-json\/wp\/v2\/media?parent=2770"}],"wp:term":[{"taxonomy":"product_brand","embeddable":true,"href":"https:\/\/www.kimarca.com.br\/site\/wp-json\/wp\/v2\/product_brand?post=2770"},{"taxonomy":"product_cat","embeddable":true,"href":"https:\/\/www.kimarca.com.br\/site\/wp-json\/wp\/v2\/product_cat?post=2770"},{"taxonomy":"product_tag","embeddable":true,"href":"https:\/\/www.kimarca.com.br\/site\/wp-json\/wp\/v2\/product_tag?post=2770"}],"curies":[{"name":"wp","href":"https:\/\/api.w.org\/{rel}","templated":true}]}}