{"id":2768,"date":"2017-08-17T14:26:49","date_gmt":"2017-08-17T17:26:49","guid":{"rendered":"https:\/\/www.kimarca.com.br\/site\/?post_type=product&#038;p=2768"},"modified":"2024-11-03T23:40:54","modified_gmt":"2024-11-04T02:40:54","slug":"discos-abrasivos","status":"publish","type":"product","link":"https:\/\/www.kimarca.com.br\/site\/produto\/discos-abrasivos\/","title":{"rendered":"Discos Abrasivos"},"content":{"rendered":"<p>Discos abrasivos para tratamento de pisos incluindo lavagem, remo\u00e7\u00e3o de ceras impregnadas, polimento de ceras que n\u00e3o produzem filme duro.Rela\u00e7\u00e3o das cores com o n\u00edvel de abrasividade. Para conhecer as aplica\u00e7\u00f5es de cada cor, visite nossa se\u00e7\u00e3o de treinamento sobre impermeabiliza\u00e7\u00e3o.<\/p>\n<p>Discos Abrasivos para Enceradeiras<\/p>\n<p>Forma\u00e7\u00e3o de c\u00f3digo:<\/p>\n<table width=\"469\">\n<tbody>\n<tr>\n<td colspan=\"2\" width=\"192\">\u00a0MVDS + Di\u00e2metro + Cor<\/td>\n<td width=\"64\"><\/td>\n<td width=\"64\"><\/td>\n<td width=\"21\"><\/td>\n<td width=\"64\"><\/td>\n<td width=\"64\"><\/td>\n<\/tr>\n<tr>\n<td>\u00a0Exemplo<\/td>\n<td><\/td>\n<td><\/td>\n<td><\/td>\n<td><\/td>\n<td><\/td>\n<td><\/td>\n<\/tr>\n<tr>\n<td colspan=\"4\">\u00a0MVDS + 35 cm +\u00a0\u00a0Azul(Assoalho) = C\u00f3digo: DS35AS<\/td>\n<td>\u00a0 =<\/td>\n<td colspan=\"2\">\u00a0C\u00f3digo: MVDS35AS<\/td>\n<\/tr>\n<\/tbody>\n<\/table>\n<table width=\"549\">\n<tbody>\n<tr>\n<td width=\"103\">\u00a0Descri\u00e7\u00e3o<\/td>\n<td width=\"92\">Cor<\/td>\n<td width=\"49\">C\u00f3digo<\/td>\n<td width=\"80\">Di\u00e2metro<\/td>\n<td width=\"72\">Rendimento<\/td>\n<td width=\"86\">Embalagem<\/td>\n<td width=\"67\">Kg\/m2<\/td>\n<td width=\"0\"><\/td>\n<\/tr>\n<tr>\n<td width=\"103\">\u00a0Assoalho<\/td>\n<td width=\"92\">Azul<\/td>\n<td width=\"49\">AS<\/td>\n<td width=\"80\">35 \/ 41 \/ 44 \/ 51<\/td>\n<td width=\"72\">1500 m2<\/td>\n<td width=\"86\">5\u00a0unid.<\/td>\n<td width=\"67\">0,34\u00a0Kg\/m<sup>2<\/sup><\/td>\n<td width=\"0\"><\/td>\n<\/tr>\n<tr>\n<td width=\"103\">\u00a0Limpador Plus<\/td>\n<td width=\"92\">Verde<\/td>\n<td width=\"49\">VD<\/td>\n<td width=\"80\">35 \/ 41 \/ 44 \/ 51<\/td>\n<td width=\"72\">5000 m2<\/td>\n<td width=\"86\">5\u00a0unid.<\/td>\n<td width=\"67\">0,46 Kg\/m<sup>2<\/sup><\/td>\n<td width=\"0\"><\/td>\n<\/tr>\n<tr>\n<td rowspan=\"2\" width=\"103\">\u00a0Natural Blend\u00a0(P\u00ealo de Porco)<\/td>\n<td rowspan=\"2\" width=\"92\">Bege<\/td>\n<td rowspan=\"2\" width=\"49\">PP<\/td>\n<td rowspan=\"2\" width=\"80\">51<\/td>\n<td rowspan=\"2\" width=\"72\">\u2013<\/td>\n<td rowspan=\"2\" width=\"86\">5 unid.<\/td>\n<td rowspan=\"2\" width=\"67\">1,74 Kg\/m<sup>2<\/sup><\/td>\n<td width=\"0\"><\/td>\n<\/tr>\n<tr>\n<td width=\"103\">\u00a0Polidor Plus<\/td>\n<td width=\"92\">Bege<\/td>\n<td width=\"49\">BG<\/td>\n<td width=\"80\">35 \/ 41 \/ 44 \/ 51<\/td>\n<td width=\"72\">7000 m2<\/td>\n<td width=\"86\">20 unid.<\/td>\n<td width=\"67\">0,9Kg\/m<sup>2<\/sup><\/td>\n<td width=\"0\"><\/td>\n<\/tr>\n<tr>\n<td width=\"103\">\u00a0Red Buffer<\/td>\n<td width=\"92\">Vermelho<\/td>\n<td width=\"49\">VM<\/td>\n<td width=\"80\">35 \/ 41 \/ 44 \/ 51<\/td>\n<td width=\"72\">7000 m2<\/td>\n<td width=\"86\">5 unid.<\/td>\n<td width=\"67\">0,23 Kg\/m<sup>2<\/sup><\/td>\n<td width=\"0\"><\/td>\n<\/tr>\n<tr>\n<td width=\"103\">\u00a0Removedor Plus<\/td>\n<td width=\"92\">Preto<\/td>\n<td width=\"49\">PR<\/td>\n<td width=\"80\">35 \/ 41 \/ 44 \/ 51<\/td>\n<td width=\"72\">3000 m2<\/td>\n<td width=\"86\">5\u00a0unid.<\/td>\n<td width=\"67\">0,59 Kg\/m<sup>2<\/sup><\/td>\n<td width=\"0\"><\/td>\n<\/tr>\n<tr>\n<td width=\"103\">\u00a0SpeedBurnish<\/td>\n<td width=\"92\">Champanhe<\/td>\n<td width=\"49\">SB<\/td>\n<td width=\"80\">51<\/td>\n<td width=\"72\">\u2013<\/td>\n<td width=\"86\">5 unid.<\/td>\n<td width=\"67\">1,25Kg\/m<sup>2<\/sup><\/td>\n<td width=\"0\"><\/td>\n<\/tr>\n<tr>\n<td width=\"103\">\u00a0Lustrador Plus<\/td>\n<td width=\"92\">Branco<\/td>\n<td width=\"49\">BR<\/td>\n<td width=\"80\">35 \/ 44 \/ 51<\/td>\n<td width=\"72\">7000 m2<\/td>\n<td width=\"86\">5\u00a0unid.<\/td>\n<td width=\"67\">0,59 Kg\/m<sup>2<\/sup><\/td>\n<\/tr>\n<\/tbody>\n<\/table>\n","protected":false},"excerpt":{"rendered":"<p>Discos abrasivos para tratamento de pisos incluindo lavagem, remo\u00e7\u00e3o de ceras impregnadas, polimento de ceras [&hellip;]<\/p>\n","protected":false},"featured_media":2769,"comment_status":"closed","ping_status":"closed","template":"","meta":[],"product_brand":[],"product_cat":[259],"product_tag":[],"class_list":{"0":"post-2768","1":"product","2":"type-product","3":"status-publish","4":"has-post-thumbnail","6":"product_cat-suportes-e-discos-abrasivos","8":"first","9":"instock","10":"shipping-taxable","11":"product-type-simple"},"_links":{"self":[{"href":"https:\/\/www.kimarca.com.br\/site\/wp-json\/wp\/v2\/product\/2768","targetHints":{"allow":["GET"]}}],"collection":[{"href":"https:\/\/www.kimarca.com.br\/site\/wp-json\/wp\/v2\/product"}],"about":[{"href":"https:\/\/www.kimarca.com.br\/site\/wp-json\/wp\/v2\/types\/product"}],"replies":[{"embeddable":true,"href":"https:\/\/www.kimarca.com.br\/site\/wp-json\/wp\/v2\/comments?post=2768"}],"wp:featuredmedia":[{"embeddable":true,"href":"https:\/\/www.kimarca.com.br\/site\/wp-json\/wp\/v2\/media\/2769"}],"wp:attachment":[{"href":"https:\/\/www.kimarca.com.br\/site\/wp-json\/wp\/v2\/media?parent=2768"}],"wp:term":[{"taxonomy":"product_brand","embeddable":true,"href":"https:\/\/www.kimarca.com.br\/site\/wp-json\/wp\/v2\/product_brand?post=2768"},{"taxonomy":"product_cat","embeddable":true,"href":"https:\/\/www.kimarca.com.br\/site\/wp-json\/wp\/v2\/product_cat?post=2768"},{"taxonomy":"product_tag","embeddable":true,"href":"https:\/\/www.kimarca.com.br\/site\/wp-json\/wp\/v2\/product_tag?post=2768"}],"curies":[{"name":"wp","href":"https:\/\/api.w.org\/{rel}","templated":true}]}}