{"id":2766,"date":"2017-08-17T14:25:26","date_gmt":"2017-08-17T17:25:26","guid":{"rendered":"https:\/\/www.kimarca.com.br\/site\/?post_type=product&#038;p=2766"},"modified":"2024-11-03T23:40:54","modified_gmt":"2024-11-04T02:40:54","slug":"suporte-para-discos-abrasivos","status":"publish","type":"product","link":"https:\/\/www.kimarca.com.br\/site\/produto\/suporte-para-discos-abrasivos\/","title":{"rendered":"Suporte para Discos Abrasivos"},"content":{"rendered":"<p>Este suporte foi projetado para fixar discos em enceradeiras LowSpeed.<\/p>\n<p>Possui uma manta injetada em Polipropileno com elast\u00f4meros que oferecem excelente durabilidade e maior poder de fixa\u00e7\u00e3o dos discos.<\/p>\n<p>Seu formato em disco de madeira n\u00e3o empena e mant\u00e9m uniforme a press\u00e3o dos discos abrasivos sobre as superf\u00edcies.<\/p>\n<p>O Suporte para discos aceita flanges pl\u00e1sticas ou de metal e apresenta di\u00e2metros diversos para atendimento ao tamanho da\u00a0 enceradeira que ser\u00e1 utilizada.<\/p>\n<table width=\"411\">\n<tbody>\n<tr>\n<td width=\"203\">BASE PL\u00c1STICA<\/td>\n<\/tr>\n<tr>\n<td>Di\u00e2metro (base)<\/td>\n<td>Embalagem<\/td>\n<td>Peso<\/td>\n<td>C\u00f3digo<\/td>\n<\/tr>\n<tr>\n<td>35 cm<\/td>\n<td>Individual<\/td>\n<td>0,200 kg<\/td>\n<td>SD350<\/td>\n<\/tr>\n<tr>\n<td>40 cm<\/td>\n<td>Individual<\/td>\n<td>0,300 kg<\/td>\n<td>SD400<\/td>\n<\/tr>\n<tr>\n<td>45 cm<\/td>\n<td>Individual<\/td>\n<td>0,400 kg<\/td>\n<td>SD450<\/td>\n<\/tr>\n<tr>\n<td>50 cm<\/td>\n<td>Individual<\/td>\n<td>0,550 kg<\/td>\n<td>SD550<\/td>\n<\/tr>\n<tr>\n<td>.<\/td>\n<td><\/td>\n<td><\/td>\n<td><\/td>\n<\/tr>\n<tr>\n<td>BASE MADEIRA S\/Flange<\/td>\n<td><\/td>\n<td><\/td>\n<td><\/td>\n<\/tr>\n<tr>\n<td>Di\u00e2metro (base)<\/td>\n<td>Embalagem<\/td>\n<td>Peso<\/td>\n<td>C\u00f3digo<\/td>\n<\/tr>\n<tr>\n<td>350 mm<\/td>\n<td>Individual<\/td>\n<td>1,100 kg<\/td>\n<td>SC35BR<\/td>\n<\/tr>\n<tr>\n<td>410 mm<\/td>\n<td>Individual<\/td>\n<td>1,500 kg<\/td>\n<td>SC41BR<\/td>\n<\/tr>\n<tr>\n<td>440 mm<\/td>\n<td>Individual<\/td>\n<td>1,800 kg<\/td>\n<td>SC44BR<\/td>\n<\/tr>\n<tr>\n<td>510 mm<\/td>\n<td>Individual<\/td>\n<td>2,300 kg<\/td>\n<td>SC51BR<\/td>\n<\/tr>\n<tr>\n<td>Base Madeira C\/Flange<\/td>\n<td><\/td>\n<td><\/td>\n<td><\/td>\n<\/tr>\n<tr>\n<td>350 mm<\/td>\n<td>Individual<\/td>\n<td>1,300 kg<\/td>\n<td>SC35BF<\/td>\n<\/tr>\n<tr>\n<td>410 mm<\/td>\n<td>Individual<\/td>\n<td>1,700 kg<\/td>\n<td>SC41BF<\/td>\n<\/tr>\n<tr>\n<td>440 mm<\/td>\n<td>Individual<\/td>\n<td>2,000 kg<\/td>\n<td>SC44BF<\/td>\n<\/tr>\n<tr>\n<td>510 mm<\/td>\n<td>Individual<\/td>\n<td>2,500 kg<\/td>\n<td>SC51BF<\/td>\n<\/tr>\n<\/tbody>\n<\/table>\n","protected":false},"excerpt":{"rendered":"<p>Este suporte foi projetado para fixar discos em enceradeiras LowSpeed. Possui uma manta injetada em [&hellip;]<\/p>\n","protected":false},"featured_media":2767,"comment_status":"closed","ping_status":"closed","template":"","meta":[],"product_brand":[],"product_cat":[259],"product_tag":[],"class_list":{"0":"post-2766","1":"product","2":"type-product","3":"status-publish","4":"has-post-thumbnail","6":"product_cat-suportes-e-discos-abrasivos","8":"first","9":"instock","10":"shipping-taxable","11":"product-type-simple"},"_links":{"self":[{"href":"https:\/\/www.kimarca.com.br\/site\/wp-json\/wp\/v2\/product\/2766","targetHints":{"allow":["GET"]}}],"collection":[{"href":"https:\/\/www.kimarca.com.br\/site\/wp-json\/wp\/v2\/product"}],"about":[{"href":"https:\/\/www.kimarca.com.br\/site\/wp-json\/wp\/v2\/types\/product"}],"replies":[{"embeddable":true,"href":"https:\/\/www.kimarca.com.br\/site\/wp-json\/wp\/v2\/comments?post=2766"}],"wp:featuredmedia":[{"embeddable":true,"href":"https:\/\/www.kimarca.com.br\/site\/wp-json\/wp\/v2\/media\/2767"}],"wp:attachment":[{"href":"https:\/\/www.kimarca.com.br\/site\/wp-json\/wp\/v2\/media?parent=2766"}],"wp:term":[{"taxonomy":"product_brand","embeddable":true,"href":"https:\/\/www.kimarca.com.br\/site\/wp-json\/wp\/v2\/product_brand?post=2766"},{"taxonomy":"product_cat","embeddable":true,"href":"https:\/\/www.kimarca.com.br\/site\/wp-json\/wp\/v2\/product_cat?post=2766"},{"taxonomy":"product_tag","embeddable":true,"href":"https:\/\/www.kimarca.com.br\/site\/wp-json\/wp\/v2\/product_tag?post=2766"}],"curies":[{"name":"wp","href":"https:\/\/api.w.org\/{rel}","templated":true}]}}