{"id":2764,"date":"2017-08-17T14:22:27","date_gmt":"2017-08-17T17:22:27","guid":{"rendered":"https:\/\/www.kimarca.com.br\/site\/?post_type=product&#038;p=2764"},"modified":"2024-11-03T23:40:54","modified_gmt":"2024-11-04T02:40:54","slug":"lavadora-e-enceradeira-baixa-rotacao","status":"publish","type":"product","link":"https:\/\/www.kimarca.com.br\/site\/produto\/lavadora-e-enceradeira-baixa-rotacao\/","title":{"rendered":"Lavadora e Enceradeira &#8211; Baixa Rota\u00e7\u00e3o"},"content":{"rendered":"<div class=\"vc_tta-container\" data-vc-action=\"collapse\">\n<div class=\"vc_general vc_tta vc_tta-tabs vc_tta-o-shape-group vc_tta-tabs-position-top \">\n<div class=\"vc_tta-panels-container\">\n<div class=\"vc_tta-panels\">\n<div id=\"1458228299806-0b58c500-4352\" class=\"vc_tta-panel vc_active\" data-vc-content=\".vc_tta-panel-body\">\n<div class=\"vc_tta-panel-body\">\n<div class=\"wpb_text_column wpb_content_element  vc_custom_1463764740869\">\n<div class=\"wpb_wrapper\">\n<p>A Lavadora Bralimpia traz ao mercado diversas inova\u00e7\u00f5es e aperfei\u00e7oamentos que otimizam a limpeza e a conserva\u00e7\u00e3o de pisos. Fruto do amplo conhecimento que a empresa possui no atendimento de usu\u00e1rios profissionais e semi profissionais, esta m\u00e1quina foi desenvolvida para proporcionar a melhor rela\u00e7\u00e3o custo x benef\u00edcios entre as m\u00e1quinas dispon\u00edveis no mercado. Pode ser utilizada em tarefas de lavagem de pisos, prepara\u00e7\u00e3o dos pisos para impermeabiliza\u00e7\u00e3o, aplica\u00e7\u00e3o de ceras a base de carna\u00faba ou semipoliment\u00e1veis.<\/p>\n<p>Pode ser utilizada com escovas de cerdas e discos abrasivos para pisos em a\u00e7\u00f5es de lavagem e polimento de ceras a base de carna\u00faba.Conhe\u00e7a os diferenciais que revolucionam a produtividade de operadores, preservando sua integridade f\u00edsica e diminuindo o tempo gastos nas tarefas.<\/p>\n<\/div>\n<\/div>\n<\/div>\n<\/div>\n<\/div>\n<\/div>\n<\/div>\n<\/div>\n<div class=\"vc_tta-container\" data-vc-action=\"collapse\">\n<div class=\"vc_general vc_tta vc_tta-tabs vc_tta-o-shape-group vc_tta-tabs-position-top \">\n<div class=\"vc_tta-panels-container\">\n<div class=\"vc_tta-panels\">\n<div id=\"1458228299852-90634618-e399\" class=\"vc_tta-panel vc_active\" data-vc-content=\".vc_tta-panel-body\">\n<div class=\"vc_tta-panel-body\">\n<div class=\"wpb_text_column wpb_content_element \">\n<div class=\"wpb_wrapper\">\n<table width=\"332\">\n<tbody>\n<tr>\n<td width=\"64\">Di\u00e2metro<\/td>\n<td width=\"76\">Velocidade<\/td>\n<td width=\"64\">Pot\u00eancia<\/td>\n<td width=\"64\">Peso<\/td>\n<td width=\"64\"><\/td>\n<\/tr>\n<tr>\n<td width=\"64\">350 mm<\/td>\n<td width=\"76\">175 rpm<\/td>\n<td width=\"64\">3\/4 HP<\/td>\n<td width=\"64\">25 Kg<\/td>\n<td width=\"64\"><\/td>\n<\/tr>\n<tr>\n<td width=\"64\">410 mm<\/td>\n<td width=\"76\">175 rpm<\/td>\n<td width=\"64\">3\/4 HP<\/td>\n<td width=\"64\">26,8 Kg<\/td>\n<td width=\"64\"><\/td>\n<\/tr>\n<tr>\n<td width=\"64\">440 mm<\/td>\n<td width=\"76\">175 rpm<\/td>\n<td width=\"64\">1 HP<\/td>\n<td width=\"64\">27,8 Kg<\/td>\n<td width=\"64\"><\/td>\n<\/tr>\n<tr>\n<td width=\"64\">510 mm<\/td>\n<td width=\"76\">175 rpm<\/td>\n<td width=\"64\">1 HP<\/td>\n<td width=\"64\">30,3 Kg<\/td>\n<td width=\"64\"><\/td>\n<\/tr>\n<tr>\n<td width=\"64\">.<\/td>\n<td><\/td>\n<td><\/td>\n<td><\/td>\n<td width=\"64\"><\/td>\n<\/tr>\n<tr>\n<td width=\"64\"><strong>C\u00d3DIGO<\/strong><\/td>\n<td width=\"76\">350 mm<\/td>\n<td width=\"64\">410 mm<\/td>\n<td width=\"64\">440 mm<\/td>\n<td width=\"64\">510 mm<\/td>\n<\/tr>\n<tr>\n<td width=\"64\">110 V<\/td>\n<td width=\"76\">BR351<\/td>\n<td width=\"64\">BR411<\/td>\n<td width=\"64\">BR441<\/td>\n<td width=\"64\">BR511<\/td>\n<\/tr>\n<tr>\n<td width=\"64\">220 V<\/td>\n<td width=\"76\">BR352<\/td>\n<td width=\"64\">BR412<\/td>\n<td width=\"64\">BR442<\/td>\n<td width=\"64\">BR512<\/td>\n<\/tr>\n<\/tbody>\n<\/table>\n<\/div>\n<\/div>\n<\/div>\n<\/div>\n<\/div>\n<\/div>\n<\/div>\n<\/div>\n<p>&nbsp;<\/p>\n","protected":false},"excerpt":{"rendered":"<p>A Lavadora Bralimpia traz ao mercado diversas inova\u00e7\u00f5es e aperfei\u00e7oamentos que otimizam a limpeza e [&hellip;]<\/p>\n","protected":false},"featured_media":2765,"comment_status":"closed","ping_status":"closed","template":"","meta":[],"product_brand":[],"product_cat":[283],"product_tag":[],"class_list":{"0":"post-2764","1":"product","2":"type-product","3":"status-publish","4":"has-post-thumbnail","6":"product_cat-lavadora-e-enceradeira","8":"first","9":"instock","10":"shipping-taxable","11":"product-type-simple"},"_links":{"self":[{"href":"https:\/\/www.kimarca.com.br\/site\/wp-json\/wp\/v2\/product\/2764","targetHints":{"allow":["GET"]}}],"collection":[{"href":"https:\/\/www.kimarca.com.br\/site\/wp-json\/wp\/v2\/product"}],"about":[{"href":"https:\/\/www.kimarca.com.br\/site\/wp-json\/wp\/v2\/types\/product"}],"replies":[{"embeddable":true,"href":"https:\/\/www.kimarca.com.br\/site\/wp-json\/wp\/v2\/comments?post=2764"}],"wp:featuredmedia":[{"embeddable":true,"href":"https:\/\/www.kimarca.com.br\/site\/wp-json\/wp\/v2\/media\/2765"}],"wp:attachment":[{"href":"https:\/\/www.kimarca.com.br\/site\/wp-json\/wp\/v2\/media?parent=2764"}],"wp:term":[{"taxonomy":"product_brand","embeddable":true,"href":"https:\/\/www.kimarca.com.br\/site\/wp-json\/wp\/v2\/product_brand?post=2764"},{"taxonomy":"product_cat","embeddable":true,"href":"https:\/\/www.kimarca.com.br\/site\/wp-json\/wp\/v2\/product_cat?post=2764"},{"taxonomy":"product_tag","embeddable":true,"href":"https:\/\/www.kimarca.com.br\/site\/wp-json\/wp\/v2\/product_tag?post=2764"}],"curies":[{"name":"wp","href":"https:\/\/api.w.org\/{rel}","templated":true}]}}