{"id":2762,"date":"2017-08-17T14:17:23","date_gmt":"2017-08-17T17:17:23","guid":{"rendered":"https:\/\/www.kimarca.com.br\/site\/?post_type=product&#038;p=2762"},"modified":"2024-11-03T23:40:54","modified_gmt":"2024-11-04T02:40:54","slug":"carro-organizador-strong-com-fechamento","status":"publish","type":"product","link":"https:\/\/www.kimarca.com.br\/site\/produto\/carro-organizador-strong-com-fechamento\/","title":{"rendered":"Carro Organizador Strong com Fechamento"},"content":{"rendered":"<p>O Carro Organizador Strong\u00a0com\u00a0Fechamento \u00e9 excelente para organizar e proteger itens diversos como materiais de escrit\u00f3rios, acess\u00f3rios para alimenta\u00e7\u00e3o ou para servi\u00e7os de sa\u00fade, etc..<\/p>\n<p>Este equipamento \u00e9\u00a0 fabricado em polipropileno e alum\u00ednio anodizado que permite durabilidade ao produto e f\u00e1cil higieniza\u00e7\u00e3o.<\/p>\n<p>Sendo assim pode ser feita a organiza\u00e7\u00e3o de diferentes tipos de materiais, objetos e acess\u00f3rios proporcionando ambientes limpos e organizados.<\/p>\n<p>Sua utiliza\u00e7\u00e3o \u00e9 indicada tanto para os servi\u00e7os em restaurantes ou fast foods por possibilitarem o transporte de bandejas e outros utens\u00edlios, quanto para outras necessidades de outros tipos de empresas.<\/p>\n<table border=\"0\" width=\"449\" cellspacing=\"0\" cellpadding=\"0\">\n<tbody>\n<tr>\n<td valign=\"bottom\" nowrap=\"nowrap\" width=\"63\">C\u00f3digos<\/td>\n<td valign=\"bottom\" nowrap=\"nowrap\" width=\"74\">\n<div align=\"center\">Fechamento Lateral<\/div>\n<\/td>\n<td valign=\"bottom\" nowrap=\"nowrap\" width=\"74\">\n<div align=\"center\">Fechamento e Portas<\/div>\n<\/td>\n<\/tr>\n<tr>\n<td valign=\"bottom\" nowrap=\"nowrap\" width=\"103\">\n<div>4 bandejas<\/div>\n<\/td>\n<td valign=\"bottom\" nowrap=\"nowrap\" width=\"64\">\n<div align=\"center\">CH4000<\/div>\n<\/td>\n<td valign=\"bottom\" nowrap=\"nowrap\" width=\"64\">\n<div align=\"center\">CA4000<\/div>\n<\/td>\n<\/tr>\n<tr>\n<td valign=\"bottom\" nowrap=\"nowrap\" width=\"103\">\n<div>5 bandejas<\/div>\n<\/td>\n<td valign=\"bottom\" nowrap=\"nowrap\" width=\"64\">\n<div align=\"center\">CH5000<\/div>\n<\/td>\n<td valign=\"bottom\" nowrap=\"nowrap\" width=\"64\">\n<div align=\"center\">CA5000<\/div>\n<\/td>\n<\/tr>\n<\/tbody>\n<\/table>\n<p>&nbsp;<\/p>\n<table border=\"0\" width=\"449\" cellspacing=\"0\" cellpadding=\"0\">\n<tbody>\n<tr>\n<td valign=\"bottom\" nowrap=\"nowrap\" width=\"103\">Pesos<\/td>\n<td valign=\"bottom\" nowrap=\"nowrap\" width=\"64\">\n<div align=\"center\">4000<\/div>\n<\/td>\n<td valign=\"bottom\" nowrap=\"nowrap\" width=\"64\">\n<div align=\"center\">5000<\/div>\n<\/td>\n<\/tr>\n<tr>\n<td valign=\"bottom\" nowrap=\"nowrap\" width=\"103\">CH \u2013 Fechamento Lateral<\/td>\n<td valign=\"bottom\" nowrap=\"nowrap\" width=\"64\">\n<div align=\"center\">36 Kg<\/div>\n<\/td>\n<td valign=\"bottom\" nowrap=\"nowrap\" width=\"64\">\n<div align=\"center\">46 Kg<\/div>\n<\/td>\n<\/tr>\n<tr>\n<td valign=\"bottom\" nowrap=\"nowrap\" width=\"103\">CA \u2013 Fechamento com Portas<\/td>\n<td valign=\"bottom\" nowrap=\"nowrap\" width=\"64\">\n<div align=\"center\">40,5\u00a0Kg<\/div>\n<\/td>\n<td valign=\"bottom\" nowrap=\"nowrap\" width=\"64\">\n<div align=\"center\">52\u00a0Kg<\/div>\n<\/td>\n<\/tr>\n<\/tbody>\n<\/table>\n<p>&nbsp;<\/p>\n<table border=\"0\" width=\"449\" cellspacing=\"0\" cellpadding=\"0\">\n<tbody>\n<tr>\n<td valign=\"bottom\" nowrap=\"nowrap\" width=\"103\">\n<div>Descri\u00e7\u00e3o<\/div>\n<\/td>\n<td valign=\"bottom\" nowrap=\"nowrap\" width=\"64\">\n<div align=\"center\">Comp.<\/div>\n<\/td>\n<td valign=\"bottom\" nowrap=\"nowrap\" width=\"64\">\n<div align=\"center\">Largura<\/div>\n<\/td>\n<td valign=\"bottom\" nowrap=\"nowrap\" width=\"64\">\n<div align=\"center\">Altura<\/div>\n<\/td>\n<\/tr>\n<tr>\n<td valign=\"bottom\" nowrap=\"nowrap\" width=\"103\">\n<div>4 bandejas<\/div>\n<\/td>\n<td valign=\"bottom\" nowrap=\"nowrap\" width=\"64\">\n<div align=\"center\">107 cm<\/div>\n<\/td>\n<td valign=\"bottom\" nowrap=\"nowrap\" width=\"64\">\n<div align=\"center\">54 cm<\/div>\n<\/td>\n<td valign=\"bottom\" nowrap=\"nowrap\" width=\"64\">\n<div align=\"center\">1,35 cm<\/div>\n<\/td>\n<\/tr>\n<tr>\n<td valign=\"bottom\" nowrap=\"nowrap\" width=\"103\">\n<div>5 bandejas<\/div>\n<\/td>\n<td valign=\"bottom\" nowrap=\"nowrap\" width=\"64\">\n<div align=\"center\">107 cm<\/div>\n<\/td>\n<td valign=\"bottom\" nowrap=\"nowrap\" width=\"64\">\n<div align=\"center\">50 cm<\/div>\n<\/td>\n<td valign=\"bottom\" nowrap=\"nowrap\" width=\"64\">\n<div align=\"center\">1,71 cm<\/div>\n<\/td>\n<\/tr>\n<\/tbody>\n<\/table>\n","protected":false},"excerpt":{"rendered":"<p>O Carro Organizador Strong\u00a0com\u00a0Fechamento \u00e9 excelente para organizar e proteger itens diversos como materiais de [&hellip;]<\/p>\n","protected":false},"featured_media":2763,"comment_status":"closed","ping_status":"closed","template":"","meta":[],"product_brand":[],"product_cat":[267],"product_tag":[],"class_list":{"0":"post-2762","1":"product","2":"type-product","3":"status-publish","4":"has-post-thumbnail","6":"product_cat-carros-organizadores","8":"first","9":"instock","10":"shipping-taxable","11":"product-type-simple"},"_links":{"self":[{"href":"https:\/\/www.kimarca.com.br\/site\/wp-json\/wp\/v2\/product\/2762","targetHints":{"allow":["GET"]}}],"collection":[{"href":"https:\/\/www.kimarca.com.br\/site\/wp-json\/wp\/v2\/product"}],"about":[{"href":"https:\/\/www.kimarca.com.br\/site\/wp-json\/wp\/v2\/types\/product"}],"replies":[{"embeddable":true,"href":"https:\/\/www.kimarca.com.br\/site\/wp-json\/wp\/v2\/comments?post=2762"}],"wp:featuredmedia":[{"embeddable":true,"href":"https:\/\/www.kimarca.com.br\/site\/wp-json\/wp\/v2\/media\/2763"}],"wp:attachment":[{"href":"https:\/\/www.kimarca.com.br\/site\/wp-json\/wp\/v2\/media?parent=2762"}],"wp:term":[{"taxonomy":"product_brand","embeddable":true,"href":"https:\/\/www.kimarca.com.br\/site\/wp-json\/wp\/v2\/product_brand?post=2762"},{"taxonomy":"product_cat","embeddable":true,"href":"https:\/\/www.kimarca.com.br\/site\/wp-json\/wp\/v2\/product_cat?post=2762"},{"taxonomy":"product_tag","embeddable":true,"href":"https:\/\/www.kimarca.com.br\/site\/wp-json\/wp\/v2\/product_tag?post=2762"}],"curies":[{"name":"wp","href":"https:\/\/api.w.org\/{rel}","templated":true}]}}