{"id":2760,"date":"2017-08-17T14:16:19","date_gmt":"2017-08-17T17:16:19","guid":{"rendered":"https:\/\/www.kimarca.com.br\/site\/?post_type=product&#038;p=2760"},"modified":"2024-11-03T23:40:54","modified_gmt":"2024-11-04T02:40:54","slug":"carro-sistema-strong-sem-fechamento","status":"publish","type":"product","link":"https:\/\/www.kimarca.com.br\/site\/produto\/carro-sistema-strong-sem-fechamento\/","title":{"rendered":"Carro Sistema Strong Sem Fechamento"},"content":{"rendered":"<div class=\"vc_tta-container\" data-vc-action=\"collapse\">\n<div class=\"vc_general vc_tta vc_tta-tabs vc_tta-o-shape-group vc_tta-tabs-position-top \">\n<div class=\"vc_tta-panels-container\">\n<div class=\"vc_tta-panels\">\n<div id=\"1458228299806-0b58c500-4352\" class=\"vc_tta-panel vc_active\" data-vc-content=\".vc_tta-panel-body\">\n<div class=\"vc_tta-panel-body\">\n<div class=\"wpb_text_column wpb_content_element \">\n<div class=\"wpb_wrapper\">\n<p>Fabricado em Polipropileno e Alum\u00ednio anodizado, este sistema permite a organiza\u00e7\u00e3o de diferentes tipos de materiais, objetos e acess\u00f3rios proporcionando ambientes limpos e organizados. Sua versatilidade permite seu deslocamento em locais com espa\u00e7o restrito.<\/p>\n<p>Dispon\u00edvel em diversas vers\u00f5es para que se adequem as mais diferentes necessidades.<\/p>\n<p>Tamb\u00e9m indicado para servi\u00e7os em restaurantes e fast foods pois, possibilitam o transporte de bandejas, pratos, talheres e outros.<\/p>\n<\/div>\n<\/div>\n<\/div>\n<\/div>\n<\/div>\n<\/div>\n<\/div>\n<\/div>\n<div class=\"vc_tta-container\" data-vc-action=\"collapse\">\n<div class=\"vc_general vc_tta vc_tta-tabs vc_tta-o-shape-group vc_tta-tabs-position-top \">\n<div class=\"vc_tta-panels-container\">\n<div class=\"vc_tta-panels\">\n<div id=\"1458228299852-90634618-e399\" class=\"vc_tta-panel vc_active\" data-vc-content=\".vc_tta-panel-body\">\n<div class=\"vc_tta-panel-body\">\n<div class=\"wpb_text_column wpb_content_element \">\n<div class=\"wpb_wrapper\">\n<table border=\"0\" width=\"449\" cellspacing=\"0\" cellpadding=\"0\">\n<tbody>\n<tr>\n<td valign=\"bottom\" nowrap=\"nowrap\" width=\"63\">C\u00f3digos<\/td>\n<td valign=\"bottom\" nowrap=\"nowrap\" width=\"74\">\n<div align=\"center\">Sem Fechamento<\/div>\n<\/td>\n<td valign=\"bottom\" nowrap=\"nowrap\" width=\"74\">\n<div align=\"center\">Fechamento Lateral<\/div>\n<\/td>\n<td valign=\"bottom\" nowrap=\"nowrap\" width=\"74\"><\/td>\n<\/tr>\n<tr>\n<td valign=\"bottom\" nowrap=\"nowrap\" width=\"103\">\n<div>4 bandejas<\/div>\n<\/td>\n<td valign=\"bottom\" nowrap=\"nowrap\" width=\"64\">\n<div align=\"center\">CE4000<\/div>\n<\/td>\n<td valign=\"bottom\" nowrap=\"nowrap\" width=\"64\">\n<div align=\"center\">CH4000<\/div>\n<\/td>\n<td valign=\"bottom\" nowrap=\"nowrap\" width=\"64\"><\/td>\n<\/tr>\n<tr>\n<td valign=\"bottom\" nowrap=\"nowrap\" width=\"103\">\n<div>5 bandejas<\/div>\n<\/td>\n<td valign=\"bottom\" nowrap=\"nowrap\" width=\"64\">\n<div align=\"center\">CE5000<\/div>\n<\/td>\n<td valign=\"bottom\" nowrap=\"nowrap\" width=\"64\">\n<div align=\"center\">CH5000<\/div>\n<\/td>\n<td valign=\"bottom\" nowrap=\"nowrap\" width=\"64\"><\/td>\n<\/tr>\n<\/tbody>\n<\/table>\n<p>&nbsp;<\/p>\n<table border=\"0\" width=\"449\" cellspacing=\"0\" cellpadding=\"0\">\n<tbody>\n<tr>\n<td valign=\"bottom\" nowrap=\"nowrap\" width=\"103\">Pesos<\/td>\n<td valign=\"bottom\" nowrap=\"nowrap\" width=\"64\">\n<div align=\"center\">4 Bandejas<\/div>\n<\/td>\n<td valign=\"bottom\" nowrap=\"nowrap\" width=\"64\">\n<div align=\"center\">5 Bandejas<\/div>\n<\/td>\n<\/tr>\n<tr>\n<td valign=\"bottom\" nowrap=\"nowrap\" width=\"103\">Sem Fechamento \u00a0 \u00a0 \u00a0 = CE<\/td>\n<td valign=\"bottom\" nowrap=\"nowrap\" width=\"64\">\n<div align=\"center\">30\u00a0Kg<\/div>\n<\/td>\n<td valign=\"bottom\" nowrap=\"nowrap\" width=\"64\">\n<div align=\"center\">38 Kg<\/div>\n<\/td>\n<\/tr>\n<tr>\n<td valign=\"bottom\" nowrap=\"nowrap\" width=\"103\">\u00a0Fechamento Lateral = CH<\/td>\n<td valign=\"bottom\" nowrap=\"nowrap\" width=\"64\">\n<div align=\"center\">36 Kg<\/div>\n<\/td>\n<td valign=\"bottom\" nowrap=\"nowrap\" width=\"64\">\n<div align=\"center\">46 Kg<\/div>\n<\/td>\n<\/tr>\n<\/tbody>\n<\/table>\n<p>&nbsp;<\/p>\n<table border=\"0\" width=\"449\" cellspacing=\"0\" cellpadding=\"0\">\n<tbody>\n<tr>\n<td valign=\"bottom\" nowrap=\"nowrap\" width=\"103\">\n<div>Dimens\u00f5es<\/div>\n<\/td>\n<td valign=\"bottom\" nowrap=\"nowrap\" width=\"64\">\n<div align=\"center\">Comp.<\/div>\n<\/td>\n<td valign=\"bottom\" nowrap=\"nowrap\" width=\"64\">\n<div align=\"center\">Largura<\/div>\n<\/td>\n<td valign=\"bottom\" nowrap=\"nowrap\" width=\"64\">\n<div align=\"center\">Altura<\/div>\n<\/td>\n<\/tr>\n<tr>\n<td valign=\"bottom\" nowrap=\"nowrap\" width=\"103\">\n<div>4 bandejas<\/div>\n<\/td>\n<td valign=\"bottom\" nowrap=\"nowrap\" width=\"64\">\n<div align=\"center\">107 cm<\/div>\n<\/td>\n<td valign=\"bottom\" nowrap=\"nowrap\" width=\"64\">\n<div align=\"center\">54 cm<\/div>\n<\/td>\n<td valign=\"bottom\" nowrap=\"nowrap\" width=\"64\">\n<div align=\"center\">1,35 cm<\/div>\n<\/td>\n<\/tr>\n<tr>\n<td valign=\"bottom\" nowrap=\"nowrap\" width=\"103\">\n<div>5 bandejas<\/div>\n<\/td>\n<td valign=\"bottom\" nowrap=\"nowrap\" width=\"64\">\n<div align=\"center\">107 cm<\/div>\n<\/td>\n<td valign=\"bottom\" nowrap=\"nowrap\" width=\"64\">\n<div align=\"center\">50 cm<\/div>\n<\/td>\n<td valign=\"bottom\" nowrap=\"nowrap\" width=\"64\">\n<div align=\"center\">1,71 cm<\/div>\n<\/td>\n<\/tr>\n<\/tbody>\n<\/table>\n<\/div>\n<\/div>\n<\/div>\n<\/div>\n<\/div>\n<\/div>\n<\/div>\n<\/div>\n<p>&nbsp;<\/p>\n","protected":false},"excerpt":{"rendered":"<p>Fabricado em Polipropileno e Alum\u00ednio anodizado, este sistema permite a organiza\u00e7\u00e3o de diferentes tipos de [&hellip;]<\/p>\n","protected":false},"featured_media":2761,"comment_status":"closed","ping_status":"closed","template":"","meta":[],"product_brand":[],"product_cat":[267],"product_tag":[],"class_list":{"0":"post-2760","1":"product","2":"type-product","3":"status-publish","4":"has-post-thumbnail","6":"product_cat-carros-organizadores","8":"first","9":"instock","10":"shipping-taxable","11":"product-type-simple"},"_links":{"self":[{"href":"https:\/\/www.kimarca.com.br\/site\/wp-json\/wp\/v2\/product\/2760","targetHints":{"allow":["GET"]}}],"collection":[{"href":"https:\/\/www.kimarca.com.br\/site\/wp-json\/wp\/v2\/product"}],"about":[{"href":"https:\/\/www.kimarca.com.br\/site\/wp-json\/wp\/v2\/types\/product"}],"replies":[{"embeddable":true,"href":"https:\/\/www.kimarca.com.br\/site\/wp-json\/wp\/v2\/comments?post=2760"}],"wp:featuredmedia":[{"embeddable":true,"href":"https:\/\/www.kimarca.com.br\/site\/wp-json\/wp\/v2\/media\/2761"}],"wp:attachment":[{"href":"https:\/\/www.kimarca.com.br\/site\/wp-json\/wp\/v2\/media?parent=2760"}],"wp:term":[{"taxonomy":"product_brand","embeddable":true,"href":"https:\/\/www.kimarca.com.br\/site\/wp-json\/wp\/v2\/product_brand?post=2760"},{"taxonomy":"product_cat","embeddable":true,"href":"https:\/\/www.kimarca.com.br\/site\/wp-json\/wp\/v2\/product_cat?post=2760"},{"taxonomy":"product_tag","embeddable":true,"href":"https:\/\/www.kimarca.com.br\/site\/wp-json\/wp\/v2\/product_tag?post=2760"}],"curies":[{"name":"wp","href":"https:\/\/api.w.org\/{rel}","templated":true}]}}