{"id":2756,"date":"2017-08-17T14:13:40","date_gmt":"2017-08-17T17:13:40","guid":{"rendered":"https:\/\/www.kimarca.com.br\/site\/?post_type=product&#038;p=2756"},"modified":"2024-11-03T23:40:54","modified_gmt":"2024-11-04T02:40:54","slug":"carro-organizador-bandeja","status":"publish","type":"product","link":"https:\/\/www.kimarca.com.br\/site\/produto\/carro-organizador-bandeja\/","title":{"rendered":"Carro Organizador Bandeja"},"content":{"rendered":"<div class=\"vc_tta-container\" data-vc-action=\"collapse\">\n<div class=\"vc_general vc_tta vc_tta-tabs vc_tta-o-shape-group vc_tta-tabs-position-top \">\n<div class=\"vc_tta-panels-container\">\n<div class=\"vc_tta-panels\">\n<div id=\"1458228299806-0b58c500-4352\" class=\"vc_tta-panel vc_active\" data-vc-content=\".vc_tta-panel-body\">\n<div class=\"vc_tta-panel-body\">\n<div class=\"wpb_text_column wpb_content_element \">\n<div class=\"wpb_wrapper\">\n<p>Carro funcional modular para transporte de produtos, equipamentos, ferramentas e outros.<\/p>\n<p>Fabricado em Polipropileno de alta resist\u00eancia com estrutura tubular em alum\u00ednio. Rod\u00edzios fixos e girat\u00f3rios resistentes e silenciosos.<\/p>\n<p>Ideal para \u00e1reas hospitalares, industriais, hoteleiras, gastron\u00f4micas, oficinas e outros. Resist\u00eancia de 40 kg por prateleira.<\/p>\n<\/div>\n<\/div>\n<\/div>\n<\/div>\n<\/div>\n<\/div>\n<\/div>\n<\/div>\n<div class=\"vc_tta-container\" data-vc-action=\"collapse\">\n<div class=\"vc_general vc_tta vc_tta-tabs vc_tta-o-shape-group vc_tta-tabs-position-top \">\n<div class=\"vc_tta-panels-container\">\n<div class=\"vc_tta-panels\">\n<div id=\"1458228299852-90634618-e399\" class=\"vc_tta-panel vc_active\" data-vc-content=\".vc_tta-panel-body\">\n<div class=\"vc_tta-panel-body\">\n<div class=\"wpb_text_column wpb_content_element \">\n<div class=\"wpb_wrapper\">\n<p><strong>Carro Organizador Bandeja \u2013 C\u00f3digo: NY103<\/strong><\/p>\n<table border=\"0\" width=\"421\" cellspacing=\"0\" cellpadding=\"0\">\n<tbody>\n<tr>\n<td valign=\"bottom\" nowrap=\"nowrap\" width=\"87\">\n<div>Descri\u00e7\u00e3o<\/div>\n<\/td>\n<td valign=\"bottom\" nowrap=\"nowrap\" width=\"64\">\n<div align=\"center\">Comp.<\/div>\n<\/td>\n<td valign=\"bottom\" nowrap=\"nowrap\" width=\"64\">\n<div align=\"center\">Largura<\/div>\n<\/td>\n<td valign=\"bottom\" nowrap=\"nowrap\" width=\"64\">\n<div align=\"center\">Altura<\/div>\n<\/td>\n<td valign=\"bottom\" nowrap=\"nowrap\" width=\"79\">\n<div align=\"center\">Embalagem<\/div>\n<\/td>\n<td valign=\"bottom\" nowrap=\"nowrap\" width=\"64\">\n<div align=\"center\">Peso<\/div>\n<\/td>\n<\/tr>\n<tr>\n<td valign=\"bottom\" nowrap=\"nowrap\" width=\"87\">\n<div>Montado<\/div>\n<\/td>\n<td valign=\"bottom\" nowrap=\"nowrap\" width=\"64\">\n<div align=\"center\">95 cm<\/div>\n<\/td>\n<td valign=\"bottom\" nowrap=\"nowrap\" width=\"64\">\n<div align=\"center\">48 cm<\/div>\n<\/td>\n<td valign=\"bottom\" nowrap=\"nowrap\" width=\"64\">\n<div align=\"center\">96 cm<\/div>\n<\/td>\n<td valign=\"bottom\" nowrap=\"nowrap\" width=\"79\">\n<div align=\"center\">1 unid.<\/div>\n<\/td>\n<td valign=\"bottom\" nowrap=\"nowrap\" width=\"64\">\n<div align=\"center\">12kg<\/div>\n<\/td>\n<\/tr>\n<tr>\n<td valign=\"bottom\" nowrap=\"nowrap\" width=\"87\">\n<div>Desmontado<\/div>\n<\/td>\n<td valign=\"bottom\" nowrap=\"nowrap\" width=\"64\">\n<div align=\"center\">80cm<\/div>\n<\/td>\n<td valign=\"bottom\" nowrap=\"nowrap\" width=\"64\">\n<div align=\"center\">50 cm<\/div>\n<\/td>\n<td valign=\"bottom\" nowrap=\"nowrap\" width=\"64\">\n<div align=\"center\">40cm<\/div>\n<\/td>\n<td valign=\"bottom\" nowrap=\"nowrap\" width=\"79\">\n<div align=\"center\">1 unid.<\/div>\n<\/td>\n<td valign=\"bottom\" nowrap=\"nowrap\" width=\"64\">\n<div align=\"center\">12kg<\/div>\n<\/td>\n<\/tr>\n<\/tbody>\n<\/table>\n<\/div>\n<\/div>\n<\/div>\n<\/div>\n<\/div>\n<\/div>\n<\/div>\n<\/div>\n<p>&nbsp;<\/p>\n","protected":false},"excerpt":{"rendered":"<p>Carro funcional modular para transporte de produtos, equipamentos, ferramentas e outros. Fabricado em Polipropileno de [&hellip;]<\/p>\n","protected":false},"featured_media":2757,"comment_status":"closed","ping_status":"closed","template":"","meta":[],"product_brand":[],"product_cat":[267],"product_tag":[],"class_list":{"0":"post-2756","1":"product","2":"type-product","3":"status-publish","4":"has-post-thumbnail","6":"product_cat-carros-organizadores","8":"first","9":"instock","10":"shipping-taxable","11":"product-type-simple"},"_links":{"self":[{"href":"https:\/\/www.kimarca.com.br\/site\/wp-json\/wp\/v2\/product\/2756","targetHints":{"allow":["GET"]}}],"collection":[{"href":"https:\/\/www.kimarca.com.br\/site\/wp-json\/wp\/v2\/product"}],"about":[{"href":"https:\/\/www.kimarca.com.br\/site\/wp-json\/wp\/v2\/types\/product"}],"replies":[{"embeddable":true,"href":"https:\/\/www.kimarca.com.br\/site\/wp-json\/wp\/v2\/comments?post=2756"}],"wp:featuredmedia":[{"embeddable":true,"href":"https:\/\/www.kimarca.com.br\/site\/wp-json\/wp\/v2\/media\/2757"}],"wp:attachment":[{"href":"https:\/\/www.kimarca.com.br\/site\/wp-json\/wp\/v2\/media?parent=2756"}],"wp:term":[{"taxonomy":"product_brand","embeddable":true,"href":"https:\/\/www.kimarca.com.br\/site\/wp-json\/wp\/v2\/product_brand?post=2756"},{"taxonomy":"product_cat","embeddable":true,"href":"https:\/\/www.kimarca.com.br\/site\/wp-json\/wp\/v2\/product_cat?post=2756"},{"taxonomy":"product_tag","embeddable":true,"href":"https:\/\/www.kimarca.com.br\/site\/wp-json\/wp\/v2\/product_tag?post=2756"}],"curies":[{"name":"wp","href":"https:\/\/api.w.org\/{rel}","templated":true}]}}