{"id":2754,"date":"2017-08-17T14:11:29","date_gmt":"2017-08-17T17:11:29","guid":{"rendered":"https:\/\/www.kimarca.com.br\/site\/?post_type=product&#038;p=2754"},"modified":"2024-11-03T23:40:54","modified_gmt":"2024-11-04T02:40:54","slug":"carro-cuba-400-l-sem-tampa","status":"publish","type":"product","link":"https:\/\/www.kimarca.com.br\/site\/produto\/carro-cuba-400-l-sem-tampa\/","title":{"rendered":"Carro Cuba 400 L Sem Tampa"},"content":{"rendered":"<p>Fabricados em polietileno de m\u00e9dia densidade, possuem rodas fixas\u00a0girat\u00f3rias com sistema de equil\u00edbrio central que permite facilidade em\u00a0manobras.<\/p>\n<p>Os Carros Cuba s\u00e3o\u00a0ideais para coleta de lixo hospitalar, roupas em lavanderias e\u00a0hot\u00e9is, transporte de restos nas \u00e1reas de gastronomia entre outros.<\/p>\n<p>Com\u00a0capacidade para 400 litros, suportam at\u00e9 230 Kg de carga e possuem dreno para descarte de res\u00edduos para f\u00e1cil higieniza\u00e7\u00e3o.<\/p>\n<h4>TAMPAS \u2013 PLATAFORMA DE ELEVA\u00c7\u00c3O \u2013 ROD\u00cdZIOS EMBORRACHADOS<\/h4>\n<p>Veja abaixo, a linha de opcionais composta de tampa e sistema de molas que\u00a0erguem a plataforma do fundo em dire\u00e7\u00e3o \u00e0 abertura do carro, proporcionando\u00a0excelente ergonomia ao operador.<\/p>\n<div class=\"wpb_text_column wpb_content_element \">\n<div class=\"wpb_wrapper\">\n<h4><strong>CARRO CUBA SEM TAMPA<\/strong><\/h4>\n<table border=\"0\" cellspacing=\"0\" cellpadding=\"0\" align=\"left\">\n<tbody>\n<tr>\n<td valign=\"bottom\" nowrap=\"nowrap\" width=\"205\">\n<div><strong>COR \u00a0 \u00a0 \u00a0| C\u00d3DIGO<\/strong><\/div>\n<\/td>\n<td valign=\"bottom\" nowrap=\"nowrap\" width=\"60\">\n<div align=\"center\">Comp.<\/div>\n<\/td>\n<td valign=\"bottom\" nowrap=\"nowrap\" width=\"66\">\n<div align=\"center\">Largura<\/div>\n<\/td>\n<td valign=\"bottom\" nowrap=\"nowrap\" width=\"76\">\n<div align=\"center\">Altura<\/div>\n<\/td>\n<td valign=\"bottom\" nowrap=\"nowrap\" width=\"84\">\n<div align=\"center\">Capacidade<\/div>\n<\/td>\n<td valign=\"bottom\" nowrap=\"nowrap\" width=\"68\">\n<div align=\"center\">Peso\/cap.<\/div>\n<\/td>\n<td valign=\"bottom\" nowrap=\"nowrap\" width=\"65\">\n<div align=\"center\">C\u00f3digo<\/div>\n<\/td>\n<\/tr>\n<tr>\n<td valign=\"bottom\" nowrap=\"nowrap\" width=\"205\">\n<div><strong>Cinza<\/strong>\u00a0 \u00a0 | C400CZ<\/div>\n<\/td>\n<td valign=\"bottom\" nowrap=\"nowrap\" width=\"60\">\n<div align=\"center\">112 cm<\/div>\n<\/td>\n<td valign=\"bottom\" nowrap=\"nowrap\" width=\"66\">\n<div align=\"center\">79 cm<\/div>\n<\/td>\n<td valign=\"bottom\" nowrap=\"nowrap\" width=\"76\">\n<div align=\"center\">88 cm<\/div>\n<\/td>\n<td valign=\"bottom\" nowrap=\"nowrap\" width=\"84\">\n<div align=\"center\">400 litros<\/div>\n<\/td>\n<td valign=\"bottom\" nowrap=\"nowrap\" width=\"68\">\n<div align=\"center\">18 kg<\/div>\n<\/td>\n<td valign=\"bottom\" nowrap=\"nowrap\" width=\"65\">\n<div align=\"center\">C400CZ<\/div>\n<\/td>\n<\/tr>\n<tr>\n<td valign=\"bottom\" nowrap=\"nowrap\" width=\"205\">\n<div><strong>Branco<\/strong>\u00a0| C400BR<\/div>\n<\/td>\n<td valign=\"bottom\" nowrap=\"nowrap\" width=\"60\">\n<div align=\"center\">112 cm<\/div>\n<\/td>\n<td valign=\"bottom\" nowrap=\"nowrap\" width=\"66\">\n<div align=\"center\">79 cm<\/div>\n<\/td>\n<td valign=\"bottom\" nowrap=\"nowrap\" width=\"76\">\n<div align=\"center\">88 cm<\/div>\n<\/td>\n<td valign=\"bottom\" nowrap=\"nowrap\" width=\"84\">\n<div align=\"center\">400 litros<\/div>\n<\/td>\n<td valign=\"bottom\" nowrap=\"nowrap\" width=\"68\">\n<div align=\"center\">18 kg<\/div>\n<\/td>\n<td align=\"center\" valign=\"bottom\" nowrap=\"nowrap\" width=\"65\">\n<div align=\"center\">C400BR<\/div>\n<\/td>\n<\/tr>\n<\/tbody>\n<\/table>\n<h4><\/h4>\n<p>&nbsp;<\/p>\n<h4><strong>TAMPA PARA CARRO CUBA<\/strong><\/h4>\n<table class=\" alignleft\" border=\"0\" cellspacing=\"0\" cellpadding=\"0\" align=\"left\">\n<tbody>\n<tr>\n<td valign=\"bottom\" nowrap=\"nowrap\" width=\"150\"><\/td>\n<td valign=\"bottom\" nowrap=\"nowrap\" width=\"60\">\n<div align=\"center\">Comp.<\/div>\n<\/td>\n<td valign=\"bottom\" nowrap=\"nowrap\" width=\"66\">\n<div align=\"center\">Largura<\/div>\n<\/td>\n<td valign=\"bottom\" nowrap=\"nowrap\" width=\"76\">\n<div align=\"center\">Altura<\/div>\n<\/td>\n<td valign=\"bottom\" nowrap=\"nowrap\" width=\"84\">\n<div align=\"center\">Peso<\/div>\n<\/td>\n<td valign=\"bottom\" nowrap=\"nowrap\" width=\"68\">\n<div align=\"center\">C\u00f3digo<\/div>\n<\/td>\n<\/tr>\n<tr>\n<td valign=\"bottom\" nowrap=\"nowrap\" width=\"150\">\n<div>Tampa p\/\u00a0Carro Cinza<\/div>\n<\/td>\n<td valign=\"bottom\" nowrap=\"nowrap\" width=\"40\">\n<div align=\"center\">112 cm<\/div>\n<\/td>\n<td valign=\"bottom\" nowrap=\"nowrap\" width=\"46\">\n<div align=\"center\">79 cm<\/div>\n<\/td>\n<td valign=\"bottom\" nowrap=\"nowrap\" width=\"66\">\n<div align=\"center\">30 cm<\/div>\n<\/td>\n<td valign=\"bottom\" nowrap=\"nowrap\" width=\"84\">\n<div align=\"center\">6,5 kg<\/div>\n<\/td>\n<td valign=\"bottom\" nowrap=\"nowrap\" width=\"68\">\n<div align=\"center\">CT40CZ<\/div>\n<\/td>\n<\/tr>\n<tr>\n<td valign=\"bottom\" nowrap=\"nowrap\" width=\"150\">\n<div>Tampa p\/ Carro Branco<\/div>\n<\/td>\n<td valign=\"bottom\" nowrap=\"nowrap\" width=\"40\">\n<div align=\"center\">112 cm<\/div>\n<\/td>\n<td valign=\"bottom\" nowrap=\"nowrap\" width=\"46\">\n<div align=\"center\">79 cm<\/div>\n<\/td>\n<td valign=\"bottom\" nowrap=\"nowrap\" width=\"66\">\n<div align=\"center\">30 cm<\/div>\n<\/td>\n<td valign=\"bottom\" nowrap=\"nowrap\" width=\"84\">\n<div align=\"center\">6,5 kg<\/div>\n<\/td>\n<td valign=\"bottom\" nowrap=\"nowrap\" width=\"68\">\n<div align=\"center\">CT40BR<\/div>\n<\/td>\n<\/tr>\n<\/tbody>\n<\/table>\n<h3><\/h3>\n<h3><\/h3>\n<h3><\/h3>\n<h3><\/h3>\n<h4>PLATAFORMA DE ELEVA\u00c7\u00c3O<\/h4>\n<table class=\" alignleft\" border=\"0\" cellspacing=\"0\" cellpadding=\"0\" align=\"left\">\n<tbody>\n<tr>\n<td valign=\"bottom\" nowrap=\"nowrap\" width=\"130\"><\/td>\n<td valign=\"bottom\" nowrap=\"nowrap\" width=\"60\">\n<div align=\"center\">Comp.<\/div>\n<\/td>\n<td valign=\"bottom\" nowrap=\"nowrap\" width=\"66\">\n<div align=\"center\">Largura<\/div>\n<\/td>\n<td valign=\"bottom\" nowrap=\"nowrap\" width=\"76\">\n<div align=\"center\">Altura<\/div>\n<\/td>\n<td valign=\"bottom\" nowrap=\"nowrap\" width=\"84\">\n<div align=\"center\">Peso<\/div>\n<\/td>\n<td valign=\"bottom\" nowrap=\"nowrap\" width=\"68\">\n<div align=\"center\">C\u00f3digo<\/div>\n<\/td>\n<\/tr>\n<tr>\n<td valign=\"bottom\" nowrap=\"nowrap\" width=\"130\">\n<div>Plataforma de\u00a0 Eleva\u00e7\u00e3o<\/div>\n<\/td>\n<td valign=\"bottom\" nowrap=\"nowrap\" width=\"60\">\n<div align=\"center\">90\u00a0cm<\/div>\n<\/td>\n<td valign=\"bottom\" nowrap=\"nowrap\" width=\"66\">\n<div align=\"center\">50\u00a0cm<\/div>\n<\/td>\n<td valign=\"bottom\" nowrap=\"nowrap\" width=\"76\">\n<div align=\"center\">10 cm<\/div>\n<\/td>\n<td valign=\"bottom\" nowrap=\"nowrap\" width=\"84\">\n<div align=\"center\">6,5 kg<\/div>\n<\/td>\n<td valign=\"bottom\" nowrap=\"nowrap\" width=\"68\">\n<div align=\"center\">CP400<\/div>\n<\/td>\n<\/tr>\n<\/tbody>\n<\/table>\n<\/div>\n<\/div>\n<p>&nbsp;<\/p>\n","protected":false},"excerpt":{"rendered":"<p>Fabricados em polietileno de m\u00e9dia densidade, possuem rodas fixas\u00a0girat\u00f3rias com sistema de equil\u00edbrio central que [&hellip;]<\/p>\n","protected":false},"featured_media":2755,"comment_status":"closed","ping_status":"closed","template":"","meta":[],"product_brand":[],"product_cat":[266],"product_tag":[],"class_list":{"0":"post-2754","1":"product","2":"type-product","3":"status-publish","4":"has-post-thumbnail","6":"product_cat-carros-cuba","8":"first","9":"instock","10":"shipping-taxable","11":"product-type-simple"},"_links":{"self":[{"href":"https:\/\/www.kimarca.com.br\/site\/wp-json\/wp\/v2\/product\/2754","targetHints":{"allow":["GET"]}}],"collection":[{"href":"https:\/\/www.kimarca.com.br\/site\/wp-json\/wp\/v2\/product"}],"about":[{"href":"https:\/\/www.kimarca.com.br\/site\/wp-json\/wp\/v2\/types\/product"}],"replies":[{"embeddable":true,"href":"https:\/\/www.kimarca.com.br\/site\/wp-json\/wp\/v2\/comments?post=2754"}],"wp:featuredmedia":[{"embeddable":true,"href":"https:\/\/www.kimarca.com.br\/site\/wp-json\/wp\/v2\/media\/2755"}],"wp:attachment":[{"href":"https:\/\/www.kimarca.com.br\/site\/wp-json\/wp\/v2\/media?parent=2754"}],"wp:term":[{"taxonomy":"product_brand","embeddable":true,"href":"https:\/\/www.kimarca.com.br\/site\/wp-json\/wp\/v2\/product_brand?post=2754"},{"taxonomy":"product_cat","embeddable":true,"href":"https:\/\/www.kimarca.com.br\/site\/wp-json\/wp\/v2\/product_cat?post=2754"},{"taxonomy":"product_tag","embeddable":true,"href":"https:\/\/www.kimarca.com.br\/site\/wp-json\/wp\/v2\/product_tag?post=2754"}],"curies":[{"name":"wp","href":"https:\/\/api.w.org\/{rel}","templated":true}]}}