{"id":2748,"date":"2017-08-17T14:06:46","date_gmt":"2017-08-17T17:06:46","guid":{"rendered":"https:\/\/www.kimarca.com.br\/site\/?post_type=product&#038;p=2748"},"modified":"2024-11-03T23:40:54","modified_gmt":"2024-11-04T02:40:54","slug":"carro-extra-ii-sem-fechamento-2-bolsas","status":"publish","type":"product","link":"https:\/\/www.kimarca.com.br\/site\/produto\/carro-extra-ii-sem-fechamento-2-bolsas\/","title":{"rendered":"Carro Extra II &#8211; Sem Fechamento &#8211; 2 Bolsas"},"content":{"rendered":"<div class=\"vc_tta-container\" data-vc-action=\"collapse\">\n<div class=\"vc_general vc_tta vc_tta-tabs vc_tta-o-shape-group vc_tta-tabs-position-top \">\n<div class=\"vc_tta-panels-container\">\n<div class=\"vc_tta-panels\">\n<div id=\"1458228299806-0b58c500-4352\" class=\"vc_tta-panel vc_active\" data-vc-content=\".vc_tta-panel-body\">\n<div class=\"vc_tta-panel-body\">\n<div class=\"wpb_text_column wpb_content_element \">\n<div class=\"wpb_wrapper\">\n<p>\u2022 Fabricado em Polipropileno de alta resist\u00eancia com colunas em alum\u00ednio anodizado.<br \/>\n\u2022 Exclusivo para transporte de roupas, produtos e descart\u00e1veis.<br \/>\n\u2022 4 rod\u00edzios girat\u00f3rios de 3 polegadas que possibilitam seu f\u00e1cil deslocamento.<br \/>\n\u2022 Exclusivo design que o torna indispens\u00e1vel para hotelaria, fast food, hospitalar e outros.<br \/>\n\u2022 2 sacos em vinil com capacidade de 90 litros cada.<\/p>\n<\/div>\n<\/div>\n<\/div>\n<\/div>\n<\/div>\n<\/div>\n<\/div>\n<\/div>\n<div class=\"vc_tta-container\" data-vc-action=\"collapse\">\n<div class=\"vc_general vc_tta vc_tta-tabs vc_tta-o-shape-group vc_tta-tabs-position-top \">\n<div class=\"vc_tta-panels-container\">\n<div class=\"vc_tta-panels\">\n<div id=\"1458228299852-90634618-e399\" class=\"vc_tta-panel vc_active\" data-vc-content=\".vc_tta-panel-body\">\n<div class=\"vc_tta-panel-body\">\n<div class=\"wpb_text_column wpb_content_element \">\n<div class=\"wpb_wrapper\">\n<h5>CARRO EXTRA TRIPLEX \u00a0II- 02 Bolsas\u00a0C\u00f3digos para 2 bolsas da mesma cor.<\/h5>\n<table border=\"0\" width=\"537\" cellspacing=\"0\" cellpadding=\"0\">\n<tbody>\n<tr>\n<td class=\"xl65\" width=\"94\" height=\"21\"><\/td>\n<td class=\"xl66\" width=\"70\"><strong>S\/FECH.<\/strong><\/td>\n<td class=\"xl66\" width=\"71\"><strong>C\/FECH.<\/strong><\/td>\n<td class=\"xl66\" width=\"75\"><strong>FECH.PORTA<\/strong><\/td>\n<td class=\"xl66\" width=\"131\"><\/td>\n<\/tr>\n<tr>\n<td class=\"xl65\" width=\"94\" height=\"21\"><\/td>\n<td class=\"xl66\" width=\"70\"><b>\u00a030 Kg<\/b><\/td>\n<td class=\"xl66\" width=\"71\"><b>\u00a033,5\u00a0 kg<\/b><\/td>\n<td class=\"xl66\" width=\"75\"><b>36,5\u00a0Kg<\/b><\/td>\n<td class=\"xl66\" width=\"131\"><\/td>\n<\/tr>\n<tr>\n<td class=\"xl67\" height=\"21\">Amarelo<\/td>\n<td class=\"xl68\">CE02AM<\/td>\n<td class=\"xl68\">CH02AM<\/td>\n<td class=\"xl68\">CA02AM<\/td>\n<td class=\"xl68\"><\/td>\n<td class=\"xl68\"><\/td>\n<\/tr>\n<tr>\n<td class=\"xl69\" height=\"25\">Azul<\/td>\n<td class=\"xl70\">CE02AZ<\/td>\n<td class=\"xl70\">CHO2AZ<\/td>\n<td class=\"xl70\">CA02AZ<\/td>\n<td class=\"xl70\"><\/td>\n<td class=\"xl70\"><\/td>\n<\/tr>\n<tr>\n<td class=\"xl69\" height=\"25\">Verde<\/td>\n<td class=\"xl70\">CE02VD<\/td>\n<td class=\"xl70\">CHO2VD<\/td>\n<td class=\"xl70\">CA02VD<\/td>\n<td class=\"xl70\"><\/td>\n<td class=\"xl70\"><\/td>\n<\/tr>\n<tr>\n<td class=\"xl69\" height=\"25\">Vermelho<\/td>\n<td class=\"xl70\">CE02VM<\/td>\n<td class=\"xl70\">CHO2VM<\/td>\n<td class=\"xl70\">CA02VM<\/td>\n<td class=\"xl70\"><\/td>\n<td class=\"xl70\"><\/td>\n<\/tr>\n<\/tbody>\n<\/table>\n<div><\/div>\n<div><\/div>\n<div>\n<h5><strong>Dimens\u00f5es CARROS EXTRA TRIPLEX \u00a0\u2013 02 Bolsas<\/strong><\/h5>\n<table class=\" aligncenter\" border=\"0\" width=\"537\" cellspacing=\"0\" cellpadding=\"0\">\n<tbody>\n<tr>\n<td class=\"xl65\" width=\"94\" height=\"21\">Descri\u00e7\u00e3o<\/td>\n<td class=\"xl66\" width=\"70\">Comp.<\/td>\n<td class=\"xl66\" width=\"71\">Largura<\/td>\n<td class=\"xl66\" width=\"75\">Altura<\/td>\n<td class=\"xl66\" width=\"96\">Embalagem<\/td>\n<\/tr>\n<tr>\n<td class=\"xl67\" height=\"21\">Montado<\/td>\n<td class=\"xl68\">\u00a01,60 m<\/td>\n<td class=\"xl68\">\u00a055 cm<\/td>\n<td class=\"xl68\">\u00a096 cm<\/td>\n<td class=\"xl68\">\u00a01 unid.<\/td>\n<\/tr>\n<tr>\n<td class=\"xl69\" height=\"25\">Desmontado<\/td>\n<td class=\"xl70\">\u00a01,13 m<\/td>\n<td class=\"xl70\">\u00a030 cm<\/td>\n<td class=\"xl70\">\u00a056 cm<\/td>\n<td class=\"xl70\">\u00a01 unid.<\/td>\n<\/tr>\n<\/tbody>\n<\/table>\n<h4><\/h4>\n<p>&nbsp;<\/p>\n<div>\n<h5>Para montagem do Carro com Bolsas de cores Diferentes<\/h5>\n<p><strong>CE<\/strong>: Carro Extra Sem Fechamento<\/p>\n<p><strong>CH<\/strong>: Carro Extra com Fechamento Lateral<\/p>\n<p><strong>CA<\/strong>: Carro Extra com Fechamento e Porta<\/p>\n<\/div>\n<h4><strong>CAAMAZ :\u00a0<\/strong>Carro Fechamento e Porta Bolsa Amarela e Bolsa Azul<\/h4>\n<\/div>\n<\/div>\n<\/div>\n<\/div>\n<\/div>\n<\/div>\n<\/div>\n<\/div>\n<\/div>\n<p>&nbsp;<\/p>\n","protected":false},"excerpt":{"rendered":"<p>\u2022 Fabricado em Polipropileno de alta resist\u00eancia com colunas em alum\u00ednio anodizado. \u2022 Exclusivo para [&hellip;]<\/p>\n","protected":false},"featured_media":2749,"comment_status":"closed","ping_status":"closed","template":"","meta":[],"product_brand":[],"product_cat":[265],"product_tag":[],"class_list":{"0":"post-2748","1":"product","2":"type-product","3":"status-publish","4":"has-post-thumbnail","6":"product_cat-carros-bandeja","8":"first","9":"instock","10":"shipping-taxable","11":"product-type-simple"},"_links":{"self":[{"href":"https:\/\/www.kimarca.com.br\/site\/wp-json\/wp\/v2\/product\/2748","targetHints":{"allow":["GET"]}}],"collection":[{"href":"https:\/\/www.kimarca.com.br\/site\/wp-json\/wp\/v2\/product"}],"about":[{"href":"https:\/\/www.kimarca.com.br\/site\/wp-json\/wp\/v2\/types\/product"}],"replies":[{"embeddable":true,"href":"https:\/\/www.kimarca.com.br\/site\/wp-json\/wp\/v2\/comments?post=2748"}],"wp:featuredmedia":[{"embeddable":true,"href":"https:\/\/www.kimarca.com.br\/site\/wp-json\/wp\/v2\/media\/2749"}],"wp:attachment":[{"href":"https:\/\/www.kimarca.com.br\/site\/wp-json\/wp\/v2\/media?parent=2748"}],"wp:term":[{"taxonomy":"product_brand","embeddable":true,"href":"https:\/\/www.kimarca.com.br\/site\/wp-json\/wp\/v2\/product_brand?post=2748"},{"taxonomy":"product_cat","embeddable":true,"href":"https:\/\/www.kimarca.com.br\/site\/wp-json\/wp\/v2\/product_cat?post=2748"},{"taxonomy":"product_tag","embeddable":true,"href":"https:\/\/www.kimarca.com.br\/site\/wp-json\/wp\/v2\/product_tag?post=2748"}],"curies":[{"name":"wp","href":"https:\/\/api.w.org\/{rel}","templated":true}]}}