{"id":2746,"date":"2017-08-17T14:05:47","date_gmt":"2017-08-17T17:05:47","guid":{"rendered":"https:\/\/www.kimarca.com.br\/site\/?post_type=product&#038;p=2746"},"modified":"2024-11-03T23:40:54","modified_gmt":"2024-11-04T02:40:54","slug":"carro-extra-i-sem-fechamento-1-bolsa","status":"publish","type":"product","link":"https:\/\/www.kimarca.com.br\/site\/produto\/carro-extra-i-sem-fechamento-1-bolsa\/","title":{"rendered":"Carro Extra I &#8211; Sem Fechamento &#8211; 1 Bolsa"},"content":{"rendered":"<div class=\"vc_tta-container\" data-vc-action=\"collapse\">\n<div class=\"vc_general vc_tta vc_tta-tabs vc_tta-o-shape-group vc_tta-tabs-position-top \">\n<div class=\"vc_tta-panels-container\">\n<div class=\"vc_tta-panels\">\n<div id=\"1458228299806-0b58c500-4352\" class=\"vc_tta-panel vc_active\" data-vc-content=\".vc_tta-panel-body\">\n<div class=\"vc_tta-panel-body\">\n<div class=\"wpb_text_column wpb_content_element \">\n<div class=\"wpb_wrapper\">\n<p><strong>\u2022 Fabricado em Polipropileno de alta resist\u00eancia com colunas em alum\u00ednio anodizado.<br \/>\n\u2022 Exclusivo para transporte de roupas, produtos e descart\u00e1veis.<br \/>\n\u2022 Saco em vinil com capacidade de 90 litros.<br \/>\n\u2022 4 rod\u00edzios girat\u00f3rios de 3 polegadas que possibilitam seu f\u00e1cil deslocamento.<br \/>\n\u2022 Exclusivo design que o torna indispens\u00e1vel para hotelaria, fast food, hospitalar e outros.<\/strong><\/p>\n<p>Este vers\u00e1til equipamento ainda pode apresentar as vers\u00f5es\u00a0<strong>COM FECHAMENTO e ou FECHAMENTO TOTAL E PORTAS<\/strong>, para proteger os materiais e guard\u00e1-los com seguran\u00e7a, utilizando chave. Veja abaixo.<\/p>\n<\/div>\n<\/div>\n<\/div>\n<\/div>\n<\/div>\n<\/div>\n<\/div>\n<\/div>\n<div class=\"vc_tta-container\" data-vc-action=\"collapse\">\n<div class=\"vc_general vc_tta vc_tta-tabs vc_tta-o-shape-group vc_tta-tabs-position-top \">\n<div class=\"vc_tta-panels-container\">\n<div class=\"vc_tta-panels\">\n<div id=\"1458228299852-90634618-e399\" class=\"vc_tta-panel vc_active\" data-vc-content=\".vc_tta-panel-body\">\n<div class=\"vc_tta-panel-body\">\n<div class=\"wpb_text_column wpb_content_element \">\n<div class=\"wpb_wrapper\">\n<div>\n<h3>CARRO EXTRA TRIPLEX \u00a0I \u2013 01 Bolsa<\/h3>\n<table border=\"0\" width=\"537\" cellspacing=\"0\" cellpadding=\"0\">\n<tbody>\n<tr>\n<td class=\"xl65\" width=\"94\" height=\"21\"><\/td>\n<td class=\"xl66\" width=\"70\"><strong>S\/FECH.<\/strong><\/td>\n<td class=\"xl66\" width=\"71\"><strong>C\/FECH.<\/strong><\/td>\n<td class=\"xl66\" width=\"75\"><strong>FECH.PORTA<\/strong><\/td>\n<td class=\"xl66\" width=\"131\"><\/td>\n<\/tr>\n<tr>\n<td class=\"xl65\" width=\"94\" height=\"21\"><\/td>\n<td class=\"xl66\" width=\"70\"><b>\u00a026,5 Kg<\/b><\/td>\n<td class=\"xl66\" width=\"71\"><b>\u00a030,3 kg<\/b><\/td>\n<td class=\"xl66\" width=\"75\"><b>\u00a033,2 Kg<\/b><\/td>\n<td class=\"xl66\" width=\"131\"><\/td>\n<\/tr>\n<tr>\n<td class=\"xl67\" height=\"21\">Amarelo<\/td>\n<td class=\"xl68\">CE01AM<\/td>\n<td class=\"xl68\">CH01AM<\/td>\n<td class=\"xl68\">CAO01AM<\/td>\n<td class=\"xl68\"><\/td>\n<td class=\"xl68\"><\/td>\n<\/tr>\n<tr>\n<td class=\"xl69\" height=\"25\">Azul<\/td>\n<td class=\"xl70\">CE01AZ<\/td>\n<td class=\"xl70\">CHO1AZ<\/td>\n<td class=\"xl70\">CAO01AZ<\/td>\n<td class=\"xl70\"><\/td>\n<td class=\"xl70\"><\/td>\n<\/tr>\n<tr>\n<td class=\"xl69\" height=\"25\">Verde<\/td>\n<td class=\"xl70\">CE01VD<\/td>\n<td class=\"xl70\">CHO1VD<\/td>\n<td class=\"xl70\">CAO01VD<\/td>\n<td class=\"xl70\"><\/td>\n<td class=\"xl70\"><\/td>\n<\/tr>\n<tr>\n<td class=\"xl69\" height=\"25\">Vermelho<\/td>\n<td class=\"xl70\">CE01VM<\/td>\n<td class=\"xl70\">CHO1VM<\/td>\n<td class=\"xl70\">CAO01VM<\/td>\n<td class=\"xl70\"><\/td>\n<td class=\"xl70\"><\/td>\n<\/tr>\n<\/tbody>\n<\/table>\n<p>&nbsp;<\/p>\n<div>\n<h4><strong>Dimens\u00f5es CARROS EXTRA TRIPLEX \u00a0\u2013 I Bolsa<\/strong><\/h4>\n<table class=\" aligncenter\" border=\"0\" width=\"537\" cellspacing=\"0\" cellpadding=\"0\">\n<tbody>\n<tr>\n<td class=\"xl65\" width=\"94\" height=\"21\">Descri\u00e7\u00e3o<\/td>\n<td class=\"xl66\" width=\"70\">Comp.<\/td>\n<td class=\"xl66\" width=\"71\">Largura<\/td>\n<td class=\"xl66\" width=\"75\">Altura<\/td>\n<td class=\"xl66\" width=\"96\">Embalagem<\/td>\n<td class=\"xl66\" width=\"131\"><\/td>\n<\/tr>\n<tr>\n<td class=\"xl67\" height=\"21\">Montado<\/td>\n<td class=\"xl68\">\u00a01,24 m<\/td>\n<td class=\"xl68\">55 cm<\/td>\n<td class=\"xl68\">\u00a096 cm<\/td>\n<td class=\"xl68\">\u00a01 unid.<\/td>\n<td class=\"xl68\"><\/td>\n<\/tr>\n<tr>\n<td class=\"xl69\" height=\"25\">Desmontado<\/td>\n<td class=\"xl70\">\u00a01,13 m<\/td>\n<td class=\"xl70\">30 cm<\/td>\n<td class=\"xl70\">56 cm<\/td>\n<td class=\"xl70\">\u00a01 unid.<\/td>\n<\/tr>\n<\/tbody>\n<\/table>\n<\/div>\n<\/div>\n<\/div>\n<\/div>\n<\/div>\n<\/div>\n<\/div>\n<\/div>\n<\/div>\n<\/div>\n","protected":false},"excerpt":{"rendered":"<p>\u2022 Fabricado em Polipropileno de alta resist\u00eancia com colunas em alum\u00ednio anodizado. \u2022 Exclusivo para [&hellip;]<\/p>\n","protected":false},"featured_media":2747,"comment_status":"closed","ping_status":"closed","template":"","meta":[],"product_brand":[],"product_cat":[265],"product_tag":[],"class_list":{"0":"post-2746","1":"product","2":"type-product","3":"status-publish","4":"has-post-thumbnail","6":"product_cat-carros-bandeja","8":"first","9":"instock","10":"shipping-taxable","11":"product-type-simple"},"_links":{"self":[{"href":"https:\/\/www.kimarca.com.br\/site\/wp-json\/wp\/v2\/product\/2746","targetHints":{"allow":["GET"]}}],"collection":[{"href":"https:\/\/www.kimarca.com.br\/site\/wp-json\/wp\/v2\/product"}],"about":[{"href":"https:\/\/www.kimarca.com.br\/site\/wp-json\/wp\/v2\/types\/product"}],"replies":[{"embeddable":true,"href":"https:\/\/www.kimarca.com.br\/site\/wp-json\/wp\/v2\/comments?post=2746"}],"wp:featuredmedia":[{"embeddable":true,"href":"https:\/\/www.kimarca.com.br\/site\/wp-json\/wp\/v2\/media\/2747"}],"wp:attachment":[{"href":"https:\/\/www.kimarca.com.br\/site\/wp-json\/wp\/v2\/media?parent=2746"}],"wp:term":[{"taxonomy":"product_brand","embeddable":true,"href":"https:\/\/www.kimarca.com.br\/site\/wp-json\/wp\/v2\/product_brand?post=2746"},{"taxonomy":"product_cat","embeddable":true,"href":"https:\/\/www.kimarca.com.br\/site\/wp-json\/wp\/v2\/product_cat?post=2746"},{"taxonomy":"product_tag","embeddable":true,"href":"https:\/\/www.kimarca.com.br\/site\/wp-json\/wp\/v2\/product_tag?post=2746"}],"curies":[{"name":"wp","href":"https:\/\/api.w.org\/{rel}","templated":true}]}}