{"id":2740,"date":"2017-08-17T13:58:57","date_gmt":"2017-08-17T16:58:57","guid":{"rendered":"https:\/\/www.kimarca.com.br\/site\/?post_type=product&#038;p=2740"},"modified":"2024-11-03T23:40:54","modified_gmt":"2024-11-04T02:40:54","slug":"carro-funcional-guard","status":"publish","type":"product","link":"https:\/\/www.kimarca.com.br\/site\/produto\/carro-funcional-guard\/","title":{"rendered":"Carro Funcional Guard"},"content":{"rendered":"<div class=\"vc_tta-container\" data-vc-action=\"collapse\">\n<div class=\"vc_general vc_tta vc_tta-tabs vc_tta-o-shape-group vc_tta-tabs-position-top \">\n<div class=\"vc_tta-panels-container\">\n<div class=\"vc_tta-panels\">\n<div id=\"1458228299806-0b58c500-4352\" class=\"vc_tta-panel vc_active\" data-vc-content=\".vc_tta-panel-body\">\n<div class=\"vc_tta-panel-body\">\n<div class=\"wpb_text_column wpb_content_element \">\n<div class=\"wpb_wrapper\">\n<p><strong>Mais um lan\u00e7amento da Bralimpia Equipamentos para otimizar a seguran\u00e7a e produtividade nas tarefas de Limpeza Profissional e de Governan\u00e7a!<\/strong><\/p>\n<p>O Carro de Limpeza Guard\u00ae al\u00e9m de contar com a m\u00e1xima qualidade Bralimpia, apresenta diferenciais importantes que v\u00e3o conquistar a prefer\u00eancia dos profissionais que atuam na limpeza de empresas dos mais variados perfis de atua\u00e7\u00e3o.<\/p>\n<h4><strong>Veja no quadro abaixo os detalhes desse equipamento que veio para otimizar o trabalho de limpeza profissional.<\/strong><\/h4>\n<\/div>\n<\/div>\n<\/div>\n<\/div>\n<\/div>\n<\/div>\n<\/div>\n<\/div>\n<div class=\"vc_tta-container\" data-vc-action=\"collapse\">\n<div class=\"vc_general vc_tta vc_tta-tabs vc_tta-o-shape-group vc_tta-tabs-position-top \">\n<div class=\"vc_tta-panels-container\">\n<div class=\"vc_tta-panels\">\n<div id=\"1458228299852-90634618-e399\" class=\"vc_tta-panel vc_active\" data-vc-content=\".vc_tta-panel-body\">\n<div class=\"vc_tta-panel-body\">\n<div class=\"wpb_text_column wpb_content_element \">\n<div class=\"wpb_wrapper\">\n<table border=\"0\" width=\"236\" cellspacing=\"0\" cellpadding=\"0\">\n<tbody>\n<tr>\n<td valign=\"bottom\" nowrap=\"nowrap\" width=\"112\">\n<div>Comprimento<\/div>\n<\/td>\n<td valign=\"bottom\" nowrap=\"nowrap\" width=\"124\">\n<div>89 cm<\/div>\n<\/td>\n<\/tr>\n<tr>\n<td valign=\"bottom\" nowrap=\"nowrap\" width=\"112\">\n<div>Altura<\/div>\n<\/td>\n<td valign=\"bottom\" nowrap=\"nowrap\" width=\"124\">\n<div>53 cm<\/div>\n<\/td>\n<\/tr>\n<tr>\n<td valign=\"bottom\" nowrap=\"nowrap\" width=\"112\">\n<div>Largura<\/div>\n<\/td>\n<td valign=\"bottom\" nowrap=\"nowrap\" width=\"124\">\n<div>60 cm<\/div>\n<\/td>\n<\/tr>\n<tr>\n<td valign=\"bottom\" nowrap=\"nowrap\" width=\"112\">\n<div>Peso L\u00edquido<\/div>\n<\/td>\n<td valign=\"bottom\" nowrap=\"nowrap\" width=\"124\">\n<div>23,3 kg<\/div>\n<\/td>\n<\/tr>\n<tr>\n<td valign=\"bottom\" nowrap=\"nowrap\" width=\"112\">\n<div>Peso Bruto<\/div>\n<\/td>\n<td valign=\"bottom\" nowrap=\"nowrap\" width=\"124\">\n<div>25,5 kg<\/div>\n<\/td>\n<\/tr>\n<\/tbody>\n<\/table>\n<h4><strong>C\u00d3DIGOS<\/strong><\/h4>\n<table border=\"0\" width=\"236\" cellspacing=\"0\" cellpadding=\"0\">\n<tbody>\n<tr>\n<td valign=\"bottom\" nowrap=\"nowrap\" width=\"112\">\n<div>GUARDAM<\/div>\n<\/td>\n<td valign=\"bottom\" nowrap=\"nowrap\" width=\"124\">\n<div>Bolsa Amarela<\/div>\n<\/td>\n<\/tr>\n<tr>\n<td valign=\"bottom\" nowrap=\"nowrap\" width=\"112\">\n<div>GUARDAZ<\/div>\n<\/td>\n<td valign=\"bottom\" nowrap=\"nowrap\" width=\"124\">\n<div>Bolsa Azul<\/div>\n<\/td>\n<\/tr>\n<tr>\n<td valign=\"bottom\" nowrap=\"nowrap\" width=\"112\">\n<div>GUARDVD<\/div>\n<\/td>\n<td valign=\"bottom\" nowrap=\"nowrap\" width=\"124\">\n<div>Bolsa Verde<\/div>\n<\/td>\n<\/tr>\n<tr>\n<td valign=\"bottom\" nowrap=\"nowrap\" width=\"112\">\n<div>GUARDVM<\/div>\n<\/td>\n<td valign=\"bottom\" nowrap=\"nowrap\" width=\"124\">\n<div>Bolsa Vermelha<\/div>\n<\/td>\n<\/tr>\n<\/tbody>\n<\/table>\n<\/div>\n<\/div>\n<\/div>\n<\/div>\n<\/div>\n<\/div>\n<\/div>\n<\/div>\n<p>&nbsp;<\/p>\n","protected":false},"excerpt":{"rendered":"<p>Mais um lan\u00e7amento da Bralimpia Equipamentos para otimizar a seguran\u00e7a e produtividade nas tarefas de [&hellip;]<\/p>\n","protected":false},"featured_media":2741,"comment_status":"closed","ping_status":"closed","template":"","meta":[],"product_brand":[],"product_cat":[264],"product_tag":[],"class_list":{"0":"post-2740","1":"product","2":"type-product","3":"status-publish","4":"has-post-thumbnail","6":"product_cat-carros-funcionais","8":"first","9":"instock","10":"shipping-taxable","11":"product-type-simple"},"_links":{"self":[{"href":"https:\/\/www.kimarca.com.br\/site\/wp-json\/wp\/v2\/product\/2740","targetHints":{"allow":["GET"]}}],"collection":[{"href":"https:\/\/www.kimarca.com.br\/site\/wp-json\/wp\/v2\/product"}],"about":[{"href":"https:\/\/www.kimarca.com.br\/site\/wp-json\/wp\/v2\/types\/product"}],"replies":[{"embeddable":true,"href":"https:\/\/www.kimarca.com.br\/site\/wp-json\/wp\/v2\/comments?post=2740"}],"wp:featuredmedia":[{"embeddable":true,"href":"https:\/\/www.kimarca.com.br\/site\/wp-json\/wp\/v2\/media\/2741"}],"wp:attachment":[{"href":"https:\/\/www.kimarca.com.br\/site\/wp-json\/wp\/v2\/media?parent=2740"}],"wp:term":[{"taxonomy":"product_brand","embeddable":true,"href":"https:\/\/www.kimarca.com.br\/site\/wp-json\/wp\/v2\/product_brand?post=2740"},{"taxonomy":"product_cat","embeddable":true,"href":"https:\/\/www.kimarca.com.br\/site\/wp-json\/wp\/v2\/product_cat?post=2740"},{"taxonomy":"product_tag","embeddable":true,"href":"https:\/\/www.kimarca.com.br\/site\/wp-json\/wp\/v2\/product_tag?post=2740"}],"curies":[{"name":"wp","href":"https:\/\/api.w.org\/{rel}","templated":true}]}}