{"id":2738,"date":"2017-08-17T13:56:41","date_gmt":"2017-08-17T16:56:41","guid":{"rendered":"https:\/\/www.kimarca.com.br\/site\/?post_type=product&#038;p=2738"},"modified":"2024-11-03T23:40:54","modified_gmt":"2024-11-04T02:40:54","slug":"carro-funcional-america","status":"publish","type":"product","link":"https:\/\/www.kimarca.com.br\/site\/produto\/carro-funcional-america\/","title":{"rendered":"Carro Funcional Am\u00e9rica"},"content":{"rendered":"<div class=\"vc_tta-container\" data-vc-action=\"collapse\">\n<div class=\"vc_general vc_tta vc_tta-tabs vc_tta-o-shape-group vc_tta-tabs-position-top \">\n<div class=\"vc_tta-panels-container\">\n<div class=\"vc_tta-panels\">\n<div id=\"1458228299806-0b58c500-4352\" class=\"vc_tta-panel vc_active\" data-vc-content=\".vc_tta-panel-body\">\n<div class=\"vc_tta-panel-body\">\n<div class=\"wpb_text_column wpb_content_element \">\n<div class=\"wpb_wrapper\">\n<p><strong>Um equipamento indispens\u00e1vel em empresas de qualquer porte ou perfil de atua\u00e7\u00e3o.<\/strong><\/p>\n<p>Este carro foi desenvolvido para otimizar a produtividade das tarefas de limpeza, pois transporta com seguran\u00e7a e praticidade, diversos acess\u00f3rios e produtos para a\u00e7\u00f5es de limpeza \u00famida ou seca.<\/p>\n<p>Respeita \u00e0s indica\u00e7\u00f5es das NR\u00b4s 32 e 17 que determinam normas para diversas atividades em servi\u00e7os de sa\u00fade, visando a preven\u00e7\u00e3o de acidentes e a prote\u00e7\u00e3o da integridade f\u00edsica dos trabalhadores.<\/p>\n<\/div>\n<\/div>\n<\/div>\n<\/div>\n<\/div>\n<\/div>\n<\/div>\n<\/div>\n<div class=\"vc_tta-container\" data-vc-action=\"collapse\">\n<div class=\"vc_general vc_tta vc_tta-tabs vc_tta-o-shape-group vc_tta-tabs-position-top \">\n<div class=\"vc_tta-panels-container\">\n<div class=\"vc_tta-panels\">\n<div id=\"1458228299852-90634618-e399\" class=\"vc_tta-panel vc_active\" data-vc-content=\".vc_tta-panel-body\">\n<div class=\"vc_tta-panel-body\">\n<div class=\"wpb_text_column wpb_content_element \">\n<div class=\"wpb_wrapper\">\n<table border=\"0\" width=\"548\" cellspacing=\"0\" cellpadding=\"0\">\n<tbody>\n<tr>\n<td height=\"20\">.<\/td>\n<\/tr>\n<tr>\n<td height=\"20\">Descri\u00e7\u00e3o<\/td>\n<td>Comp.<\/td>\n<td>Largura<\/td>\n<td>Altura<\/td>\n<td>Embalagem<\/td>\n<td>Peso<\/td>\n<\/tr>\n<tr>\n<td height=\"20\">Montado<\/td>\n<td>116\u00a0cm<\/td>\n<td>57\u00a0cm<\/td>\n<td>100\u00a0cm<\/td>\n<td>1 unid.<\/td>\n<td>18 kg<\/td>\n<\/tr>\n<tr>\n<td height=\"20\">Desmontado<\/td>\n<td>87\u00a0cm<\/td>\n<td>30\u00a0cm<\/td>\n<td>57\u00a0cm<\/td>\n<td>1 unid.<\/td>\n<td>18\u00a0kg<\/td>\n<\/tr>\n<\/tbody>\n<\/table>\n<table border=\"0\" width=\"548\" cellspacing=\"0\" cellpadding=\"0\">\n<tbody>\n<tr>\n<td width=\"103\" height=\"20\">C\u00f3digo<\/td>\n<td width=\"89\">Bolsa<\/td>\n<\/tr>\n<tr>\n<td height=\"20\">CF2005<\/td>\n<td>Amarela<\/td>\n<\/tr>\n<tr>\n<td height=\"20\">CF2006<\/td>\n<td>Azul<\/td>\n<\/tr>\n<tr>\n<td height=\"20\">CF2007<\/td>\n<td>Verde<\/td>\n<\/tr>\n<tr>\n<td height=\"20\">CF2008<\/td>\n<td>Vermelha<\/td>\n<\/tr>\n<\/tbody>\n<\/table>\n<\/div>\n<\/div>\n<\/div>\n<\/div>\n<\/div>\n<\/div>\n<\/div>\n<\/div>\n<p>&nbsp;<\/p>\n","protected":false},"excerpt":{"rendered":"<p>Um equipamento indispens\u00e1vel em empresas de qualquer porte ou perfil de atua\u00e7\u00e3o. Este carro foi [&hellip;]<\/p>\n","protected":false},"featured_media":2739,"comment_status":"closed","ping_status":"closed","template":"","meta":[],"product_brand":[],"product_cat":[264],"product_tag":[],"class_list":{"0":"post-2738","1":"product","2":"type-product","3":"status-publish","4":"has-post-thumbnail","6":"product_cat-carros-funcionais","8":"first","9":"instock","10":"shipping-taxable","11":"product-type-simple"},"_links":{"self":[{"href":"https:\/\/www.kimarca.com.br\/site\/wp-json\/wp\/v2\/product\/2738","targetHints":{"allow":["GET"]}}],"collection":[{"href":"https:\/\/www.kimarca.com.br\/site\/wp-json\/wp\/v2\/product"}],"about":[{"href":"https:\/\/www.kimarca.com.br\/site\/wp-json\/wp\/v2\/types\/product"}],"replies":[{"embeddable":true,"href":"https:\/\/www.kimarca.com.br\/site\/wp-json\/wp\/v2\/comments?post=2738"}],"wp:featuredmedia":[{"embeddable":true,"href":"https:\/\/www.kimarca.com.br\/site\/wp-json\/wp\/v2\/media\/2739"}],"wp:attachment":[{"href":"https:\/\/www.kimarca.com.br\/site\/wp-json\/wp\/v2\/media?parent=2738"}],"wp:term":[{"taxonomy":"product_brand","embeddable":true,"href":"https:\/\/www.kimarca.com.br\/site\/wp-json\/wp\/v2\/product_brand?post=2738"},{"taxonomy":"product_cat","embeddable":true,"href":"https:\/\/www.kimarca.com.br\/site\/wp-json\/wp\/v2\/product_cat?post=2738"},{"taxonomy":"product_tag","embeddable":true,"href":"https:\/\/www.kimarca.com.br\/site\/wp-json\/wp\/v2\/product_tag?post=2738"}],"curies":[{"name":"wp","href":"https:\/\/api.w.org\/{rel}","templated":true}]}}