{"id":2732,"date":"2017-08-17T13:53:01","date_gmt":"2017-08-17T16:53:01","guid":{"rendered":"https:\/\/www.kimarca.com.br\/site\/?post_type=product&#038;p=2732"},"modified":"2024-11-03T23:40:55","modified_gmt":"2024-11-04T02:40:55","slug":"coletores-120-e-240-litros-gari-tampa-especial","status":"publish","type":"product","link":"https:\/\/www.kimarca.com.br\/site\/produto\/coletores-120-e-240-litros-gari-tampa-especial\/","title":{"rendered":"Coletores 120 e 240 Litros \u2013 Gari Tampa Especial"},"content":{"rendered":"<div class=\"vc_tta-container\" data-vc-action=\"collapse\">\n<div class=\"vc_general vc_tta vc_tta-tabs vc_tta-o-shape-group vc_tta-tabs-position-top \">\n<div class=\"vc_tta-panels-container\">\n<div class=\"vc_tta-panels\">\n<div id=\"1458228299806-0b58c500-4352\" class=\"vc_tta-panel vc_active\" data-vc-content=\".vc_tta-panel-body\">\n<div class=\"vc_tta-panel-body\">\n<div class=\"wpb_text_column wpb_content_element vc_custom_1474489969783\">\n<div class=\"wpb_wrapper\">\n<p><strong>Os Coletores Carros Gari de 120 e 240 litros com Tampa Especial s\u00e3o equipamentos para recolhimento de res\u00edduos e lixos em geral.<\/strong><\/p>\n<p>Muito resistentes s\u00e3o indicados para v\u00e1rios tipos de ambientes.<\/p>\n<ul>\n<li>Indicados uso externo em m\u00e9dias\/grandes \u00e1reas com alta circula\u00e7\u00e3o de pessoas;<\/li>\n<li>A tampa permite o descarte de qualquer tipo de res\u00edduo sem o contato das m\u00e3os com a superf\u00edcie do coletor;<\/li>\n<li>A tampa previne a dispers\u00e3o de odores e protege o conte\u00fado da entrada de \u00e1gua;<\/li>\n<li>Possuem \u00a0rodas para 200 mm e 300 mm que facilitam o deslocamento do coletor tanto para descarte quanto para Higieniza\u00e7\u00e3o.<\/li>\n<li>\u00a0A pe\u00e7as como eixos, tampas e rodas s\u00e3o fornecidas a parte para aumentar a vida \u00fatil dos carros.<\/li>\n<\/ul>\n<h4><strong>COLETORES GARI \u2013 TAMPA ESPCIAL \u2013 9 CORES<\/strong><\/h4>\n<p>Amarelo \u2013 Azul \u2013 Branco \u2013 Cinza \u2013 Laranja \u2013 Marrom \u2013 Preto \u2013 Verde \u2013 Vermelho<\/p>\n<\/div>\n<\/div>\n<\/div>\n<\/div>\n<\/div>\n<\/div>\n<\/div>\n<\/div>\n<div class=\"vc_tta-container\" data-vc-action=\"collapse\">\n<div class=\"vc_general vc_tta vc_tta-tabs vc_tta-o-shape-group vc_tta-tabs-position-top \">\n<div class=\"vc_tta-panels-container\">\n<div class=\"vc_tta-panels\">\n<div id=\"1458228299852-90634618-e399\" class=\"vc_tta-panel vc_active\" data-vc-content=\".vc_tta-panel-body\">\n<div class=\"vc_tta-panel-body\">\n<div class=\"wpb_text_column wpb_content_element \">\n<div class=\"wpb_wrapper\">\n<table width=\"239\">\n<tbody>\n<tr>\n<td colspan=\"2\" width=\"119\"><strong>CAPACIDADE \u00a0 120 Litros\u00a0<\/strong><\/td>\n<td colspan=\"3\" width=\"119\"><strong>CAPACIDADE\u00a0\u00a0240 Litros<\/strong><\/td>\n<\/tr>\n<tr>\n<td colspan=\"2\" width=\"119\"><strong>RODAS 200 mm<br \/>\n<\/strong><\/td>\n<td colspan=\"3\" width=\"119\"><strong>RODAS 200 mm \u00a0 \u00a0 \u00a0 \u00a0 \u00a0 \u00a0 \u00a0 \u00a0 \u00a0 \u00a0 \u00a0 \u00a0 \u00a0 \u00a0 \u00a0 \u00a0 RODAS 300mm<\/strong><\/td>\n<\/tr>\n<tr>\n<td width=\"65\">Amarelo<\/td>\n<td width=\"55\">C123AM<\/td>\n<td width=\"55\">C243AM<\/td>\n<td width=\"55\">C244AM<\/td>\n<td width=\"10\"><\/td>\n<\/tr>\n<tr>\n<td width=\"65\">Azul<\/td>\n<td width=\"55\">C123AZ<\/td>\n<td width=\"55\">C243AZ<\/td>\n<td width=\"55\">C244AZ<\/td>\n<td width=\"10\"><\/td>\n<\/tr>\n<tr>\n<td width=\"65\">Branco<\/td>\n<td width=\"55\">C123BR<\/td>\n<td width=\"55\">C243BR<\/td>\n<td width=\"55\">C244BR<\/td>\n<td width=\"10\"><\/td>\n<\/tr>\n<tr>\n<td width=\"65\">Cinza<\/td>\n<td width=\"55\">C123CZ<\/td>\n<td width=\"55\">C243CZ<\/td>\n<td width=\"55\">C244CZ<\/td>\n<td width=\"10\"><\/td>\n<\/tr>\n<tr>\n<td width=\"65\">Laranja<\/td>\n<td width=\"55\">C123LJ<\/td>\n<td width=\"55\">C243LJ<\/td>\n<td width=\"55\">C244LJ<\/td>\n<td width=\"10\"><\/td>\n<\/tr>\n<tr>\n<td width=\"65\">Marrom<\/td>\n<td width=\"55\">C123MR<\/td>\n<td width=\"55\">C243MR<\/td>\n<td width=\"55\">C244MR<\/td>\n<td width=\"10\"><\/td>\n<\/tr>\n<tr>\n<td width=\"65\">Preta<\/td>\n<td width=\"55\">C123PR<\/td>\n<td width=\"55\">C243PR<\/td>\n<td width=\"55\">C244PR<\/td>\n<td width=\"10\"><\/td>\n<\/tr>\n<tr>\n<td width=\"65\">Verde<\/td>\n<td width=\"55\">C123VD<\/td>\n<td width=\"55\">C243VD<\/td>\n<td width=\"55\">C244VD<\/td>\n<td width=\"10\"><\/td>\n<\/tr>\n<tr>\n<td width=\"65\">Vermelho<\/td>\n<td width=\"55\">C123VM<\/td>\n<td width=\"55\">C243VM<\/td>\n<td width=\"55\">C244VM<\/td>\n<td width=\"10\"><\/td>\n<\/tr>\n<\/tbody>\n<\/table>\n<p>&nbsp;<\/p>\n<h4><strong>Dimens\u00f5es Coletor Gari Tampa Especial\u00a0<\/strong><\/h4>\n<p>&nbsp;<\/p>\n<table width=\"389\">\n<tbody>\n<tr>\n<td width=\"65\"><b>CAPACIDADE<\/b><\/td>\n<td width=\"82\"><b>RODA<\/b><\/td>\n<td width=\"57\"><strong>Comp.<\/strong><\/td>\n<td width=\"109\"><strong>largura<\/strong><\/td>\n<td width=\"57\"><strong>Altura<\/strong><\/td>\n<td width=\"109\"><strong>Peso<\/strong><\/td>\n<\/tr>\n<tr>\n<td width=\"65\">120\u00a0Litros<\/td>\n<td width=\"82\">220 mm<\/td>\n<td width=\"57\">56 cm<\/td>\n<td width=\"109\">48 cm<\/td>\n<td width=\"57\">92 cm<\/td>\n<td width=\"109\">11\u00a0Kg<\/td>\n<\/tr>\n<\/tbody>\n<\/table>\n<table width=\"389\">\n<tbody>\n<tr>\n<td width=\"65\">240 Litros<\/td>\n<td width=\"82\">220 mm<\/td>\n<td width=\"57\">74 cm<\/td>\n<td width=\"109\">59 cm<\/td>\n<td width=\"57\">105 cm<\/td>\n<td width=\"109\">14 kg<\/td>\n<\/tr>\n<\/tbody>\n<\/table>\n<table width=\"389\">\n<tbody>\n<tr>\n<td width=\"65\">240 Litros<\/td>\n<td width=\"82\">300 mm<\/td>\n<td width=\"57\">74 cm<\/td>\n<td width=\"109\">59 cm<\/td>\n<td width=\"57\">105 cm<\/td>\n<td width=\"109\">17\u00a0Kg<\/td>\n<\/tr>\n<\/tbody>\n<\/table>\n<\/div>\n<\/div>\n<\/div>\n<\/div>\n<\/div>\n<\/div>\n<\/div>\n<\/div>\n<p>&nbsp;<\/p>\n","protected":false},"excerpt":{"rendered":"<p>Os Coletores Carros Gari de 120 e 240 litros com Tampa Especial s\u00e3o equipamentos para [&hellip;]<\/p>\n","protected":false},"featured_media":2733,"comment_status":"closed","ping_status":"closed","template":"","meta":[],"product_brand":[],"product_cat":[249],"product_tag":[],"class_list":{"0":"post-2732","1":"product","2":"type-product","3":"status-publish","4":"has-post-thumbnail","6":"product_cat-coletores","8":"first","9":"instock","10":"shipping-taxable","11":"product-type-simple"},"_links":{"self":[{"href":"https:\/\/www.kimarca.com.br\/site\/wp-json\/wp\/v2\/product\/2732","targetHints":{"allow":["GET"]}}],"collection":[{"href":"https:\/\/www.kimarca.com.br\/site\/wp-json\/wp\/v2\/product"}],"about":[{"href":"https:\/\/www.kimarca.com.br\/site\/wp-json\/wp\/v2\/types\/product"}],"replies":[{"embeddable":true,"href":"https:\/\/www.kimarca.com.br\/site\/wp-json\/wp\/v2\/comments?post=2732"}],"wp:featuredmedia":[{"embeddable":true,"href":"https:\/\/www.kimarca.com.br\/site\/wp-json\/wp\/v2\/media\/2733"}],"wp:attachment":[{"href":"https:\/\/www.kimarca.com.br\/site\/wp-json\/wp\/v2\/media?parent=2732"}],"wp:term":[{"taxonomy":"product_brand","embeddable":true,"href":"https:\/\/www.kimarca.com.br\/site\/wp-json\/wp\/v2\/product_brand?post=2732"},{"taxonomy":"product_cat","embeddable":true,"href":"https:\/\/www.kimarca.com.br\/site\/wp-json\/wp\/v2\/product_cat?post=2732"},{"taxonomy":"product_tag","embeddable":true,"href":"https:\/\/www.kimarca.com.br\/site\/wp-json\/wp\/v2\/product_tag?post=2732"}],"curies":[{"name":"wp","href":"https:\/\/api.w.org\/{rel}","templated":true}]}}