{"id":2730,"date":"2017-08-17T13:52:03","date_gmt":"2017-08-17T16:52:03","guid":{"rendered":"https:\/\/www.kimarca.com.br\/site\/?post_type=product&#038;p=2730"},"modified":"2024-11-03T23:40:55","modified_gmt":"2024-11-04T02:40:55","slug":"coletores-120-e-240-litros-gari-europeu","status":"publish","type":"product","link":"https:\/\/www.kimarca.com.br\/site\/produto\/coletores-120-e-240-litros-gari-europeu\/","title":{"rendered":"Coletores 120 e 240 Litros \u2013 Gari Europeu"},"content":{"rendered":"<div class=\"vc_tta-container\" data-vc-action=\"collapse\">\n<div class=\"vc_general vc_tta vc_tta-tabs vc_tta-o-shape-group vc_tta-tabs-position-top \">\n<div class=\"vc_tta-panels-container\">\n<div class=\"vc_tta-panels\">\n<div id=\"1458228299806-0b58c500-4352\" class=\"vc_tta-panel vc_active\" data-vc-content=\".vc_tta-panel-body\">\n<div class=\"vc_tta-panel-body\">\n<div class=\"wpb_text_column wpb_content_element  vc_custom_1486400813149\">\n<div class=\"wpb_wrapper\">\n<p><strong>Os coletores Carros Gari Europeu\u00a0 de 120 e 240 litros s\u00e3o equipamentos para recolhimento e transporte de res\u00edduos e lixo em geral. Na Vers\u00e3o 240 litros, as rodas n\u00e3o ultrapassam a largura do coletor.<\/strong><\/p>\n<p>Produzidos em Polipropileno, s\u00e3o extremamente resistentes, com rodas para 200 mm e 300 mm que facilitam o deslocamento do coletor tanto para descarte quanto para higieniza\u00e7\u00e3o.<\/p>\n<p>Ao Coletor Gari pode ser acoplado um PEDAL para abrir a tampa; Veja os c\u00f3digos \u00a0em ESPECIFICA\u00c7\u00d5ES.<\/p>\n<p>A pe\u00e7as como eixos, tampas e rodas s\u00e3o fornecidas a parte para aumentar a vida \u00fatil dos coletores.<\/p>\n<h4>COLETORES GARI MODELO EUROPEU \u2013 9 CORES<\/h4>\n<p>Amarelo \u2013 Azul \u2013 Branco \u2013 Cinza \u2013 Laranja \u2013 Marrom \u2013 Preto \u2013 Verde \u2013 Vermelho<\/p>\n<div class=\"vc_tta-container\" data-vc-action=\"collapse\">\n<div class=\"vc_general vc_tta vc_tta-tabs vc_tta-o-shape-group vc_tta-tabs-position-top \">\n<div class=\"vc_tta-panels-container\">\n<div class=\"vc_tta-panels\">\n<div id=\"1458228299852-90634618-e399\" class=\"vc_tta-panel vc_active\" data-vc-content=\".vc_tta-panel-body\">\n<div class=\"vc_tta-panel-body\">\n<div class=\"wpb_text_column wpb_content_element \">\n<div class=\"wpb_wrapper\">\n<table width=\"239\">\n<tbody>\n<tr>\n<td colspan=\"2\" width=\"119\"><strong>CAPACIDADE 120 Litros<\/strong><\/td>\n<td colspan=\"3\" width=\"119\"><strong>CAPACIDADE 240 Litros<\/strong><\/td>\n<\/tr>\n<tr>\n<td colspan=\"2\" width=\"119\"><strong>RODAS 200 mm<br \/>\n<\/strong><\/td>\n<td colspan=\"3\" width=\"119\"><strong>\u00a0RODAS 200 mm \u00a0 \u00a0 \u00a0 \u00a0 \u00a0 \u00a0 \u00a0 \u00a0 300 mm \u00a0 \u00a0 \u00a0 \u00a0 \u00a0<\/strong><\/td>\n<\/tr>\n<tr>\n<td width=\"65\">Amarelo<\/td>\n<td width=\"55\">C120AM<\/td>\n<td width=\"55\">C240AM<\/td>\n<td width=\"55\">C241AM<\/td>\n<td width=\"10\"><\/td>\n<\/tr>\n<tr>\n<td width=\"65\">Azul<\/td>\n<td width=\"55\">C120AZ<\/td>\n<td width=\"55\">C240AZ<\/td>\n<td width=\"55\">C241AZ<\/td>\n<td width=\"10\"><\/td>\n<\/tr>\n<tr>\n<td width=\"65\">Branco<\/td>\n<td width=\"55\">C120BR<\/td>\n<td width=\"55\">C240BR<\/td>\n<td width=\"55\">C241BR<\/td>\n<td width=\"10\"><\/td>\n<\/tr>\n<tr>\n<td width=\"65\">Cinza<\/td>\n<td width=\"55\">C120CZ<\/td>\n<td width=\"55\">C240CZ<\/td>\n<td width=\"55\">C241CZ<\/td>\n<td width=\"10\"><\/td>\n<\/tr>\n<tr>\n<td width=\"65\">Laranja<\/td>\n<td width=\"55\">C120LJ<\/td>\n<td width=\"55\">C240LJ<\/td>\n<td width=\"55\">C241LJ<\/td>\n<td width=\"10\"><\/td>\n<\/tr>\n<tr>\n<td width=\"65\">Marrom<\/td>\n<td width=\"55\">C120MR<\/td>\n<td width=\"55\">C240MR<\/td>\n<td width=\"55\">C241MR<\/td>\n<td width=\"10\"><\/td>\n<\/tr>\n<tr>\n<td width=\"65\">Preta<\/td>\n<td width=\"55\">C120PR<\/td>\n<td width=\"55\">C240PR<\/td>\n<td width=\"55\">C241PR<\/td>\n<td width=\"10\"><\/td>\n<\/tr>\n<tr>\n<td width=\"65\">Verde<\/td>\n<td width=\"55\">C120VD<\/td>\n<td width=\"55\">C240VD<\/td>\n<td width=\"55\">C241VD<\/td>\n<td width=\"10\"><\/td>\n<\/tr>\n<tr>\n<td width=\"65\">Vermelho<\/td>\n<td width=\"55\">C120VM<\/td>\n<td width=\"55\">C240VM<\/td>\n<td width=\"55\">C241VM<\/td>\n<td width=\"10\"><\/td>\n<\/tr>\n<\/tbody>\n<\/table>\n<h4><\/h4>\n<h4>C\u00f3digo do Coletor Gari + Pedal<\/h4>\n<table width=\"239\">\n<tbody>\n<tr>\n<td colspan=\"2\" width=\"119\"><strong>CAPACIDADE: \u00a0 \u00a0<\/strong>\u00a0\u00a0 \u00a0 \u00a0 \u00a0 \u00a0\u00a0<strong>\u00a0 \u00a0 \u00a0 \u00a0 \u00a0 \u00a0 \u00a0120 L<\/strong><\/td>\n<td colspan=\"3\" width=\"119\"><strong>\u00a0 \u00a0240 L<\/strong><\/td>\n<\/tr>\n<tr>\n<td width=\"65\">Amarelo<\/td>\n<td width=\"55\">CP12AM<\/td>\n<td width=\"55\">CP24AM<\/td>\n<td width=\"10\"><\/td>\n<\/tr>\n<tr>\n<td width=\"65\">Azul<\/td>\n<td width=\"55\">CP12AZ<\/td>\n<td width=\"55\">CP24AZ<\/td>\n<td width=\"10\"><\/td>\n<\/tr>\n<tr>\n<td width=\"65\">Branco<\/td>\n<td width=\"55\">CP12BR<\/td>\n<td width=\"55\">CP24BR<\/td>\n<td width=\"10\"><\/td>\n<\/tr>\n<tr>\n<td width=\"65\">Cinza<\/td>\n<td width=\"55\">CP12CZ<\/td>\n<td width=\"55\">CP24CZ<\/td>\n<td width=\"10\"><\/td>\n<\/tr>\n<tr>\n<td width=\"65\">Laranja<\/td>\n<td width=\"55\">CP12LJ<\/td>\n<td width=\"55\">CP24LJ<\/td>\n<td width=\"10\"><\/td>\n<\/tr>\n<tr>\n<td width=\"65\">Marrom<\/td>\n<td width=\"55\">CP12MR<\/td>\n<td width=\"55\">CP24MR<\/td>\n<td width=\"10\"><\/td>\n<\/tr>\n<tr>\n<td width=\"65\">Preta<\/td>\n<td width=\"55\">CP12PR<\/td>\n<td width=\"55\">CP24PR<\/td>\n<td width=\"10\"><\/td>\n<\/tr>\n<tr>\n<td width=\"65\">Verde<\/td>\n<td width=\"55\">CP12VD<\/td>\n<td width=\"55\">CP24VD<\/td>\n<td width=\"10\"><\/td>\n<\/tr>\n<tr>\n<td width=\"65\">Vermelho<\/td>\n<td width=\"55\">CP12VM<\/td>\n<td width=\"55\">CP24VM<\/td>\n<td width=\"10\"><\/td>\n<\/tr>\n<\/tbody>\n<\/table>\n<p>&nbsp;<\/p>\n<h4>Dimens\u00f5es Coletores Gari Modelo Europeu<\/h4>\n<p>&nbsp;<\/p>\n<table width=\"389\">\n<tbody>\n<tr>\n<td width=\"65\"><strong>CAPACIDADE<\/strong><\/td>\n<td width=\"82\"><b>RODA<\/b><\/td>\n<td width=\"57\"><strong>Comp.<\/strong><\/td>\n<td width=\"109\"><strong>largura<\/strong><\/td>\n<td width=\"57\"><strong>Altura<\/strong><\/td>\n<td width=\"109\"><strong>Peso<\/strong><\/td>\n<\/tr>\n<tr>\n<td width=\"65\">120\u00a0Litros<\/td>\n<td width=\"82\">220 mm<\/td>\n<td width=\"57\">56 cm<\/td>\n<td width=\"109\">48 cm<\/td>\n<td width=\"57\">92 cm<\/td>\n<td width=\"109\">11\u00a0Kg<\/td>\n<\/tr>\n<\/tbody>\n<\/table>\n<table width=\"389\">\n<tbody>\n<tr>\n<td width=\"65\">240 Litros<\/td>\n<td width=\"82\">220 mm<\/td>\n<td width=\"57\">74 cm<\/td>\n<td width=\"109\">59 cm<\/td>\n<td width=\"57\">105 cm<\/td>\n<td width=\"109\">14 kg<\/td>\n<\/tr>\n<\/tbody>\n<\/table>\n<table width=\"389\">\n<tbody>\n<tr>\n<td width=\"65\">240 Litros<\/td>\n<td width=\"82\">300 mm<\/td>\n<td width=\"57\">74 cm<\/td>\n<td width=\"109\">59 cm<\/td>\n<td width=\"57\">105 cm<\/td>\n<td width=\"109\">17\u00a0Kg<\/td>\n<\/tr>\n<\/tbody>\n<\/table>\n<\/div>\n<\/div>\n<\/div>\n<\/div>\n<\/div>\n<\/div>\n<\/div>\n<\/div>\n<\/div>\n<\/div>\n<\/div>\n<\/div>\n<\/div>\n<\/div>\n<\/div>\n<\/div>\n<p>&nbsp;<\/p>\n","protected":false},"excerpt":{"rendered":"<p>Os coletores Carros Gari Europeu\u00a0 de 120 e 240 litros s\u00e3o equipamentos para recolhimento e [&hellip;]<\/p>\n","protected":false},"featured_media":2731,"comment_status":"closed","ping_status":"closed","template":"","meta":[],"product_brand":[],"product_cat":[249],"product_tag":[],"class_list":{"0":"post-2730","1":"product","2":"type-product","3":"status-publish","4":"has-post-thumbnail","6":"product_cat-coletores","8":"first","9":"instock","10":"shipping-taxable","11":"product-type-simple"},"_links":{"self":[{"href":"https:\/\/www.kimarca.com.br\/site\/wp-json\/wp\/v2\/product\/2730","targetHints":{"allow":["GET"]}}],"collection":[{"href":"https:\/\/www.kimarca.com.br\/site\/wp-json\/wp\/v2\/product"}],"about":[{"href":"https:\/\/www.kimarca.com.br\/site\/wp-json\/wp\/v2\/types\/product"}],"replies":[{"embeddable":true,"href":"https:\/\/www.kimarca.com.br\/site\/wp-json\/wp\/v2\/comments?post=2730"}],"wp:featuredmedia":[{"embeddable":true,"href":"https:\/\/www.kimarca.com.br\/site\/wp-json\/wp\/v2\/media\/2731"}],"wp:attachment":[{"href":"https:\/\/www.kimarca.com.br\/site\/wp-json\/wp\/v2\/media?parent=2730"}],"wp:term":[{"taxonomy":"product_brand","embeddable":true,"href":"https:\/\/www.kimarca.com.br\/site\/wp-json\/wp\/v2\/product_brand?post=2730"},{"taxonomy":"product_cat","embeddable":true,"href":"https:\/\/www.kimarca.com.br\/site\/wp-json\/wp\/v2\/product_cat?post=2730"},{"taxonomy":"product_tag","embeddable":true,"href":"https:\/\/www.kimarca.com.br\/site\/wp-json\/wp\/v2\/product_tag?post=2730"}],"curies":[{"name":"wp","href":"https:\/\/api.w.org\/{rel}","templated":true}]}}