{"id":2728,"date":"2017-08-17T13:51:01","date_gmt":"2017-08-17T16:51:01","guid":{"rendered":"https:\/\/www.kimarca.com.br\/site\/?post_type=product&#038;p=2728"},"modified":"2024-11-03T23:40:55","modified_gmt":"2024-11-04T02:40:55","slug":"coletores-quadrados-60-e-100-litros-tampa-basculante","status":"publish","type":"product","link":"https:\/\/www.kimarca.com.br\/site\/produto\/coletores-quadrados-60-e-100-litros-tampa-basculante\/","title":{"rendered":"Coletores Quadrados 60 e 100 Litros \u2013 Tampa Basculante"},"content":{"rendered":"<div class=\"vc_tta-container\" data-vc-action=\"collapse\">\n<div class=\"vc_general vc_tta vc_tta-tabs vc_tta-o-shape-group vc_tta-tabs-position-top \">\n<div class=\"vc_tta-panels-container\">\n<div class=\"vc_tta-panels\">\n<div id=\"1458228299806-0b58c500-4352\" class=\"vc_tta-panel vc_active\" data-vc-content=\".vc_tta-panel-body\">\n<div class=\"vc_tta-panel-body\">\n<div class=\"wpb_text_column wpb_content_element  vc_custom_1470326724220\">\n<div class=\"wpb_wrapper\">\n<p><strong>Os Coletores Quadrados t\u00eam capacidades para 60 e 100 litros com corpo e tampa em polipropileno.<\/strong><\/p>\n<p>Resistentes, proporcionam uma excelente aquisi\u00e7\u00e3o para coletar res\u00edduos em diversos ambientes como ind\u00fastrias, escolas, hospitais e outros.<\/p>\n<p>A tampa basculante impede a entrada de insetos e de \u00e1gua, al\u00e9m de prevenir a emana\u00e7\u00e3o de odores.<\/p>\n<h4><strong>COLETORES QUADRADOS em at\u00e9 10 CORES<\/strong><\/h4>\n<p>Amarelo \u2013 Azul \u2013 Bege \u2013 Branco \u2013 Cinza \u2013 Laranja \u2013 Marrom<\/p>\n<p>Preto \u2013 Verde -Vermelho<\/p>\n<h4><strong>ESTRUTURAS para MONTAGEM DE CONJUNTOS<\/strong><\/h4>\n<p>Estes equipamentos permitem a montagem de conjuntos de acordo com a necessidade. \u00a0Acondicionam com seguran\u00e7a Coletores Quadrados de 60 e 100 Litros e est\u00e3o dispon\u00edveis para montagem de 01 a 6 coletores.<\/p>\n<p>As estruturas para montagem de conjuntos de coletores quadrados possuem pintura eletrost\u00e1tica e oferece durabilidade e facilidade para a descarga do material coletado.<\/p>\n<p><strong>Veja no quadro abaixo as combina\u00e7\u00f5es e seus respectivos c\u00f3digos.<\/strong><\/p>\n<\/div>\n<\/div>\n<\/div>\n<\/div>\n<\/div>\n<\/div>\n<\/div>\n<\/div>\n<div class=\"vc_tta-container\" data-vc-action=\"collapse\">\n<div class=\"vc_general vc_tta vc_tta-tabs vc_tta-o-shape-group vc_tta-tabs-position-top \">\n<div class=\"vc_tta-panels-container\">\n<div class=\"vc_tta-panels\">\n<div id=\"1458228299852-90634618-e399\" class=\"vc_tta-panel vc_active\" data-vc-content=\".vc_tta-panel-body\">\n<div class=\"vc_tta-panel-body\">\n<div class=\"wpb_text_column wpb_content_element \">\n<div class=\"wpb_wrapper\">\n<table width=\"389\">\n<tbody>\n<tr>\n<td width=\"65\">Capacidade<\/td>\n<td width=\"82\">Comprimento<\/td>\n<td width=\"57\">Largura<\/td>\n<td width=\"109\">Altura<\/td>\n<td width=\"75\">Peso<\/td>\n<\/tr>\n<tr>\n<td width=\"65\">60 Litros<\/td>\n<td width=\"82\">41 cm<\/td>\n<td width=\"57\">41 cm<\/td>\n<td width=\"109\">77 cm<\/td>\n<td width=\"75\">2,57 kg<\/td>\n<\/tr>\n<tr>\n<td width=\"65\">100 Litros<\/td>\n<td width=\"150\">41 cm<\/td>\n<td width=\"47\">41 cm<\/td>\n<td width=\"51\">99 cm<\/td>\n<td width=\"66\">3,25 kg<\/td>\n<\/tr>\n<\/tbody>\n<\/table>\n<table width=\"389\">\n<tbody>\n<tr>\n<td width=\"65\"><\/td>\n<td colspan=\"2\" width=\"139\">60 Litros<\/td>\n<td colspan=\"2\" width=\"184\">100 Litros<\/td>\n<\/tr>\n<tr>\n<td width=\"65\">\u00a0<strong>Cor<\/strong><\/td>\n<td width=\"82\"><strong>Sem Adesivo<\/strong><\/td>\n<td width=\"57\"><strong>C\/ Adesivo<\/strong><\/td>\n<td width=\"109\"><strong>Sem Adesivo<\/strong><\/td>\n<td width=\"75\"><strong>Com Adesivo<\/strong><\/td>\n<\/tr>\n<tr>\n<td width=\"65\">Amarelo<\/td>\n<td width=\"82\">CV61AM<\/td>\n<td width=\"57\">CC61AM<\/td>\n<td width=\"109\">CD11AM<\/td>\n<td width=\"75\">CC11AM<\/td>\n<\/tr>\n<tr>\n<td width=\"65\">Azul<\/td>\n<td width=\"82\">CV61AZ<\/td>\n<td width=\"57\">CC61AZ<\/td>\n<td width=\"109\">CD11AZ<\/td>\n<td width=\"75\">CC11AZ<\/td>\n<\/tr>\n<tr>\n<td width=\"65\">Branco<\/td>\n<td width=\"82\">CV61BR<\/td>\n<td width=\"57\">CC61BR<\/td>\n<td width=\"109\">CD11BR<\/td>\n<td width=\"75\">CC11BR<\/td>\n<\/tr>\n<tr>\n<td width=\"65\">Cinza<\/td>\n<td width=\"82\">CV61CZ<\/td>\n<td width=\"57\">CC61CZ<\/td>\n<td width=\"109\">CD11CZ<\/td>\n<td width=\"75\">CC11CZ<\/td>\n<\/tr>\n<tr>\n<td width=\"65\">Laranja<\/td>\n<td width=\"82\">CV61LR<\/td>\n<td width=\"57\">CC61LJ<\/td>\n<td width=\"109\">CD11LR<\/td>\n<td width=\"75\">CC11LR<\/td>\n<\/tr>\n<tr>\n<td width=\"65\">Marrom<\/td>\n<td width=\"82\">CV61MA<\/td>\n<td width=\"57\">CC61MA<\/td>\n<td width=\"109\">CD11MA<\/td>\n<td width=\"75\">CC11MA<\/td>\n<\/tr>\n<tr>\n<td width=\"65\">Preto<\/td>\n<td width=\"82\">CV61PR<\/td>\n<td width=\"57\">CC61PR<\/td>\n<td width=\"109\">CD11PR<\/td>\n<td width=\"75\">CC11PR<\/td>\n<\/tr>\n<tr>\n<td width=\"65\">Verde<\/td>\n<td width=\"82\">CV61VD<\/td>\n<td width=\"57\">CC61VD<\/td>\n<td width=\"109\">CD11VD<\/td>\n<td width=\"75\">CC11VD<\/td>\n<\/tr>\n<tr>\n<td width=\"65\">Vermelho<\/td>\n<td width=\"82\">CV61VM<\/td>\n<td width=\"57\">CC61VM<\/td>\n<td width=\"109\">CD11VM<\/td>\n<td width=\"75\">CC11VM<\/td>\n<\/tr>\n<\/tbody>\n<\/table>\n<\/div>\n<\/div>\n<\/div>\n<\/div>\n<\/div>\n<\/div>\n<\/div>\n<\/div>\n<p>&nbsp;<\/p>\n","protected":false},"excerpt":{"rendered":"<p>Os Coletores Quadrados t\u00eam capacidades para 60 e 100 litros com corpo e tampa em [&hellip;]<\/p>\n","protected":false},"featured_media":2729,"comment_status":"closed","ping_status":"closed","template":"","meta":[],"product_brand":[],"product_cat":[249],"product_tag":[],"class_list":{"0":"post-2728","1":"product","2":"type-product","3":"status-publish","4":"has-post-thumbnail","6":"product_cat-coletores","8":"first","9":"instock","10":"shipping-taxable","11":"product-type-simple"},"_links":{"self":[{"href":"https:\/\/www.kimarca.com.br\/site\/wp-json\/wp\/v2\/product\/2728","targetHints":{"allow":["GET"]}}],"collection":[{"href":"https:\/\/www.kimarca.com.br\/site\/wp-json\/wp\/v2\/product"}],"about":[{"href":"https:\/\/www.kimarca.com.br\/site\/wp-json\/wp\/v2\/types\/product"}],"replies":[{"embeddable":true,"href":"https:\/\/www.kimarca.com.br\/site\/wp-json\/wp\/v2\/comments?post=2728"}],"wp:featuredmedia":[{"embeddable":true,"href":"https:\/\/www.kimarca.com.br\/site\/wp-json\/wp\/v2\/media\/2729"}],"wp:attachment":[{"href":"https:\/\/www.kimarca.com.br\/site\/wp-json\/wp\/v2\/media?parent=2728"}],"wp:term":[{"taxonomy":"product_brand","embeddable":true,"href":"https:\/\/www.kimarca.com.br\/site\/wp-json\/wp\/v2\/product_brand?post=2728"},{"taxonomy":"product_cat","embeddable":true,"href":"https:\/\/www.kimarca.com.br\/site\/wp-json\/wp\/v2\/product_cat?post=2728"},{"taxonomy":"product_tag","embeddable":true,"href":"https:\/\/www.kimarca.com.br\/site\/wp-json\/wp\/v2\/product_tag?post=2728"}],"curies":[{"name":"wp","href":"https:\/\/api.w.org\/{rel}","templated":true}]}}