{"id":2722,"date":"2017-08-17T13:40:21","date_gmt":"2017-08-17T16:40:21","guid":{"rendered":"https:\/\/www.kimarca.com.br\/site\/?post_type=product&#038;p=2722"},"modified":"2024-11-03T23:40:55","modified_gmt":"2024-11-04T02:40:55","slug":"cesto-dispensador-de-copos","status":"publish","type":"product","link":"https:\/\/www.kimarca.com.br\/site\/produto\/cesto-dispensador-de-copos\/","title":{"rendered":"Cesto Dispensador de Copos"},"content":{"rendered":"<p>O Cesto Dispensador de copos \u00e9 um conjunto formado por 1 cesto de 23 litros, dispon\u00edvel em at\u00e9 10 cores e um dispensador de copos, somente na cor branca, o qual apresenta 5 cavidades:<\/p>\n<ul>\n<li>1 cavidade para copos de at\u00e9 50 ml;<\/li>\n<li>3 Cavidades para copos de at\u00e9 300ml;<\/li>\n<li>1 Cavidade central para colheres ou hastes pl\u00e1sticas;<\/li>\n<\/ul>\n<p>Esse conjunto \u00e9 pr\u00e1tico e resistente e muito f\u00e1cil de limpar e higienizar, pois seu interior e exterior\u00a0 possui superf\u00edcies lisas.<\/p>\n<p>Indicados para diversos ambientes como escrit\u00f3rios, lanchonetes, ind\u00fastrias, condom\u00ednios residenciais, caf\u00e9s, escolas, hospitais entre outros locais.<\/p>\n<h4>Conjunto Formado por:<\/h4>\n<h4>Cesto de 23 Litros e Dispensador de Copos:<\/h4>\n<table width=\"126\">\n<tbody>\n<tr>\n<td width=\"65\"><strong>Cor<\/strong><\/td>\n<td width=\"61\"><strong>C\u00f3digo<\/strong><\/td>\n<\/tr>\n<tr>\n<td>Amarela<\/td>\n<td>DC51AM<\/td>\n<\/tr>\n<tr>\n<td>Azul<\/td>\n<td>DC51AZ<\/td>\n<\/tr>\n<tr>\n<td>Bege<\/td>\n<td>DC51BG<\/td>\n<\/tr>\n<tr>\n<td>Branca<\/td>\n<td>DC51BR<\/td>\n<\/tr>\n<tr>\n<td>Cinza<\/td>\n<td>DC51CZ<\/td>\n<\/tr>\n<tr>\n<td>Laranja<\/td>\n<td>DC51LJ<\/td>\n<\/tr>\n<tr>\n<td>Marrom<\/td>\n<td>DC51MR<\/td>\n<\/tr>\n<tr>\n<td>Preta<\/td>\n<td>DC51PR<\/td>\n<\/tr>\n<tr>\n<td>Verde<\/td>\n<td>DC51VD<\/td>\n<\/tr>\n<tr>\n<td>Vermelha<\/td>\n<td>DC51VM<\/td>\n<\/tr>\n<\/tbody>\n<\/table>\n<p>&nbsp;<\/p>\n<h4><strong>Dimens\u00f5es do Dispensador de Copos:<\/strong><\/h4>\n<table width=\"389\">\n<tbody>\n<tr>\n<td width=\"65\">COR<\/td>\n<td width=\"82\">Di\u00e2metro<\/td>\n<td width=\"57\">Altura<\/td>\n<td width=\"75\">Embalagem<\/td>\n<td width=\"109\">\u00a0Peso<\/td>\n<\/tr>\n<tr>\n<td width=\"65\">Branco<\/td>\n<td width=\"82\">24 cm<\/td>\n<td width=\"57\">54 cm<\/td>\n<td width=\"57\">\u00a0 \u00a0 \u00a0 1 UN<\/td>\n<td width=\"109\">\u00a0Kg<\/td>\n<\/tr>\n<\/tbody>\n<\/table>\n","protected":false},"excerpt":{"rendered":"<p>O Cesto Dispensador de copos \u00e9 um conjunto formado por 1 cesto de 23 litros, [&hellip;]<\/p>\n","protected":false},"featured_media":2723,"comment_status":"closed","ping_status":"closed","template":"","meta":[],"product_brand":[],"product_cat":[248],"product_tag":[],"class_list":{"0":"post-2722","1":"product","2":"type-product","3":"status-publish","4":"has-post-thumbnail","6":"product_cat-cestos-e-cinzeiros","8":"first","9":"instock","10":"shipping-taxable","11":"product-type-simple"},"_links":{"self":[{"href":"https:\/\/www.kimarca.com.br\/site\/wp-json\/wp\/v2\/product\/2722","targetHints":{"allow":["GET"]}}],"collection":[{"href":"https:\/\/www.kimarca.com.br\/site\/wp-json\/wp\/v2\/product"}],"about":[{"href":"https:\/\/www.kimarca.com.br\/site\/wp-json\/wp\/v2\/types\/product"}],"replies":[{"embeddable":true,"href":"https:\/\/www.kimarca.com.br\/site\/wp-json\/wp\/v2\/comments?post=2722"}],"wp:featuredmedia":[{"embeddable":true,"href":"https:\/\/www.kimarca.com.br\/site\/wp-json\/wp\/v2\/media\/2723"}],"wp:attachment":[{"href":"https:\/\/www.kimarca.com.br\/site\/wp-json\/wp\/v2\/media?parent=2722"}],"wp:term":[{"taxonomy":"product_brand","embeddable":true,"href":"https:\/\/www.kimarca.com.br\/site\/wp-json\/wp\/v2\/product_brand?post=2722"},{"taxonomy":"product_cat","embeddable":true,"href":"https:\/\/www.kimarca.com.br\/site\/wp-json\/wp\/v2\/product_cat?post=2722"},{"taxonomy":"product_tag","embeddable":true,"href":"https:\/\/www.kimarca.com.br\/site\/wp-json\/wp\/v2\/product_tag?post=2722"}],"curies":[{"name":"wp","href":"https:\/\/api.w.org\/{rel}","templated":true}]}}