{"id":2720,"date":"2017-08-17T13:39:27","date_gmt":"2017-08-17T16:39:27","guid":{"rendered":"https:\/\/www.kimarca.com.br\/site\/?post_type=product&#038;p=2720"},"modified":"2024-11-03T23:40:55","modified_gmt":"2024-11-04T02:40:55","slug":"conjugado-para-cesto-de-14-litros","status":"publish","type":"product","link":"https:\/\/www.kimarca.com.br\/site\/produto\/conjugado-para-cesto-de-14-litros\/","title":{"rendered":"Conjugado para Cesto de 14 Litros"},"content":{"rendered":"<p>O Conjugado para\u00a0 cestos de 14 Litros \u00e9 feito com estrutura em a\u00e7o que \u00e9\u00a0 resistente para ser colocado em ambientes abertos e fechados, tendo como acabamento a pintura eletrost\u00e1tica que aumenta a vida \u00fatil do equipamento.<\/p>\n<p>Este Conjugado para Cestos \u00e9 indicado para 04 cestos de 14Litros \u00a0e \u00e9\u00a0 ideal para \u00e1reas com menor tr\u00e1fego de pessoas e espa\u00e7os menores como \u00a0como recep\u00e7\u00f5es, cantinas escolares, clubes, etc.<\/p>\n<p>&nbsp;<\/p>\n<ul>\n<li><strong>Os Cestos de 14 Litros s\u00e3o vendidos separadamente.<\/strong><\/li>\n<\/ul>\n<h4><strong>Estrutura de Metal :<\/strong><strong>C\u00f3digo: CS 705<\/strong><\/h4>\n<table width=\"416\">\n<tbody>\n<tr>\n<td width=\"75\">Descri\u00e7\u00e3o<\/td>\n<td width=\"64\">Comp<\/td>\n<td width=\"64\">Largura<\/td>\n<td width=\"64\">Altura<\/td>\n<td width=\"85\">Embalagem<\/td>\n<td width=\"85\">Peso<\/td>\n<\/tr>\n<tr>\n<td>Montado<\/td>\n<td>50 cm<\/td>\n<td>70 cm<\/td>\n<td>105 cm<\/td>\n<td>1 unidade<\/td>\n<td>9,100kg<\/td>\n<\/tr>\n<tr>\n<td>Desmontado<\/td>\n<td>50 cm<\/td>\n<td>70 cm<\/td>\n<td>80 cm<\/td>\n<td>1 unidade<\/td>\n<td>9,100kg<\/td>\n<\/tr>\n<\/tbody>\n<\/table>\n<p>*Os cestos de 14 litros s\u00e3o vendidos separadamente.<\/p>\n","protected":false},"excerpt":{"rendered":"<p>O Conjugado para\u00a0 cestos de 14 Litros \u00e9 feito com estrutura em a\u00e7o que \u00e9\u00a0 [&hellip;]<\/p>\n","protected":false},"featured_media":2721,"comment_status":"closed","ping_status":"closed","template":"","meta":[],"product_brand":[],"product_cat":[248],"product_tag":[],"class_list":{"0":"post-2720","1":"product","2":"type-product","3":"status-publish","4":"has-post-thumbnail","6":"product_cat-cestos-e-cinzeiros","8":"first","9":"instock","10":"shipping-taxable","11":"product-type-simple"},"_links":{"self":[{"href":"https:\/\/www.kimarca.com.br\/site\/wp-json\/wp\/v2\/product\/2720","targetHints":{"allow":["GET"]}}],"collection":[{"href":"https:\/\/www.kimarca.com.br\/site\/wp-json\/wp\/v2\/product"}],"about":[{"href":"https:\/\/www.kimarca.com.br\/site\/wp-json\/wp\/v2\/types\/product"}],"replies":[{"embeddable":true,"href":"https:\/\/www.kimarca.com.br\/site\/wp-json\/wp\/v2\/comments?post=2720"}],"wp:featuredmedia":[{"embeddable":true,"href":"https:\/\/www.kimarca.com.br\/site\/wp-json\/wp\/v2\/media\/2721"}],"wp:attachment":[{"href":"https:\/\/www.kimarca.com.br\/site\/wp-json\/wp\/v2\/media?parent=2720"}],"wp:term":[{"taxonomy":"product_brand","embeddable":true,"href":"https:\/\/www.kimarca.com.br\/site\/wp-json\/wp\/v2\/product_brand?post=2720"},{"taxonomy":"product_cat","embeddable":true,"href":"https:\/\/www.kimarca.com.br\/site\/wp-json\/wp\/v2\/product_cat?post=2720"},{"taxonomy":"product_tag","embeddable":true,"href":"https:\/\/www.kimarca.com.br\/site\/wp-json\/wp\/v2\/product_tag?post=2720"}],"curies":[{"name":"wp","href":"https:\/\/api.w.org\/{rel}","templated":true}]}}