{"id":2718,"date":"2017-08-17T13:37:06","date_gmt":"2017-08-17T16:37:06","guid":{"rendered":"https:\/\/www.kimarca.com.br\/site\/?post_type=product&#038;p=2718"},"modified":"2024-11-03T23:40:55","modified_gmt":"2024-11-04T02:40:55","slug":"cestos-com-pedal-15l-30l-60l-100l","status":"publish","type":"product","link":"https:\/\/www.kimarca.com.br\/site\/produto\/cestos-com-pedal-15l-30l-60l-100l\/","title":{"rendered":"Cestos com Pedal &#8211;  15L &#8211; 30L &#8211; 60L &#8211; 100L"},"content":{"rendered":"<p>Estes cestos com pedal s\u00e3o produzidos em polipropileno de alta resist\u00eancia e design arrojado, s\u00e3o indicados para \u00e1reas internas e externas de edif\u00edcios comerciais, \u00e1reas laboratoriais, hospitalares e\u00a0aliment\u00edcias e at\u00e9 resid\u00eancias.<\/p>\n<p>Sua tampa com sistema de abertura e fechamento atrav\u00e9s de pedal promove a veda\u00e7\u00e3o do coletor evitando a dispers\u00e3o de odores e a entrada de insetos, al\u00e9m de evitar os riscos de contamina\u00e7\u00e3o. Dispon\u00edvel em 04 vers\u00f5es, estes s\u00e3o vendidos em at\u00e9 10 cores.<\/p>\n<p><strong>QUATRO VERS\u00d5ES:<\/strong><\/p>\n<h4><strong>15 \u2013 30 \u2013 60 \u2013 100 \u00a0(litros)<\/strong><\/h4>\n<p>Amarelo \u2013 Azul \u2013 Bege \u2013 Branco \u2013 Cinza \u2013 Laranja \u2013 Marrom \u2013 Preto \u2013 Verde \u2013 Vermelho<\/p>\n<p>Devido ao seu tamanho e capacidade de armazenagem de detritos o modelo de 100 Litros permite a coloca\u00e7\u00e3o de rodas emborrachadas (as quais s\u00e3o opcionais)\u00a0 para o seu melhor deslocamento.<\/p>\n","protected":false},"excerpt":{"rendered":"<p>Estes cestos com pedal s\u00e3o produzidos em polipropileno de alta resist\u00eancia e design arrojado, s\u00e3o [&hellip;]<\/p>\n","protected":false},"featured_media":2719,"comment_status":"closed","ping_status":"closed","template":"","meta":[],"product_brand":[],"product_cat":[248],"product_tag":[],"class_list":{"0":"post-2718","1":"product","2":"type-product","3":"status-publish","4":"has-post-thumbnail","6":"product_cat-cestos-e-cinzeiros","8":"first","9":"instock","10":"shipping-taxable","11":"product-type-simple"},"_links":{"self":[{"href":"https:\/\/www.kimarca.com.br\/site\/wp-json\/wp\/v2\/product\/2718","targetHints":{"allow":["GET"]}}],"collection":[{"href":"https:\/\/www.kimarca.com.br\/site\/wp-json\/wp\/v2\/product"}],"about":[{"href":"https:\/\/www.kimarca.com.br\/site\/wp-json\/wp\/v2\/types\/product"}],"replies":[{"embeddable":true,"href":"https:\/\/www.kimarca.com.br\/site\/wp-json\/wp\/v2\/comments?post=2718"}],"wp:featuredmedia":[{"embeddable":true,"href":"https:\/\/www.kimarca.com.br\/site\/wp-json\/wp\/v2\/media\/2719"}],"wp:attachment":[{"href":"https:\/\/www.kimarca.com.br\/site\/wp-json\/wp\/v2\/media?parent=2718"}],"wp:term":[{"taxonomy":"product_brand","embeddable":true,"href":"https:\/\/www.kimarca.com.br\/site\/wp-json\/wp\/v2\/product_brand?post=2718"},{"taxonomy":"product_cat","embeddable":true,"href":"https:\/\/www.kimarca.com.br\/site\/wp-json\/wp\/v2\/product_cat?post=2718"},{"taxonomy":"product_tag","embeddable":true,"href":"https:\/\/www.kimarca.com.br\/site\/wp-json\/wp\/v2\/product_tag?post=2718"}],"curies":[{"name":"wp","href":"https:\/\/api.w.org\/{rel}","templated":true}]}}