{"id":2714,"date":"2017-08-17T13:34:44","date_gmt":"2017-08-17T16:34:44","guid":{"rendered":"https:\/\/www.kimarca.com.br\/site\/?post_type=product&#038;p=2714"},"modified":"2024-11-03T23:40:55","modified_gmt":"2024-11-04T02:40:55","slug":"cestos-comuns-14-e-23-litros","status":"publish","type":"product","link":"https:\/\/www.kimarca.com.br\/site\/produto\/cestos-comuns-14-e-23-litros\/","title":{"rendered":"Cestos Comuns 14 e 23 Litros"},"content":{"rendered":"<p>Os Cestos de 14 e 23 \u00a0Litros \u00a0s\u00e3o indicados para locais onde o recolhimento de sujidades \u00e9 pequeno, tais como escrit\u00f3rios, corredores internos, cl\u00ednicas, salas, bares caf\u00e9s, etc.<\/p>\n<p>Os Cestos coletores s\u00e3o produzidos \u00a0em polipropileno e s\u00e3o indicados \u00a0para resid\u00eancias, \u00e1reas internas de pr\u00e9dios e outros edif\u00edcios comerciais. Aqui s\u00e3o representados pelas cores:\u00a0<strong>Bege \u2013 Branca \u2013 Cinza- Laranja \u2013 Marrom \u2013 Preta<\/strong><\/p>\n<p>Seu interior \u00e9 totalmente liso \u00a0para f\u00e1cil limpeza e higieniza\u00e7\u00e3o.<\/p>\n<h4><strong>TAMPA PARA COLETORES \u2013 ARO PARA COLETORES<\/strong><\/h4>\n<h4><strong>e ARO MEIA LUA:<\/strong><\/h4>\n<p>Bege \u2013 Branca \u2013 Cinza- Laranja \u2013 Marrom \u2013 Preta<\/p>\n<p>As tampas representadas nos quadros abaixo, podem ser utilizadas tanto nos cestos de 14 Litros, quanto no de 23 Litros, pois possuem o mesmo di\u00e2metro de\u00a024 cm.<\/p>\n<h2 class=\"vc_custom_heading\">Cestos Comuns 14 Litros<\/h2>\n<div class=\"wpb_text_column wpb_content_element \">\n<div class=\"wpb_wrapper\">\n<table width=\"323\">\n<tbody>\n<tr>\n<td>\n<h5>Cor<\/h5>\n<\/td>\n<td colspan=\"2\">\n<h5>C\u00f3digos<\/h5>\n<\/td>\n<\/tr>\n<tr>\n<td>\n<h5>.<\/h5>\n<\/td>\n<td>\n<h5>S\/ Tampa Basculante<\/h5>\n<\/td>\n<td>\n<h5>C\/Tampa Basculante<\/h5>\n<\/td>\n<\/tr>\n<tr>\n<td>Bege<\/td>\n<td>CL24BG<\/td>\n<td>CS24BG<\/td>\n<\/tr>\n<tr>\n<td>Branco<\/td>\n<td>CL24BR<\/td>\n<td>CS24BR<\/td>\n<\/tr>\n<tr>\n<td>Cinza<\/td>\n<td>CL24CZ<\/td>\n<td>CS24CZ<\/td>\n<\/tr>\n<tr>\n<td>Laranja<\/td>\n<td>CL24LJ<\/td>\n<td>CS24LJ<\/td>\n<\/tr>\n<tr>\n<td>Marron<\/td>\n<td>CL24MR<\/td>\n<td>CS24MR<\/td>\n<\/tr>\n<tr>\n<td>Preto<\/td>\n<td>CL24PR<\/td>\n<td>CR24PR<\/td>\n<\/tr>\n<\/tbody>\n<\/table>\n<table width=\"389\">\n<tbody>\n<tr>\n<td width=\"65\"><strong>DIMENS\u00d5ES<\/strong><\/td>\n<td width=\"65\">Di\u00e2metro<\/td>\n<td width=\"82\">Altura<\/td>\n<td width=\"57\">Emb.<\/td>\n<td width=\"109\">Peso<\/td>\n<\/tr>\n<tr>\n<td width=\"65\"><strong>SEM TAMPA<\/strong><\/td>\n<td width=\"65\">24 cm<\/td>\n<td width=\"82\">30 cm<\/td>\n<td width=\"57\">12 UN<\/td>\n<td width=\"109\">0,550 Kg<\/td>\n<\/tr>\n<\/tbody>\n<\/table>\n<table width=\"389\">\n<tbody>\n<tr>\n<td width=\"65\"><strong>DIMENS\u00d5ES<\/strong><\/td>\n<td width=\"65\">Di\u00e2metro<\/td>\n<td width=\"82\">Altura<\/td>\n<td width=\"57\">Emb.<\/td>\n<td width=\"109\">Peso<\/td>\n<\/tr>\n<tr>\n<td width=\"65\"><strong>COM TAMPA<\/strong><\/td>\n<td width=\"65\">24 cm<\/td>\n<td width=\"82\">40 cm<\/td>\n<td width=\"57\">12 UN<\/td>\n<td width=\"109\">0,750 Kg<\/td>\n<\/tr>\n<\/tbody>\n<\/table>\n<\/div>\n<\/div>\n<div class=\"vc_empty_space\"><\/div>\n<h2 class=\"vc_custom_heading\">Cestos Comuns 23 Litros<\/h2>\n<div class=\"wpb_text_column wpb_content_element \">\n<div class=\"wpb_wrapper\">\n<table width=\"323\">\n<tbody>\n<tr>\n<td>\n<h5>Cor<\/h5>\n<\/td>\n<td colspan=\"2\">\n<h5>C\u00f3digos<\/h5>\n<\/td>\n<\/tr>\n<tr>\n<td>\n<h5>.<\/h5>\n<\/td>\n<td>\n<h5>S\/ Tampa Basculante<\/h5>\n<\/td>\n<td>\n<h5>C\/Tampa Basculante<\/h5>\n<\/td>\n<\/tr>\n<tr>\n<td>Bege<\/td>\n<td>MVCL51BG<\/td>\n<td>MVCS51BG<\/td>\n<\/tr>\n<tr>\n<td>Branco<\/td>\n<td>MVCL51BR<\/td>\n<td>MVCS51BR<\/td>\n<\/tr>\n<tr>\n<td>Cinza<\/td>\n<td>MVCL51CZ<\/td>\n<td>MVCS51CZ<\/td>\n<\/tr>\n<tr>\n<td>Laranja<\/td>\n<td>MVCL51LJ<\/td>\n<td>MVCS51LJ<\/td>\n<\/tr>\n<tr>\n<td>Marron<\/td>\n<td>MVCL51MR<\/td>\n<td>MVCS51MR<\/td>\n<\/tr>\n<tr>\n<td>Preto<\/td>\n<td>MVCL51PR<\/td>\n<td>MVCS51PR<\/td>\n<\/tr>\n<\/tbody>\n<\/table>\n<table width=\"392\">\n<tbody>\n<tr>\n<td width=\"65\"><strong>DIMENS\u00d5ES<\/strong><\/td>\n<td width=\"65\">Di\u00e2metro<\/td>\n<td width=\"82\">Altura<\/td>\n<td width=\"57\">Emb.<\/td>\n<td width=\"109\">Peso<\/td>\n<\/tr>\n<tr>\n<td width=\"65\"><strong>SEM TAMPA<\/strong><\/td>\n<td width=\"65\">24 cm<\/td>\n<td width=\"82\">51 cm<\/td>\n<td width=\"57\">06\u00a0Unid<\/td>\n<td width=\"109\">0,950 Kg<\/td>\n<\/tr>\n<\/tbody>\n<\/table>\n<table width=\"392\">\n<tbody>\n<tr>\n<td width=\"65\"><strong>DIMENS\u00d5ES<\/strong><\/td>\n<td width=\"65\">Di\u00e2metro<\/td>\n<td width=\"82\">Altura<\/td>\n<td width=\"57\">Emb.<\/td>\n<td width=\"109\">Peso<\/td>\n<\/tr>\n<tr>\n<td width=\"65\"><strong>COM TAMPA<\/strong><\/td>\n<td width=\"65\">24 cm<\/td>\n<td width=\"82\">61 cm<\/td>\n<td width=\"57\">06 Unid<\/td>\n<td width=\"109\">1,170 Kg<\/td>\n<\/tr>\n<\/tbody>\n<\/table>\n<\/div>\n<\/div>\n","protected":false},"excerpt":{"rendered":"<p>Os Cestos de 14 e 23 \u00a0Litros \u00a0s\u00e3o indicados para locais onde o recolhimento de [&hellip;]<\/p>\n","protected":false},"featured_media":2715,"comment_status":"closed","ping_status":"closed","template":"","meta":[],"product_brand":[],"product_cat":[248],"product_tag":[],"class_list":{"0":"post-2714","1":"product","2":"type-product","3":"status-publish","4":"has-post-thumbnail","6":"product_cat-cestos-e-cinzeiros","8":"first","9":"instock","10":"shipping-taxable","11":"product-type-simple"},"_links":{"self":[{"href":"https:\/\/www.kimarca.com.br\/site\/wp-json\/wp\/v2\/product\/2714","targetHints":{"allow":["GET"]}}],"collection":[{"href":"https:\/\/www.kimarca.com.br\/site\/wp-json\/wp\/v2\/product"}],"about":[{"href":"https:\/\/www.kimarca.com.br\/site\/wp-json\/wp\/v2\/types\/product"}],"replies":[{"embeddable":true,"href":"https:\/\/www.kimarca.com.br\/site\/wp-json\/wp\/v2\/comments?post=2714"}],"wp:featuredmedia":[{"embeddable":true,"href":"https:\/\/www.kimarca.com.br\/site\/wp-json\/wp\/v2\/media\/2715"}],"wp:attachment":[{"href":"https:\/\/www.kimarca.com.br\/site\/wp-json\/wp\/v2\/media?parent=2714"}],"wp:term":[{"taxonomy":"product_brand","embeddable":true,"href":"https:\/\/www.kimarca.com.br\/site\/wp-json\/wp\/v2\/product_brand?post=2714"},{"taxonomy":"product_cat","embeddable":true,"href":"https:\/\/www.kimarca.com.br\/site\/wp-json\/wp\/v2\/product_cat?post=2714"},{"taxonomy":"product_tag","embeddable":true,"href":"https:\/\/www.kimarca.com.br\/site\/wp-json\/wp\/v2\/product_tag?post=2714"}],"curies":[{"name":"wp","href":"https:\/\/api.w.org\/{rel}","templated":true}]}}