{"id":2712,"date":"2017-08-17T13:32:58","date_gmt":"2017-08-17T16:32:58","guid":{"rendered":"https:\/\/www.kimarca.com.br\/site\/?post_type=product&#038;p=2712"},"modified":"2024-11-03T23:40:55","modified_gmt":"2024-11-04T02:40:55","slug":"cestos-14-e-23-litros-coleta-seletiva","status":"publish","type":"product","link":"https:\/\/www.kimarca.com.br\/site\/produto\/cestos-14-e-23-litros-coleta-seletiva\/","title":{"rendered":"Cestos 14 e 23 Litros &#8211; Coleta Seletiva"},"content":{"rendered":"<p>Os Cestos Coleta Seletiva de 14 e 23 Litros s\u00e3o apresentados em 04 cores:\u00a0<strong>Azul, Vermelho, Verde e Amarelo.<\/strong><\/p>\n<p>Indicados para locais onde o consumo de materiais recicl\u00e1veis \u00e9 pequeno, tais como escrit\u00f3rios, corredores internos, salas de caf\u00e9, etc. eles s\u00e3o s\u00e3o f\u00e1ceis de transportar e de higienizar.<\/p>\n<p>Produzidos em Polipropileno s\u00e3o muito resistentes e suas superf\u00edcies lisas impedem a deposi\u00e7\u00e3o de sujeiras.\u00a0 Estes cestos\u00a0 para\u00a0Coleta Seletiva \u00a0podem ser identificados com adesivos que correspondem \u00e0 cada tipo de material a ser coletado.<\/p>\n<h4><strong>TAMPA PARA COLETORES\u00a0\u2013\u00a0ARO PARA COLETORES\u00a0<\/strong><\/h4>\n<h4><strong>e ARO MEIA LUA:<\/strong><\/h4>\n<p>Azul \u2013 Vermelho \u2013 \u00a0Verde \u00a0\u2013 Amarelo.<\/p>\n<p>As tampas representadas no quadro abaixo, podem ser utilizadas tanto nos cestos de 14\u00a0 quanto no de 23 litros, pois possuem o mesmo di\u00e2metro = 24.<\/p>\n<p>&nbsp;<\/p>\n<div class=\"vc_row wpb_row vc_inner vc_row-fluid\">\n<div class=\"wpb_column vc_column_container vc_col-sm-6\">\n<div class=\"vc_column-inner \">\n<div class=\"wpb_wrapper\">\n<h2 class=\"vc_custom_heading\">14 Litros S\/ Tampa<\/h2>\n<div class=\"wpb_text_column wpb_content_element \">\n<div class=\"wpb_wrapper\">\n<table width=\"323\">\n<tbody>\n<tr>\n<td>\n<h5>Cor<\/h5>\n<\/td>\n<td colspan=\"2\">\n<h5>C\u00f3digos<\/h5>\n<\/td>\n<\/tr>\n<tr>\n<td>\n<h5>.<\/h5>\n<\/td>\n<td>\n<h5>C\/ Adesivo<\/h5>\n<\/td>\n<td>\n<h5>S\/Adesivo<\/h5>\n<\/td>\n<\/tr>\n<tr>\n<td>Amarelo<\/td>\n<td>CD30AM<\/td>\n<td>CV30AM<\/td>\n<\/tr>\n<tr>\n<td>Azul<\/td>\n<td>CD30AZ<\/td>\n<td>CV30AZ<\/td>\n<\/tr>\n<tr>\n<td>Verde<\/td>\n<td>CD30VD<\/td>\n<td>CV30VD<\/td>\n<\/tr>\n<tr>\n<td>Vermelho<\/td>\n<td>CD30VM<\/td>\n<td>CV30VM<\/td>\n<\/tr>\n<\/tbody>\n<\/table>\n<table width=\"389\">\n<tbody>\n<tr>\n<td width=\"65\">Di\u00e2metro<\/td>\n<td width=\"82\">Altura<\/td>\n<td width=\"57\">Emb.<\/td>\n<td width=\"109\">Peso<\/td>\n<\/tr>\n<tr>\n<td width=\"65\">24 cm<\/td>\n<td width=\"82\">30 cm<\/td>\n<td width=\"57\">12 UN<\/td>\n<td width=\"109\">0,550 Kg<\/td>\n<\/tr>\n<\/tbody>\n<\/table>\n<\/div>\n<\/div>\n<\/div>\n<\/div>\n<\/div>\n<div class=\"wpb_column vc_column_container vc_col-sm-6\">\n<div class=\"vc_column-inner \">\n<div class=\"wpb_wrapper\">\n<h2 class=\"vc_custom_heading\">14 Litros C\/ Tampa<\/h2>\n<div class=\"wpb_text_column wpb_content_element \">\n<div class=\"wpb_wrapper\">\n<table width=\"323\">\n<tbody>\n<tr>\n<td>\n<h5>Cor<\/h5>\n<\/td>\n<td colspan=\"2\">\n<h5>C\u00f3digos<\/h5>\n<\/td>\n<\/tr>\n<tr>\n<td>\n<h5>.<\/h5>\n<\/td>\n<td>\n<h5>C\/ Adesivo<\/h5>\n<\/td>\n<td>\n<h5>S\/Adesivo<\/h5>\n<\/td>\n<\/tr>\n<tr>\n<td>Amarelo<\/td>\n<td>CE24AM<\/td>\n<td>CS24AM<\/td>\n<\/tr>\n<tr>\n<td>Azul<\/td>\n<td>CE24AZ<\/td>\n<td>CS24AZ<\/td>\n<\/tr>\n<tr>\n<td>Verde<\/td>\n<td>CE24VD<\/td>\n<td>CS24VD<\/td>\n<\/tr>\n<tr>\n<td>Vermelho<\/td>\n<td>CE24VM<\/td>\n<td>CS24VM<\/td>\n<\/tr>\n<\/tbody>\n<\/table>\n<table width=\"389\">\n<tbody>\n<tr>\n<td width=\"65\">Di\u00e2metro<\/td>\n<td width=\"82\">Altura<\/td>\n<td width=\"57\">Emb.<\/td>\n<td width=\"109\">Peso<\/td>\n<\/tr>\n<tr>\n<td width=\"65\">24 cm<\/td>\n<td width=\"82\">40 cm<\/td>\n<td width=\"57\">12 UN<\/td>\n<td width=\"109\">0,750 Kg<\/td>\n<\/tr>\n<\/tbody>\n<\/table>\n<\/div>\n<\/div>\n<\/div>\n<\/div>\n<\/div>\n<\/div>\n<div class=\"vc_empty_space\"><\/div>\n<div class=\"vc_separator wpb_content_element vc_separator_align_center vc_sep_width_100 vc_sep_dashed vc_sep_pos_align_center vc_separator_no_text vc_sep_color_grey\"><\/div>\n<div class=\"vc_row wpb_row vc_inner vc_row-fluid\">\n<div class=\"wpb_column vc_column_container vc_col-sm-6\">\n<div class=\"vc_column-inner \">\n<div class=\"wpb_wrapper\">\n<h2 class=\"vc_custom_heading\">23 Litros S\/ Tampa<\/h2>\n<div class=\"wpb_text_column wpb_content_element \">\n<div class=\"wpb_wrapper\">\n<table width=\"323\">\n<tbody>\n<tr>\n<td>\n<h5>Cor<\/h5>\n<\/td>\n<td colspan=\"2\">\n<h5>C\u00f3digos<\/h5>\n<\/td>\n<\/tr>\n<tr>\n<td>\n<h5>.<\/h5>\n<\/td>\n<td>\n<h5>C\/ Adesivo<\/h5>\n<\/td>\n<td>\n<h5>S\/Adesivo<\/h5>\n<\/td>\n<\/tr>\n<tr>\n<td>Amarelo<\/td>\n<td>MVCD51AM<\/td>\n<td>MVCV51AM<\/td>\n<\/tr>\n<tr>\n<td>Azul<\/td>\n<td>MVCD51AZ<\/td>\n<td>MVCV51AZ<\/td>\n<\/tr>\n<tr>\n<td>Verde<\/td>\n<td>MVCD51VD<\/td>\n<td>MVCV51VD<\/td>\n<\/tr>\n<tr>\n<td>Vermelho<\/td>\n<td>MVCD51VM<\/td>\n<td>MVCV51VM<\/td>\n<\/tr>\n<\/tbody>\n<\/table>\n<table width=\"389\">\n<tbody>\n<tr>\n<td width=\"65\">Di\u00e2metro<\/td>\n<td width=\"82\">Altura<\/td>\n<td width=\"57\">Emb.<\/td>\n<td width=\"109\">Peso<\/td>\n<\/tr>\n<tr>\n<td width=\"65\">24 cm<\/td>\n<td width=\"82\">51 cm<\/td>\n<td width=\"57\">06 Unid<\/td>\n<td width=\"109\">0,950 Kg<\/td>\n<\/tr>\n<\/tbody>\n<\/table>\n<\/div>\n<\/div>\n<\/div>\n<\/div>\n<\/div>\n<div class=\"wpb_column vc_column_container vc_col-sm-6\">\n<div class=\"vc_column-inner \">\n<div class=\"wpb_wrapper\">\n<h2 class=\"vc_custom_heading\">23 Litros C\/ Tampa<\/h2>\n<div class=\"wpb_text_column wpb_content_element \">\n<div class=\"wpb_wrapper\">\n<table width=\"323\">\n<tbody>\n<tr>\n<td>\n<h5>Cor<\/h5>\n<\/td>\n<td colspan=\"2\">\n<h5>C\u00f3digos<\/h5>\n<\/td>\n<\/tr>\n<tr>\n<td>\n<h5>.<\/h5>\n<\/td>\n<td>\n<h5>C\/ Adesivo<\/h5>\n<\/td>\n<td>\n<h5>S\/Adesivo<\/h5>\n<\/td>\n<\/tr>\n<tr>\n<td>Amarelo<\/td>\n<td>MVCE51AM<\/td>\n<td>MVCS51AM<\/td>\n<\/tr>\n<tr>\n<td>Azul<\/td>\n<td>MVCE51AZ<\/td>\n<td>MVCS51AZ<\/td>\n<\/tr>\n<tr>\n<td>Verde<\/td>\n<td>MVCE51VD<\/td>\n<td>MVCS51VD<\/td>\n<\/tr>\n<tr>\n<td>Vermelho<\/td>\n<td>MVCE51VM<\/td>\n<td>MVCS51VM<\/td>\n<\/tr>\n<\/tbody>\n<\/table>\n<table width=\"389\">\n<tbody>\n<tr>\n<td width=\"65\">Di\u00e2metro<\/td>\n<td width=\"82\">Altura<\/td>\n<td width=\"57\">Emb.<\/td>\n<td width=\"109\">Peso<\/td>\n<\/tr>\n<tr>\n<td width=\"65\">24 cm<\/td>\n<td width=\"82\">61 cm<\/td>\n<td width=\"57\">06 Unid<\/td>\n<td width=\"109\">1,170 kg<\/td>\n<\/tr>\n<\/tbody>\n<\/table>\n<\/div>\n<\/div>\n<\/div>\n<\/div>\n<\/div>\n<\/div>\n","protected":false},"excerpt":{"rendered":"<p>Os Cestos Coleta Seletiva de 14 e 23 Litros s\u00e3o apresentados em 04 cores:\u00a0Azul, Vermelho, [&hellip;]<\/p>\n","protected":false},"featured_media":2713,"comment_status":"closed","ping_status":"closed","template":"","meta":[],"product_brand":[],"product_cat":[248],"product_tag":[],"class_list":{"0":"post-2712","1":"product","2":"type-product","3":"status-publish","4":"has-post-thumbnail","6":"product_cat-cestos-e-cinzeiros","8":"first","9":"instock","10":"shipping-taxable","11":"product-type-simple"},"_links":{"self":[{"href":"https:\/\/www.kimarca.com.br\/site\/wp-json\/wp\/v2\/product\/2712","targetHints":{"allow":["GET"]}}],"collection":[{"href":"https:\/\/www.kimarca.com.br\/site\/wp-json\/wp\/v2\/product"}],"about":[{"href":"https:\/\/www.kimarca.com.br\/site\/wp-json\/wp\/v2\/types\/product"}],"replies":[{"embeddable":true,"href":"https:\/\/www.kimarca.com.br\/site\/wp-json\/wp\/v2\/comments?post=2712"}],"wp:featuredmedia":[{"embeddable":true,"href":"https:\/\/www.kimarca.com.br\/site\/wp-json\/wp\/v2\/media\/2713"}],"wp:attachment":[{"href":"https:\/\/www.kimarca.com.br\/site\/wp-json\/wp\/v2\/media?parent=2712"}],"wp:term":[{"taxonomy":"product_brand","embeddable":true,"href":"https:\/\/www.kimarca.com.br\/site\/wp-json\/wp\/v2\/product_brand?post=2712"},{"taxonomy":"product_cat","embeddable":true,"href":"https:\/\/www.kimarca.com.br\/site\/wp-json\/wp\/v2\/product_cat?post=2712"},{"taxonomy":"product_tag","embeddable":true,"href":"https:\/\/www.kimarca.com.br\/site\/wp-json\/wp\/v2\/product_tag?post=2712"}],"curies":[{"name":"wp","href":"https:\/\/api.w.org\/{rel}","templated":true}]}}