{"id":50,"date":"2012-04-25T23:08:30","date_gmt":"2012-04-25T23:08:30","guid":{"rendered":"https:\/\/www.kimarca.com.br\/site\/?page_id=50"},"modified":"2019-07-12T10:09:29","modified_gmt":"2019-07-12T13:09:29","slug":"a-kimarca","status":"publish","type":"page","link":"https:\/\/www.kimarca.com.br\/site\/a-kimarca\/","title":{"rendered":"A Empresa"},"content":{"rendered":"<h2>Distribuidora Ki-Marca<\/h2>\n<p><a href=\"https:\/\/www.kimarca.com.br\/site\/wp-content\/uploads\/2019\/07\/WhatsApp-Image-2019-07-12-at-09.46.43.jpeg\"><img decoding=\"async\" class=\"wp-image-4056 alignright\" src=\"https:\/\/www.kimarca.com.br\/site\/wp-content\/uploads\/2019\/07\/WhatsApp-Image-2019-07-12-at-09.46.43.jpeg\" alt=\"\" width=\"364\" height=\"205\"  loading=\"lazy\" srcset=\"https:\/\/www.kimarca.com.br\/site\/wp-content\/uploads\/2019\/07\/WhatsApp-Image-2019-07-12-at-09.46.43.jpeg 720w, https:\/\/www.kimarca.com.br\/site\/wp-content\/uploads\/2019\/07\/WhatsApp-Image-2019-07-12-at-09.46.43-300x169.jpeg 300w, https:\/\/www.kimarca.com.br\/site\/wp-content\/uploads\/2019\/07\/WhatsApp-Image-2019-07-12-at-09.46.43-600x338.jpeg 600w\" sizes=\"auto, (max-width: 364px) 100vw, 364px\" \/><\/a>A Distribuidora Kimarca localizada em Passo Fundo \u2013 RS \u00e9 especializada no ramo do com\u00e9rcio atacadista de produtos de higiene, limpeza, conserva\u00e7\u00e3o domiciliar e equipamentos de seguran\u00e7a .<\/p>\n<p>A Kimarca atende os mais diversos clientes desde 2003 com satisfa\u00e7\u00e3o onde os mesmos se sentem satisfeitos com o servi\u00e7os prestados por nossa empresa.<\/p>\n<p>Possu\u00edmos equipe de vendas em todo norte do Rio Grande do Sul com representantes t\u00e9cnicos altamente treinados para atender empresas de todos os tamanhos sejam elas de pequeno a grande porte.<\/p>\n<p><strong>VALORES<\/strong><\/p>\n<p><span style=\"color: #000000;\"><strong>K <\/strong>now-how<\/span><\/p>\n<p><span style=\"color: #000000;\"><strong>I <\/strong>ntegridade<\/span><\/p>\n<p><span style=\"color: #000000;\"><strong>M <\/strong>elhoria constante<\/span><\/p>\n<p><span style=\"color: #000000;\"><strong>A <\/strong>tendimento as legisla\u00e7\u00f5es e normas<\/span><\/p>\n<p><span style=\"color: #000000;\"><strong>R <\/strong>espeito aos clientes<\/span><\/p>\n<p><span style=\"color: #000000;\"><strong>C <\/strong>omprometimento<\/span><\/p>\n<p><span style=\"color: #000000;\"><strong>A <\/strong>ssertividade<\/span><\/p>\n<p><strong>NOSSA MISS\u00c3O<\/strong><\/p>\n<p>Atender e satisfazer nossos clientes com atendimento exclusivo e diferenciado buscando a real necessidade do cliente com economia e qualidade.<\/p>\n<p><strong>NOSSA VIS\u00c3O<\/strong><\/p>\n<p>Ser a marca mais lembrada de produtos de higieniza\u00e7\u00e3o profissional e Epi&#8217;s do norte do Rio Grande do Sul<\/p>\n","protected":false},"excerpt":{"rendered":"<p>Distribuidora Ki-Marca A Distribuidora Kimarca localizada em Passo Fundo \u2013 RS \u00e9 especializada no ramo [&hellip;]<\/p>\n","protected":false},"author":1,"featured_media":0,"parent":0,"menu_order":0,"comment_status":"closed","ping_status":"closed","template":"","meta":{"footnotes":""},"class_list":["post-50","page","type-page","status-publish","hentry"],"_links":{"self":[{"href":"https:\/\/www.kimarca.com.br\/site\/wp-json\/wp\/v2\/pages\/50","targetHints":{"allow":["GET"]}}],"collection":[{"href":"https:\/\/www.kimarca.com.br\/site\/wp-json\/wp\/v2\/pages"}],"about":[{"href":"https:\/\/www.kimarca.com.br\/site\/wp-json\/wp\/v2\/types\/page"}],"author":[{"embeddable":true,"href":"https:\/\/www.kimarca.com.br\/site\/wp-json\/wp\/v2\/users\/1"}],"replies":[{"embeddable":true,"href":"https:\/\/www.kimarca.com.br\/site\/wp-json\/wp\/v2\/comments?post=50"}],"version-history":[{"count":6,"href":"https:\/\/www.kimarca.com.br\/site\/wp-json\/wp\/v2\/pages\/50\/revisions"}],"predecessor-version":[{"id":4058,"href":"https:\/\/www.kimarca.com.br\/site\/wp-json\/wp\/v2\/pages\/50\/revisions\/4058"}],"wp:attachment":[{"href":"https:\/\/www.kimarca.com.br\/site\/wp-json\/wp\/v2\/media?parent=50"}],"curies":[{"name":"wp","href":"https:\/\/api.w.org\/{rel}","templated":true}]}}