{"id":48,"date":"2012-04-25T23:08:18","date_gmt":"2012-04-25T23:08:18","guid":{"rendered":"https:\/\/www.kimarca.com.br\/site\/?page_id=48"},"modified":"2019-07-10T22:52:28","modified_gmt":"2019-07-11T01:52:28","slug":"inicio","status":"publish","type":"page","link":"https:\/\/www.kimarca.com.br\/site\/","title":{"rendered":"In\u00edcio"},"content":{"rendered":"<p>[slider_pro id=&#8221;1&#8243;]<\/p>\n<h2>Seja bem vindo(a) ao site da Distribuidora Ki-marca<\/h2>\n<p>A Distribuidora Kimarca localizada em Passo Fundo \u2013 RS \u00e9 especializada no ramo de com\u00e9rcio atacadista de produtos de higiene, limpeza, conserva\u00e7\u00e3o domiciliar e equipamentos de seguran\u00e7a. A Kimarca atende os mais diversos clientes a mais de 10 anos com satisfa\u00e7\u00e3o onde os mesmos se sentem satisfeitos com o servi\u00e7os prestados por nossa empresa.<\/p>\n<p><a title=\"A Empresa\" href=\"https:\/\/www.kimarca.com.br\/site\/a-empresa\/\">Clique aqui e leia mais&#8230;<\/a><\/p>\n","protected":false},"excerpt":{"rendered":"<p>[slider_pro id=&#8221;1&#8243;] Seja bem vindo(a) ao site da Distribuidora Ki-marca A Distribuidora Kimarca localizada em [&hellip;]<\/p>\n","protected":false},"author":1,"featured_media":0,"parent":0,"menu_order":0,"comment_status":"closed","ping_status":"closed","template":"template-inicio.php","meta":{"footnotes":""},"class_list":["post-48","page","type-page","status-publish","hentry"],"_links":{"self":[{"href":"https:\/\/www.kimarca.com.br\/site\/wp-json\/wp\/v2\/pages\/48","targetHints":{"allow":["GET"]}}],"collection":[{"href":"https:\/\/www.kimarca.com.br\/site\/wp-json\/wp\/v2\/pages"}],"about":[{"href":"https:\/\/www.kimarca.com.br\/site\/wp-json\/wp\/v2\/types\/page"}],"author":[{"embeddable":true,"href":"https:\/\/www.kimarca.com.br\/site\/wp-json\/wp\/v2\/users\/1"}],"replies":[{"embeddable":true,"href":"https:\/\/www.kimarca.com.br\/site\/wp-json\/wp\/v2\/comments?post=48"}],"version-history":[{"count":1,"href":"https:\/\/www.kimarca.com.br\/site\/wp-json\/wp\/v2\/pages\/48\/revisions"}],"predecessor-version":[{"id":4044,"href":"https:\/\/www.kimarca.com.br\/site\/wp-json\/wp\/v2\/pages\/48\/revisions\/4044"}],"wp:attachment":[{"href":"https:\/\/www.kimarca.com.br\/site\/wp-json\/wp\/v2\/media?parent=48"}],"curies":[{"name":"wp","href":"https:\/\/api.w.org\/{rel}","templated":true}]}}